{"id":420150,"date":"2023-06-15T18:58:59","date_gmt":"2023-06-15T16:58:59","guid":{"rendered":"https:\/\/lucacastelli.com\/prodotto\/25-cm-lang-magnetisch-wasserwaage-torpedo-360\/"},"modified":"2026-04-17T23:58:00","modified_gmt":"2026-04-17T21:58:00","slug":"25-cm-lang-magnetisch-wasserwaage-torpedo-360","status":"publish","type":"product","link":"https:\/\/lucacastelli.com\/de\/produkt\/25-cm-lang-magnetisch-wasserwaage-torpedo-360\/","title":{"rendered":"25 cm lange magnetische Wasserwaage Torpedo 360\u00b0"},"content":{"rendered":"<p>Torpedo-Wasserwaage 360\u00b0 &#8211; magnetisch, 25 cm lang<br \/>\nMilwaukee#4932459096 \/ EAN 4002395282494<br \/>\nDie SHARPSITE\u2122-Libellentechnologie erleichtert das Ablesen.<br \/>\nUm 360\u00b0 verstellbare Winkellibelle zum Messen und \u00dcbertragen von Winkeln. Arretierbare Wasserwaage f\u00fcr hohe Pr\u00e4zision, auch wenn die Wasserwaage zwischendurch in der Tasche verstaut wird.<br \/>\nDas Magnetfeld der Seltenerd-Magnete wird durch eine Eisenplatte umgelenkt f\u00fcr optimale Haltekraft.<br \/>\nVerst\u00e4rkte Libellen in robustem Acrylblock eingeschlossen f\u00fcr lange Lebensdauer.<br \/>\nRobustes Aluminium-Druckgussprofil.<br \/>\nPr\u00e4zisionsgefr\u00e4ste Messfl\u00e4chen mit V-Nut f\u00fcr einfaches Ansetzen an runden Materialien.<br \/>\nSchlaufen-Bohrung f\u00fcr sicheren Transport.<br \/>\nMessgenauigkeit von 0,029\u00b0 (0,5 mm\/m). <\/p>\n","protected":false},"excerpt":{"rendered":"<p>Torpedo-Wasserwaage 360\u00b0 &#8211; magnetisch, 25 cm lang Milwaukee#4932459096 \/ EAN 4002395282494 Die SHARPSITE\u2122-Libellentechnologie erleichtert das Ablesen. Um 360\u00b0 verstellbare Winkellibelle<\/p>\n","protected":false},"featured_media":56436,"template":"","meta":{"_seopress_robots_primary_cat":"none","_seopress_titles_title":"","_seopress_titles_desc":"","_seopress_robots_index":""},"product_brand":[3656],"product_cat":[1454,169,1470],"product_tag":[],"class_list":{"0":"post-420150","1":"product","2":"type-product","3":"status-publish","4":"has-post-thumbnail","6":"product_brand-milwaukee-de","7":"product_cat-andere-gerate","8":"product_cat-maschinen","9":"product_cat-messgerate","10":"sws-gruppo-macchinari-de","11":"sws-conto-ricavi-merci-rivendita-macchinari-de","12":"sws-gruppo-iva-iva81-de","14":"first","15":"instock","16":"sale","17":"shipping-taxable","18":"purchasable","19":"product-type-simple"},"_links":{"self":[{"href":"https:\/\/lucacastelli.com\/de\/wp-json\/wp\/v2\/product\/420150","targetHints":{"allow":["GET"]}}],"collection":[{"href":"https:\/\/lucacastelli.com\/de\/wp-json\/wp\/v2\/product"}],"about":[{"href":"https:\/\/lucacastelli.com\/de\/wp-json\/wp\/v2\/types\/product"}],"wp:featuredmedia":[{"embeddable":true,"href":"https:\/\/lucacastelli.com\/de\/wp-json\/wp\/v2\/media\/56436"}],"wp:attachment":[{"href":"https:\/\/lucacastelli.com\/de\/wp-json\/wp\/v2\/media?parent=420150"}],"wp:term":[{"taxonomy":"product_brand","embeddable":true,"href":"https:\/\/lucacastelli.com\/de\/wp-json\/wp\/v2\/product_brand?post=420150"},{"taxonomy":"product_cat","embeddable":true,"href":"https:\/\/lucacastelli.com\/de\/wp-json\/wp\/v2\/product_cat?post=420150"},{"taxonomy":"product_tag","embeddable":true,"href":"https:\/\/lucacastelli.com\/de\/wp-json\/wp\/v2\/product_tag?post=420150"}],"curies":[{"name":"wp","href":"https:\/\/api.w.org\/{rel}","templated":true}]}}