{"id":420145,"date":"2023-06-15T19:10:29","date_gmt":"2023-06-15T17:10:29","guid":{"rendered":"https:\/\/lucacastelli.com\/prodotto\/nicht-magnetisch-25-mm-breites-band-pro-compact-bandmass-5-m\/"},"modified":"2025-10-01T12:03:57","modified_gmt":"2025-10-01T10:03:57","slug":"nicht-magnetisch-25-mm-breites-band-pro-compact-bandmass-5-m","status":"publish","type":"product","link":"https:\/\/lucacastelli.com\/de\/produkt\/nicht-magnetisch-25-mm-breites-band-pro-compact-bandmass-5-m\/","title":{"rendered":"nicht-magnetisch, 25 mm breites Band Pro-Compact Bandma\u00df 5 m"},"content":{"rendered":"<p>Unmagnetisches Pro-Compact Ma\u00dfband, 25 mm breites Band, verschiedene Gr\u00f6\u00dfen.<br \/>\nMilwaukee # 4932459593.0<br \/>\nSehr ergonomisch und kompakt.<br \/>\nLange Standzeiten.<br \/>\n5-Punkt-Kofferverriegelung.<br \/>\nDie sch\u00fctzende Nylonbeschichtung sch\u00fctzt das Band vor Abnutzung.<br \/>\nOptimierte Bandverl\u00e4ngerung und Flexibilit\u00e4t.<br \/>\n\u00dcbersteht St\u00fcrze aus 3 m H\u00f6he.<br \/>\nNicht magnetisch.<br \/>\nKlares Etikett f\u00fcr einfaches Ablesen.<br \/>\nKompakter Endhaken.<br \/>\nAbgeflachte R\u00fcckseite f\u00fcr einfache vertikale Messung.<br \/>\nG\u00fcrtelclip zur einfachen Befestigung.<br \/>\nGenauigkeitsklasse II.<br \/>\nL\u00e4nge (m): 5<\/p>\n","protected":false},"excerpt":{"rendered":"<p>Unmagnetisches Pro-Compact Ma\u00dfband, 25 mm breites Band, verschiedene Gr\u00f6\u00dfen. Milwaukee # 4932459593.0 Sehr ergonomisch und kompakt. Lange Standzeiten. 5-Punkt-Kofferverriegelung. Die<\/p>\n","protected":false},"featured_media":56441,"template":"","meta":{"_seopress_robots_primary_cat":"","_seopress_titles_title":"","_seopress_titles_desc":"","_seopress_robots_index":""},"product_brand":[3407],"product_cat":[29,514,551],"product_tag":[],"class_list":{"0":"post-420145","1":"product","2":"type-product","3":"status-publish","4":"has-post-thumbnail","6":"product_brand-milwaukee","7":"product_cat-macchinari","8":"product_cat-altri-dispositivi","9":"product_cat-apparecchi-di-misurazione","10":"sws-gruppo-macchinari","11":"sws-conto-ricavi-merci-rivendita-macchinari","12":"sws-gruppo-iva-iva81","14":"first","15":"instock","16":"shipping-taxable","17":"purchasable","18":"product-type-simple"},"_links":{"self":[{"href":"https:\/\/lucacastelli.com\/de\/wp-json\/wp\/v2\/product\/420145","targetHints":{"allow":["GET"]}}],"collection":[{"href":"https:\/\/lucacastelli.com\/de\/wp-json\/wp\/v2\/product"}],"about":[{"href":"https:\/\/lucacastelli.com\/de\/wp-json\/wp\/v2\/types\/product"}],"wp:featuredmedia":[{"embeddable":true,"href":"https:\/\/lucacastelli.com\/de\/wp-json\/wp\/v2\/media\/56441"}],"wp:attachment":[{"href":"https:\/\/lucacastelli.com\/de\/wp-json\/wp\/v2\/media?parent=420145"}],"wp:term":[{"taxonomy":"product_brand","embeddable":true,"href":"https:\/\/lucacastelli.com\/de\/wp-json\/wp\/v2\/product_brand?post=420145"},{"taxonomy":"product_cat","embeddable":true,"href":"https:\/\/lucacastelli.com\/de\/wp-json\/wp\/v2\/product_cat?post=420145"},{"taxonomy":"product_tag","embeddable":true,"href":"https:\/\/lucacastelli.com\/de\/wp-json\/wp\/v2\/product_tag?post=420145"}],"curies":[{"name":"wp","href":"https:\/\/api.w.org\/{rel}","templated":true}]}}