{"id":420134,"date":"2025-04-08T17:06:00","date_gmt":"2025-04-08T15:06:00","guid":{"rendered":"https:\/\/lucacastelli.com\/prodotto\/crazy-pull-faelle\/"},"modified":"2026-03-01T00:25:31","modified_gmt":"2026-02-28T23:25:31","slug":"crazy-pull-faelle","status":"publish","type":"product","link":"https:\/\/lucacastelli.com\/de\/produkt\/crazy-pull-faelle\/","title":{"rendered":"CRAZY PULL-F\u00c4LLE"},"content":{"rendered":"<p>Die neueste Weiterentwicklung des originalen Skitourenanzugs.<br \/>\nDer Pull Falls ist das Oberteil des 2-teiligen Rennanzugs. Er besteht aus warmem und atmungsaktivem High Performance-Gewebe<br \/>\nund verf\u00fcgt \u00fcber \u00e4u\u00dferst originelle Drucke, die umfangreiche Handwerkskunst erfordern, um jedes einzelne Detail des Grafikdesigns perfekt aufeinander abzustimmen. <\/p>\n<p>&#8211; Verdeckter 3\/4-Rei\u00dfverschluss mit Rei\u00dfverschlussschutz auf der Vorderseite<br \/>\n&#8211; Brusttasche mit Rei\u00dfverschluss<br \/>\n&#8211; Eine Au\u00dfen- und eine Innentasche zum Verstauen von Fellen; kleine Tasche f\u00fcr ein Zwei-Wege-Radio mit<br \/>\n Rei\u00dfverschluss- Riemen zum Befestigen an der Hose mit Knopf<\/p>\n<p>GEWICHT: 238 gr<\/p>\n","protected":false},"excerpt":{"rendered":"<p>Die neueste Weiterentwicklung des originalen Skitourenanzugs. Der Pull Falls ist das Oberteil des 2-teiligen Rennanzugs. Er besteht aus warmem und<\/p>\n","protected":false},"featured_media":404838,"template":"","meta":{"_seopress_robots_primary_cat":"","_seopress_titles_title":"","_seopress_titles_desc":"","_seopress_robots_index":""},"product_brand":[3413],"product_cat":[21,189,200],"product_tag":[],"class_list":{"0":"post-420134","1":"product","2":"type-product","3":"status-publish","4":"has-post-thumbnail","6":"product_brand-crazy","7":"product_cat-abbigliamento","8":"product_cat-abbigliamento-per-il-tempo-libero","9":"product_cat-abbigliamento-da-donna","10":"sws-gruppo-abb-libero-de","11":"sws-conto-ricavi-merci-rivendita-abbigliamento-de","12":"sws-gruppo-iva-iva81-de","14":"first","15":"instock","16":"shipping-taxable","17":"purchasable","18":"product-type-variable"},"_links":{"self":[{"href":"https:\/\/lucacastelli.com\/de\/wp-json\/wp\/v2\/product\/420134","targetHints":{"allow":["GET"]}}],"collection":[{"href":"https:\/\/lucacastelli.com\/de\/wp-json\/wp\/v2\/product"}],"about":[{"href":"https:\/\/lucacastelli.com\/de\/wp-json\/wp\/v2\/types\/product"}],"wp:featuredmedia":[{"embeddable":true,"href":"https:\/\/lucacastelli.com\/de\/wp-json\/wp\/v2\/media\/404838"}],"wp:attachment":[{"href":"https:\/\/lucacastelli.com\/de\/wp-json\/wp\/v2\/media?parent=420134"}],"wp:term":[{"taxonomy":"product_brand","embeddable":true,"href":"https:\/\/lucacastelli.com\/de\/wp-json\/wp\/v2\/product_brand?post=420134"},{"taxonomy":"product_cat","embeddable":true,"href":"https:\/\/lucacastelli.com\/de\/wp-json\/wp\/v2\/product_cat?post=420134"},{"taxonomy":"product_tag","embeddable":true,"href":"https:\/\/lucacastelli.com\/de\/wp-json\/wp\/v2\/product_tag?post=420134"}],"curies":[{"name":"wp","href":"https:\/\/api.w.org\/{rel}","templated":true}]}}