{"id":420108,"date":"2022-07-07T12:28:12","date_gmt":"2022-07-07T10:28:12","guid":{"rendered":"https:\/\/lucacastelli.com\/prodotto\/aktenvernichter-messer-320-3\/"},"modified":"2026-02-23T14:18:48","modified_gmt":"2026-02-23T13:18:48","slug":"aktenvernichter-messer-320-3","status":"publish","type":"product","link":"https:\/\/lucacastelli.com\/de\/produkt\/aktenvernichter-messer-320-3\/","title":{"rendered":"Aktenvernichter-Messer 320-3"},"content":{"rendered":"<p>WERKZEUGE F\u00dcR DIE ZERSPANUNG VON METALLEN<\/p>\n<p>H\u00e4ckslermesser aus Stahl zum Ausd\u00fcnnen und Entfernen von hartn\u00e4ckigem Gestr\u00fcpp und Brombeeren.<\/p>\n<p>H\u00c4CKSLER-MESSER 320-3<\/p>\n<p>VERWENDBAR DURCH:<\/p>\n<p>FR 131 T &#8211; FR 350 &#8211; FR 410 C-E \/ FR 460 TC-E \/ FR 460 TC-EM &#8211; FR 450 &#8211; FR 480<\/p>\n<p>L\u00e4nge: 320 mm<br \/>\nMittelloch: 25,4 mm<br \/>\nDicke: 3 mm<\/p>\n","protected":false},"excerpt":{"rendered":"<p>WERKZEUGE F\u00dcR DIE ZERSPANUNG VON METALLEN H\u00e4ckslermesser aus Stahl zum Ausd\u00fcnnen und Entfernen von hartn\u00e4ckigem Gestr\u00fcpp und Brombeeren. H\u00c4CKSLER-MESSER 320-3<\/p>\n","protected":false},"featured_media":53301,"template":"","meta":{"_seopress_robots_primary_cat":"none","_seopress_titles_title":"","_seopress_titles_desc":"","_seopress_robots_index":""},"product_brand":[3651],"product_cat":[169,1581,1582],"product_tag":[],"class_list":{"0":"post-420108","1":"product","2":"type-product","3":"status-publish","4":"has-post-thumbnail","6":"product_brand-luca-castelli-legnami-de","7":"product_cat-maschinen","8":"product_cat-freischneider-und-trimmer","9":"product_cat-zubehor-und-verbrauchsmaterial-de-3","10":"sws-gruppo-macchinari-de","11":"sws-conto-ricavi-merci-rivendita-macchinari-de","12":"sws-gruppo-iva-iva81-de","14":"first","15":"instock","16":"shipping-taxable","17":"purchasable","18":"product-type-simple"},"_links":{"self":[{"href":"https:\/\/lucacastelli.com\/de\/wp-json\/wp\/v2\/product\/420108","targetHints":{"allow":["GET"]}}],"collection":[{"href":"https:\/\/lucacastelli.com\/de\/wp-json\/wp\/v2\/product"}],"about":[{"href":"https:\/\/lucacastelli.com\/de\/wp-json\/wp\/v2\/types\/product"}],"wp:featuredmedia":[{"embeddable":true,"href":"https:\/\/lucacastelli.com\/de\/wp-json\/wp\/v2\/media\/53301"}],"wp:attachment":[{"href":"https:\/\/lucacastelli.com\/de\/wp-json\/wp\/v2\/media?parent=420108"}],"wp:term":[{"taxonomy":"product_brand","embeddable":true,"href":"https:\/\/lucacastelli.com\/de\/wp-json\/wp\/v2\/product_brand?post=420108"},{"taxonomy":"product_cat","embeddable":true,"href":"https:\/\/lucacastelli.com\/de\/wp-json\/wp\/v2\/product_cat?post=420108"},{"taxonomy":"product_tag","embeddable":true,"href":"https:\/\/lucacastelli.com\/de\/wp-json\/wp\/v2\/product_tag?post=420108"}],"curies":[{"name":"wp","href":"https:\/\/api.w.org\/{rel}","templated":true}]}}