{"id":420041,"date":"2023-06-15T17:50:26","date_gmt":"2023-06-15T15:50:26","guid":{"rendered":"https:\/\/lucacastelli.com\/prodotto\/fuel-akku-schlagschrauber-1-2-vierkant-sprengring-m18fmtiw2f12-502x\/"},"modified":"2025-06-29T08:15:00","modified_gmt":"2025-06-29T06:15:00","slug":"fuel-akku-schlagschrauber-1-2-vierkant-sprengring-m18fmtiw2f12-502x","status":"publish","type":"product","link":"https:\/\/lucacastelli.com\/de\/produkt\/fuel-akku-schlagschrauber-1-2-vierkant-sprengring-m18fmtiw2f12-502x\/","title":{"rendered":"FUEL\u2122 Akku-Schlagschrauber 1\/2&#8243; Vierkant Sprengring M18FMTIW2F12-502X"},"content":{"rendered":"<p>FUEL\u2122 Akku-Schlagschrauber mit 1\/2&#8243; Vierkantantrieb mit Sicherungsring M18FMTIW2F12-502X &#8211; Milwaukee #4933478450 \/ EAN 4058546346416<br \/>\nM18 FUEL\u2122 Schlagschrauber mit 881 Nm L\u00f6semoment und 745 Nm Anzugsdrehmoment.<br \/>\nExtrem kompakte Bauform mit einer L\u00e4nge von nur 152 mm, ideal f\u00fcr Anwendungen in schwer zug\u00e4nglichen<br \/>\nBereichen DRIVE CONTROL\u2122 erm\u00f6glicht dem Anwender das Umschalten zwischen den Drehzahlen und die Einstellung des Drehmoments.<br \/>\nPr\u00e4zises Arbeiten, hilft, Sch\u00e4den an Schraube und Material zu vermeiden, f\u00fcr maximale Leistung und h\u00e4rteste Anwendungen und f\u00fcr intelligentes Arbeiten; Das Werkzeug schaltet sich automatisch ab, sobald die Verschraubung<br \/>\nhergestellt ist Die Abschaltautomatik wendet beim Schrauben von Hand ein Anzugsmoment von maximal 47 Nm an, um ein \u00dcberdrehen zu verhindern.<br \/>\nDrei LEDs sorgen f\u00fcr eine optimale Ausleuchtung des Arbeitsbereichs<br \/>\n1\/2 Zoll quadratischer Sicherungsring<br \/>\nG\u00fcrtelclip<br \/>\nDer b\u00fcrstenlose POWERSTATE-Motor\u2122 der neuesten Generation, die REDLINK Plus-Elektronik\u2122 und die REDLITHIUM-Akkus\u2122 bieten starke Leistung, lange Lebensdauer und lange Laufzeit in den anspruchsvollsten Anwendungen<br \/>\nSystem 100% kompatibel mit der MILWAUKEE-M18\u00ae Produktreihe<\/p>\n","protected":false},"excerpt":{"rendered":"<p>FUEL\u2122 Akku-Schlagschrauber mit 1\/2&#8243; Vierkantantrieb mit Sicherungsring M18FMTIW2F12-502X &#8211; Milwaukee #4933478450 \/ EAN 4058546346416 M18 FUEL\u2122 Schlagschrauber mit 881 Nm<\/p>\n","protected":false},"featured_media":56387,"template":"","meta":{"_seopress_robots_primary_cat":"","_seopress_titles_title":"","_seopress_titles_desc":"","_seopress_robots_index":""},"product_brand":[3407],"product_cat":[29,514,549],"product_tag":[],"class_list":{"0":"post-420041","1":"product","2":"type-product","3":"status-publish","4":"has-post-thumbnail","6":"product_brand-milwaukee","7":"product_cat-macchinari","8":"product_cat-altri-dispositivi","9":"product_cat-trapani-e-avvitatori","11":"first","12":"onbackorder","13":"shipping-taxable","14":"purchasable","15":"product-type-simple"},"_links":{"self":[{"href":"https:\/\/lucacastelli.com\/de\/wp-json\/wp\/v2\/product\/420041","targetHints":{"allow":["GET"]}}],"collection":[{"href":"https:\/\/lucacastelli.com\/de\/wp-json\/wp\/v2\/product"}],"about":[{"href":"https:\/\/lucacastelli.com\/de\/wp-json\/wp\/v2\/types\/product"}],"wp:featuredmedia":[{"embeddable":true,"href":"https:\/\/lucacastelli.com\/de\/wp-json\/wp\/v2\/media\/56387"}],"wp:attachment":[{"href":"https:\/\/lucacastelli.com\/de\/wp-json\/wp\/v2\/media?parent=420041"}],"wp:term":[{"taxonomy":"product_brand","embeddable":true,"href":"https:\/\/lucacastelli.com\/de\/wp-json\/wp\/v2\/product_brand?post=420041"},{"taxonomy":"product_cat","embeddable":true,"href":"https:\/\/lucacastelli.com\/de\/wp-json\/wp\/v2\/product_cat?post=420041"},{"taxonomy":"product_tag","embeddable":true,"href":"https:\/\/lucacastelli.com\/de\/wp-json\/wp\/v2\/product_tag?post=420041"}],"curies":[{"name":"wp","href":"https:\/\/api.w.org\/{rel}","templated":true}]}}