{"id":420033,"date":"2023-06-15T16:54:25","date_gmt":"2023-06-15T14:54:25","guid":{"rendered":"https:\/\/lucacastelli.com\/prodotto\/fuel-akku-schlagbohrschrauber-m18fpd3-502x\/"},"modified":"2025-06-29T08:14:48","modified_gmt":"2025-06-29T06:14:48","slug":"fuel-akku-schlagbohrschrauber-m18fpd3-502x","status":"publish","type":"product","link":"https:\/\/lucacastelli.com\/de\/produkt\/fuel-akku-schlagbohrschrauber-m18fpd3-502x\/","title":{"rendered":"FUEL\u2122 Akku-Schlagbohrschrauber M18FPD3-502X"},"content":{"rendered":"<p>FUEL\u2122 M18FPD3-502X \/ Milwaukee# 4933479860 Akku-Bohrhammer &#8211; EAN: 4058546376543<br \/>\nH\u00f6here Leistung unter Last &#8211; hohes Drehmoment von 158 Nm.<br \/>\nExtrem kompakte Bauweise mit einer L\u00e4nge von 175 mm f\u00fcr optimalen Zugang auf engstem Raum.<br \/>\nAUTOSTOP-Funktion\u2122, erh\u00f6hte Sicherheit<br \/>\n13 mm Metallfutter f\u00fcr schnellen Bitwechsel und Lagerung<br \/>\nErm\u00f6glicht schnelles Bohren unter Last<br \/>\nHellere<br \/>\nLED-Arbeitsplatzbeleuchtung Akkuladeanzeige zeigt die verbleibende Leistung<br \/>\nan Ganzmetall-G\u00fcrtelclip zum schnellen und einfachen<br \/>\nAufh\u00e4ngen des Werkzeugs Die \u00dcberwachung der einzelnen Akkuzellen optimiert die Betriebszeit des Werkzeugs und sorgt f\u00fcr eine lange Akkulaufzeit.<br \/>\nDie DNA unserer FUEL-Plattform\u2122 definiert das Gleichgewicht der Batterietechnologien neu. Der b\u00fcrstenlose MILWAUKEE\u00ae POWERSTATE-Motor\u2122, die REDLITHIUM-Batterie\u2122 und die elektronische REDLINK PLUS-Intelligenz\u2122 garantieren au\u00dfergew\u00f6hnliche Leistung, Autonomie und Langlebigkeit.<br \/>\nSystem 100% kompatibel mit der MILWAUKEE-M18\u00ae Produktreihe <\/p>\n","protected":false},"excerpt":{"rendered":"<p>FUEL\u2122 M18FPD3-502X \/ Milwaukee# 4933479860 Akku-Bohrhammer &#8211; EAN: 4058546376543 H\u00f6here Leistung unter Last &#8211; hohes Drehmoment von 158 Nm. Extrem<\/p>\n","protected":false},"featured_media":56368,"template":"","meta":{"_seopress_robots_primary_cat":"","_seopress_titles_title":"","_seopress_titles_desc":"","_seopress_robots_index":""},"product_brand":[3656],"product_cat":[1454,169],"product_tag":[],"class_list":{"0":"post-420033","1":"product","2":"type-product","3":"status-publish","4":"has-post-thumbnail","6":"product_brand-milwaukee-de","7":"product_cat-andere-gerate","8":"product_cat-maschinen","10":"first","11":"onbackorder","12":"shipping-taxable","13":"purchasable","14":"product-type-simple"},"_links":{"self":[{"href":"https:\/\/lucacastelli.com\/de\/wp-json\/wp\/v2\/product\/420033","targetHints":{"allow":["GET"]}}],"collection":[{"href":"https:\/\/lucacastelli.com\/de\/wp-json\/wp\/v2\/product"}],"about":[{"href":"https:\/\/lucacastelli.com\/de\/wp-json\/wp\/v2\/types\/product"}],"wp:featuredmedia":[{"embeddable":true,"href":"https:\/\/lucacastelli.com\/de\/wp-json\/wp\/v2\/media\/56368"}],"wp:attachment":[{"href":"https:\/\/lucacastelli.com\/de\/wp-json\/wp\/v2\/media?parent=420033"}],"wp:term":[{"taxonomy":"product_brand","embeddable":true,"href":"https:\/\/lucacastelli.com\/de\/wp-json\/wp\/v2\/product_brand?post=420033"},{"taxonomy":"product_cat","embeddable":true,"href":"https:\/\/lucacastelli.com\/de\/wp-json\/wp\/v2\/product_cat?post=420033"},{"taxonomy":"product_tag","embeddable":true,"href":"https:\/\/lucacastelli.com\/de\/wp-json\/wp\/v2\/product_tag?post=420033"}],"curies":[{"name":"wp","href":"https:\/\/api.w.org\/{rel}","templated":true}]}}