{"id":420024,"date":"2023-06-15T18:13:27","date_gmt":"2023-06-15T16:13:27","guid":{"rendered":"https:\/\/lucacastelli.com\/prodotto\/18v-anlasserset-m18nrg-502\/"},"modified":"2025-06-29T08:15:14","modified_gmt":"2025-06-29T06:15:14","slug":"18v-anlasserset-m18nrg-502","status":"publish","type":"product","link":"https:\/\/lucacastelli.com\/de\/produkt\/18v-anlasserset-m18nrg-502\/","title":{"rendered":"18V Anlasserset M18NRG-502"},"content":{"rendered":"<p>Technische Daten:<\/p>\n<p>Lithium-Ionen-Akku<br \/>\nAkkukapazit\u00e4t (Ah) 5,0<br \/>\nAnzahl der mitgelieferten Akkus 2<br \/>\nLieferumfang &#8211;<br \/>\n Ladeger\u00e4t (Ladezeit) 59 min<br \/>\nLadeger\u00e4t (Spezial) M12-18 FC<br \/>\nSpannung (V) 18<br \/>\nM18<br \/>\nSystem Lieferumfang:<\/p>\n<p>1 x Milwaukee M12-18 FC<br \/>\nLadeger\u00e4t 2 x Milwaukee M18 B5 18V \/ 5Ah Akkus<\/p>\n","protected":false},"excerpt":{"rendered":"<p>Technische Daten: Lithium-Ionen-Akku Akkukapazit\u00e4t (Ah) 5,0 Anzahl der mitgelieferten Akkus 2 Lieferumfang &#8211; Ladeger\u00e4t (Ladezeit) 59 min Ladeger\u00e4t (Spezial) M12-18<\/p>\n","protected":false},"featured_media":56406,"template":"","meta":{"_seopress_robots_primary_cat":"","_seopress_titles_title":"","_seopress_titles_desc":"","_seopress_robots_index":""},"product_brand":[3656],"product_cat":[169,1454,1553,1554],"product_tag":[],"class_list":{"0":"post-420024","1":"product","2":"type-product","3":"status-publish","4":"has-post-thumbnail","6":"product_brand-milwaukee-de","7":"product_cat-maschinen","8":"product_cat-andere-gerate","9":"product_cat-bohrer-und-schraubendreher","10":"product_cat-zubehor-fur-bohrmaschinen-und-schraubendreher","12":"first","13":"onbackorder","14":"shipping-taxable","15":"purchasable","16":"product-type-simple"},"_links":{"self":[{"href":"https:\/\/lucacastelli.com\/de\/wp-json\/wp\/v2\/product\/420024","targetHints":{"allow":["GET"]}}],"collection":[{"href":"https:\/\/lucacastelli.com\/de\/wp-json\/wp\/v2\/product"}],"about":[{"href":"https:\/\/lucacastelli.com\/de\/wp-json\/wp\/v2\/types\/product"}],"wp:featuredmedia":[{"embeddable":true,"href":"https:\/\/lucacastelli.com\/de\/wp-json\/wp\/v2\/media\/56406"}],"wp:attachment":[{"href":"https:\/\/lucacastelli.com\/de\/wp-json\/wp\/v2\/media?parent=420024"}],"wp:term":[{"taxonomy":"product_brand","embeddable":true,"href":"https:\/\/lucacastelli.com\/de\/wp-json\/wp\/v2\/product_brand?post=420024"},{"taxonomy":"product_cat","embeddable":true,"href":"https:\/\/lucacastelli.com\/de\/wp-json\/wp\/v2\/product_cat?post=420024"},{"taxonomy":"product_tag","embeddable":true,"href":"https:\/\/lucacastelli.com\/de\/wp-json\/wp\/v2\/product_tag?post=420024"}],"curies":[{"name":"wp","href":"https:\/\/api.w.org\/{rel}","templated":true}]}}