{"id":420021,"date":"2024-04-26T14:55:02","date_gmt":"2024-04-26T12:55:02","guid":{"rendered":"https:\/\/lucacastelli.com\/prodotto\/fuel-akku-rasenmaeher-m18f2lm53-122\/"},"modified":"2025-11-01T14:26:46","modified_gmt":"2025-11-01T13:26:46","slug":"fuel-akku-rasenmaeher-m18f2lm53-122","status":"publish","type":"product","link":"https:\/\/lucacastelli.com\/de\/produkt\/fuel-akku-rasenmaeher-m18f2lm53-122\/","title":{"rendered":"FUEL\u2122 Akku-Rasenm\u00e4her M18F2LM53-122"},"content":{"rendered":"<p>Milwaukee M18 F2LM53-122 Selbstfahrender Akku-Rasenm\u00e4her 53cm 18V 12 Ah Li-Ion 4933479585<br \/>\nProduktbeschreibung<br \/>\nDas 53 cm lange M\u00e4hdeck und das Stahlklingendesign in Kombination mit der M18 FUEL-Technologie\u2122 sorgen f\u00fcr eine erstklassige Schnittqualit\u00e4t.<br \/>\nSofortiges Anfahren im h\u00f6chsten Gras, au\u00dfergew\u00f6hnliche maximale Leistung und hervorragendes Anfahrdrehmoment f\u00fcr die anspruchsvollsten Anwendungen<br \/>\n3-in-1-Grasmanagementsystem: Mulchen, Sammeln und Heckauswurf<br \/>\nAutomatische Anpassung der S\u00e4geblattdrehzahl an die erforderliche Leistung f\u00fcr eine h\u00f6here Effizienz<br \/>\nEinstellbarer Eigenantrieb mit 5 Geschwindigkeitsstufen bietet eine Schnittgeschwindigkeit von bis zu 6,4 km\/h<br \/>\nAktive Geschwindigkeitsregelung f\u00fcr maximale<br \/>\nBenutzerkontrolle Angetrieben von 2 x 18-V-Akkus f\u00fcr au\u00dfergew\u00f6hnliche<br \/>\nKraft und Leistung M\u00e4hen Sie Fl\u00e4chen bis zu 2000 m\u00b2 mit einer einzigen Ladung dank zwei 12,0 Ah<br \/>\nM18\u2122 HIGH OUTPUT-Akkus\u2122 LED-Beleuchtung an der Front und an der Seite sorgt f\u00fcr eine Sichtbarkeit von 180\u00b0.<br \/>\nEinstellbare Schnitth\u00f6he in 7 Positionen von 2,5 bis 10 cm f\u00fcr eine Vielzahl von Grasarten<br \/>\nKlappbare Griffe und aufrechte Position f\u00fcr einfachen und kompakten Transport<br \/>\nInklusive Mulchstopfen, 70-Liter-Sack und hinterem Ablassstopfen<br \/>\nTechnische Daten<br \/>\nSpannung 2x18V<br \/>\nAnzahl der Batterien 2<br \/>\nStromst\u00e4rke 12,0 Ah<br \/>\nSchnittbreite 53 cm<br \/>\nSelbstfahrendes<br \/>\nGetriebe Mulchen Ja<br \/>\nVorderrad? 20,3 cm<br \/>\nHinterrad? 26,4 cm<br \/>\nGewicht inkl. Akku 38,5 kg<br \/>\nLieferumfang<br \/>\n: 2 M18 HB12 18V 12Ah Lithium-Ionen-Akkus<br \/>\nDual-Ladeger\u00e4t M12-18 DFC<br \/>\nIm Lieferumfang  <\/p>\n","protected":false},"excerpt":{"rendered":"<p>Milwaukee M18 F2LM53-122 Selbstfahrender Akku-Rasenm\u00e4her 53cm 18V 12 Ah Li-Ion 4933479585 Produktbeschreibung Das 53 cm lange M\u00e4hdeck und das Stahlklingendesign<\/p>\n","protected":false},"featured_media":57901,"template":"","meta":{"_seopress_robots_primary_cat":"","_seopress_titles_title":"","_seopress_titles_desc":"","_seopress_robots_index":""},"product_brand":[3407],"product_cat":[29,262,488],"product_tag":[],"class_list":{"0":"post-420021","1":"product","2":"type-product","3":"status-publish","4":"has-post-thumbnail","6":"product_brand-milwaukee","7":"product_cat-macchinari","8":"product_cat-tosaerba-e-robot","9":"product_cat-tosaerba-a-batteria","10":"sws-gruppo-macchinari","11":"sws-conto-ricavi-merci-rivendita-macchinari","12":"sws-gruppo-iva-iva81","14":"first","15":"instock","16":"shipping-taxable","17":"purchasable","18":"product-type-simple"},"_links":{"self":[{"href":"https:\/\/lucacastelli.com\/de\/wp-json\/wp\/v2\/product\/420021","targetHints":{"allow":["GET"]}}],"collection":[{"href":"https:\/\/lucacastelli.com\/de\/wp-json\/wp\/v2\/product"}],"about":[{"href":"https:\/\/lucacastelli.com\/de\/wp-json\/wp\/v2\/types\/product"}],"wp:featuredmedia":[{"embeddable":true,"href":"https:\/\/lucacastelli.com\/de\/wp-json\/wp\/v2\/media\/57901"}],"wp:attachment":[{"href":"https:\/\/lucacastelli.com\/de\/wp-json\/wp\/v2\/media?parent=420021"}],"wp:term":[{"taxonomy":"product_brand","embeddable":true,"href":"https:\/\/lucacastelli.com\/de\/wp-json\/wp\/v2\/product_brand?post=420021"},{"taxonomy":"product_cat","embeddable":true,"href":"https:\/\/lucacastelli.com\/de\/wp-json\/wp\/v2\/product_cat?post=420021"},{"taxonomy":"product_tag","embeddable":true,"href":"https:\/\/lucacastelli.com\/de\/wp-json\/wp\/v2\/product_tag?post=420021"}],"curies":[{"name":"wp","href":"https:\/\/api.w.org\/{rel}","templated":true}]}}