{"id":420015,"date":"2024-02-28T21:10:34","date_gmt":"2024-02-28T20:10:34","guid":{"rendered":"https:\/\/lucacastelli.com\/prodotto\/one-key-akku-blindnietgeraet-m18onefprt-0x\/"},"modified":"2025-06-29T08:09:22","modified_gmt":"2025-06-29T06:09:22","slug":"one-key-akku-blindnietgeraet-m18onefprt-0x","status":"publish","type":"product","link":"https:\/\/lucacastelli.com\/de\/produkt\/one-key-akku-blindnietgeraet-m18onefprt-0x\/","title":{"rendered":"ONE KEY \u2122 Akku-Blindnietger\u00e4t M18ONEFPRT-0X"},"content":{"rendered":"<p>Das Akku-Blindnieter\u2122 M18 FUEL\u2122 ONE-KEY ist eine optimierte akkubetriebene L\u00f6sung, mit der Sie schnell und einfach nieten und gleichzeitig Leistung und Haltbarkeit beibehalten k\u00f6nnen.<br \/>\nBis zu 900 Edelstahl-Blindniete (4,8 mm) oder bis zu 590 Edelstahl-Blindniete (6,4 mm) mit einer M18-Akkuladung\u2122 (2,0 Ah)<br \/>\nF\u00fcr Blindniete aus Aluminium, Stahl, Edelstahl und Kupfer zwischen 4,8 mm und 7,0 mm<br \/>\nDie Zugkraft von 20.000 N bei einem Werkzeughub von 30 mm erm\u00f6glicht es, gr\u00f6\u00dfere Durchmesser problemlos zu realisieren<br \/>\nDas 3-Nasen-Design aus hochwertigem legiertem Stahl erm\u00f6glicht es Ihnen, zwischen den Nasenwechseln produktiv zu arbeiten<br \/>\nWerkzeugloser Zugang f\u00fcr einfaches Entleeren des Beh\u00e4lters. M\u00f6glichkeit, mehrere Nasen auf dem Ger\u00e4t<br \/>\nzu verstauen Mit dem transparenten Beh\u00e4lter k\u00f6nnen Sie sehen, wann er voll ist. Dies verhindert Verstopfungen und reduziert Ausfallzeiten, um sie zu beseitigen. Gleichzeitig werden kostspielige Reparaturen vermieden.<br \/>\nONE-KEY\u2122 Tool-Tracking and Tool-Security bietet eine kostenlose cloudbasierte Tracking- und Bestandsverwaltungsplattform f\u00fcr Ihre Werkzeuge. ONE-KEY\u2122 bietet auch eine Fernverriegelung von Werkzeugen.<br \/>\nM18 FUEL\u2122 wurde f\u00fcr die anspruchsvollsten Benutzer entwickelt. Die Technologie bietet maximale Leistung und vereint drei zentrale Komponenten: den b\u00fcrstenlosen POWERSTATE-Motor\u2122, die REDLITHIUM-Batterie\u2122 und die REDLINK PLUS-Elektronik\u2122. Durch die Optimierung dieser drei MILWAUKEE-Technologien\u00ae erreichen wir maximale Leistung bei m\u00f6glichst langer Lebensdauer.<br \/>\n100% kompatibel mit der MILWAUKEE-M18\u00ae\u2122 Produktreihe.      <\/p>\n<p>Technische Daten:<\/p>\n<p>Abmessungen (mm): 317 x 63 x 273<br \/>\nAkku: Lithium-Ionen<br \/>\nGewicht mit Akku (kg): 2,5<br \/>\nHub (mm): 30<br \/>\nMaximaler Nietsatz mit einem M18 B2 Akku [mm]: 900 x 4,8 \/ 500 x 6,4<br \/>\nMaximale Verstellkraft (N): 20.000 Klemmkraft (N): 20.000<br \/>\nNietdurchmesser &#8211; bis (mm): 4,8 &#8211; 7,0<br \/>\nSpannung (V):  18<\/p>\n<p>Ausr\u00fcstung:<\/p>\n<p>Einzelwerkzeug-HD-Box<\/p>\n<p>ohne Akkus, ohne Ladeger\u00e4t<\/p>\n","protected":false},"excerpt":{"rendered":"<p>Das Akku-Blindnieter\u2122 M18 FUEL\u2122 ONE-KEY ist eine optimierte akkubetriebene L\u00f6sung, mit der Sie schnell und einfach nieten und gleichzeitig Leistung<\/p>\n","protected":false},"featured_media":57752,"template":"","meta":{"_seopress_robots_primary_cat":"","_seopress_titles_title":"","_seopress_titles_desc":"","_seopress_robots_index":""},"product_brand":[3407],"product_cat":[29,514,549],"product_tag":[],"class_list":{"0":"post-420015","1":"product","2":"type-product","3":"status-publish","4":"has-post-thumbnail","6":"product_brand-milwaukee","7":"product_cat-macchinari","8":"product_cat-altri-dispositivi","9":"product_cat-trapani-e-avvitatori","11":"first","12":"onbackorder","13":"shipping-taxable","14":"purchasable","15":"product-type-simple"},"_links":{"self":[{"href":"https:\/\/lucacastelli.com\/de\/wp-json\/wp\/v2\/product\/420015","targetHints":{"allow":["GET"]}}],"collection":[{"href":"https:\/\/lucacastelli.com\/de\/wp-json\/wp\/v2\/product"}],"about":[{"href":"https:\/\/lucacastelli.com\/de\/wp-json\/wp\/v2\/types\/product"}],"wp:featuredmedia":[{"embeddable":true,"href":"https:\/\/lucacastelli.com\/de\/wp-json\/wp\/v2\/media\/57752"}],"wp:attachment":[{"href":"https:\/\/lucacastelli.com\/de\/wp-json\/wp\/v2\/media?parent=420015"}],"wp:term":[{"taxonomy":"product_brand","embeddable":true,"href":"https:\/\/lucacastelli.com\/de\/wp-json\/wp\/v2\/product_brand?post=420015"},{"taxonomy":"product_cat","embeddable":true,"href":"https:\/\/lucacastelli.com\/de\/wp-json\/wp\/v2\/product_cat?post=420015"},{"taxonomy":"product_tag","embeddable":true,"href":"https:\/\/lucacastelli.com\/de\/wp-json\/wp\/v2\/product_tag?post=420015"}],"curies":[{"name":"wp","href":"https:\/\/api.w.org\/{rel}","templated":true}]}}