{"id":420014,"date":"2023-11-22T17:54:52","date_gmt":"2023-11-22T16:54:52","guid":{"rendered":"https:\/\/lucacastelli.com\/prodotto\/akku-leuchte-m18sal-0\/"},"modified":"2025-06-29T08:07:54","modified_gmt":"2025-06-29T06:07:54","slug":"akku-leuchte-m18sal-0","status":"publish","type":"product","link":"https:\/\/lucacastelli.com\/de\/produkt\/akku-leuchte-m18sal-0\/","title":{"rendered":"Akku-Leuchte M18SAL-0"},"content":{"rendered":"<p>3 Leuchtstufen &#8211; 12 LEDs<br \/>\nBeine aus verst\u00e4rktem, schlagfestem Nylon<br \/>\nTRUEVIEW Lichttechnik<br \/>\n12 LEDs erzeugen bei h\u00f6chster Einstellung bis zu 2000 Lumen, die gleiche Helligkeit wie eine 250-Watt-Halogenlampe<br \/>\nDer schlagfeste Strahlerkopf l\u00e4sst sich um 230\u00b0 drehen und um 240\u00b0 neigen<br \/>\nDer Scheinwerferkopf kann auf einem Stativ von 1,10 m auf 2,20 m ausgefahren werden<br \/>\nBis zu 10 Stunden Akkulaufzeit auf der niedrigsten Stufe, bis zu 6 Stunden Akkulaufzeit auf der mittleren Stufe und bis zu 4 Stunden Akkulaufzeit auf der h\u00f6chsten Stufe<br \/>\nAusziehbarer Mast von 1,10 m bis 2,20 m<br \/>\nEin spezieller Schutzrahmen sichert den Scheinwerferkopf und die Linse w\u00e4hrend des Transports<br \/>\nStaub- und spritzwassergesch\u00fctzt (Schutzklasse IP 54)<br \/>\nNiedriger Schwerpunkt f\u00fcr mehr Stabilit\u00e4t<br \/>\nFaltbares Design mit gleichm\u00e4\u00dfiger Gewichtsverteilung f\u00fcr einfachen Transport<br \/>\nSystem 100% kompatibel mit der Produktreihe MILWAUKEE-M18\u00ae\u2122.<\/p>\n<p>Spannung [V]: 18<br \/>\nAkku: Lithium-Ionen<br \/>\nLieferumfang: Karton<br \/>\nBezeichnung: Modellvariante: M18 SAL-0<br \/>\nGewicht mit Akku [kg]: 7,6 (M18 B5)<br \/>\nSystem: M18<br \/>\nTechnologie: TRUEVIEW\u2122<br \/>\nLadeger\u00e4t im Lieferumfang enthalten:Kein Ladeger\u00e4t im Lieferumfang<br \/>\nenthalten Akku:Kein Akku im Lieferumfang enthalten<\/p>\n","protected":false},"excerpt":{"rendered":"<p>3 Leuchtstufen &#8211; 12 LEDs Beine aus verst\u00e4rktem, schlagfestem Nylon TRUEVIEW Lichttechnik 12 LEDs erzeugen bei h\u00f6chster Einstellung bis zu<\/p>\n","protected":false},"featured_media":57610,"template":"","meta":{"_seopress_robots_primary_cat":"","_seopress_titles_title":"","_seopress_titles_desc":"","_seopress_robots_index":""},"product_brand":[3407],"product_cat":[29,514,562],"product_tag":[],"class_list":{"0":"post-420014","1":"product","2":"type-product","3":"status-publish","4":"has-post-thumbnail","6":"product_brand-milwaukee","7":"product_cat-macchinari","8":"product_cat-altri-dispositivi","9":"product_cat-fari","11":"first","12":"onbackorder","13":"shipping-taxable","14":"purchasable","15":"product-type-simple"},"_links":{"self":[{"href":"https:\/\/lucacastelli.com\/de\/wp-json\/wp\/v2\/product\/420014","targetHints":{"allow":["GET"]}}],"collection":[{"href":"https:\/\/lucacastelli.com\/de\/wp-json\/wp\/v2\/product"}],"about":[{"href":"https:\/\/lucacastelli.com\/de\/wp-json\/wp\/v2\/types\/product"}],"wp:featuredmedia":[{"embeddable":true,"href":"https:\/\/lucacastelli.com\/de\/wp-json\/wp\/v2\/media\/57610"}],"wp:attachment":[{"href":"https:\/\/lucacastelli.com\/de\/wp-json\/wp\/v2\/media?parent=420014"}],"wp:term":[{"taxonomy":"product_brand","embeddable":true,"href":"https:\/\/lucacastelli.com\/de\/wp-json\/wp\/v2\/product_brand?post=420014"},{"taxonomy":"product_cat","embeddable":true,"href":"https:\/\/lucacastelli.com\/de\/wp-json\/wp\/v2\/product_cat?post=420014"},{"taxonomy":"product_tag","embeddable":true,"href":"https:\/\/lucacastelli.com\/de\/wp-json\/wp\/v2\/product_tag?post=420014"}],"curies":[{"name":"wp","href":"https:\/\/api.w.org\/{rel}","templated":true}]}}