{"id":420006,"date":"2023-11-21T20:56:58","date_gmt":"2023-11-21T19:56:58","guid":{"rendered":"https:\/\/lucacastelli.com\/prodotto\/akku-kompressor-m18bi-0\/"},"modified":"2025-06-29T08:07:43","modified_gmt":"2025-06-29T06:07:43","slug":"akku-kompressor-m18bi-0","status":"publish","type":"product","link":"https:\/\/lucacastelli.com\/de\/produkt\/akku-kompressor-m18bi-0\/","title":{"rendered":"Akku-Kompressor M18BI-0"},"content":{"rendered":"<p>Kompakter und leichter batteriebetriebener Kompressor f\u00fcr schnelles Aufpumpen der Reifen von PKWs, leichten Nutzfahrzeugen und kleinen<br \/>\nMaschinen Maximale Kapazit\u00e4t von 10,3 bar<br \/>\nDie automatische Abschaltfunktion bl\u00e4st sich auf den vom Benutzer vorgew\u00e4hlten Druck auf und gew\u00e4hrleistet so ein hohes Ma\u00df an Genauigkeit.<br \/>\nKompakter und leichter batteriebetriebener Kompressor zum schnellen Aufpumpen von Reifen f\u00fcr PKW, LKW und Kleinwagen. F\u00fcllt 235\/65R16 Sprinter Reifen ein<br \/>\nSchwingungsd\u00e4mpfer mit Vollgummif\u00fc\u00dfen verhindert Bewegungen beim Aufpumpen von Reifen<br \/>\nAufpumpen Pumpen Sie bis zu 30 Reifen mit einer M18 5.0-Batterie<br \/>\nauf Maximale Kapazit\u00e4t von 10,3 bar<br \/>\nAutomatische Druckregelung zur Sicherstellung des Erreichens des<br \/>\nBarziels Automatische Abschaltfunktion: Das Ger\u00e4t schaltet sich automatisch ab, sobald der vordefinierte Druck erreicht ist.<br \/>\nLieferumfang: Kugelnadel, Presta-Ventiladapter, Aufblasd\u00fcse und Schrader-Ventiladapter<br \/>\n4 voreingestellte Stangenspeicher und 3 Messeinheiten<br \/>\nBeleuchtetes LCD-Display mit digitaler Druckanzeige und Batteriestatusanzeige<br \/>\nFlexibles Batteriesystem: kompatibel mit allen MILWAUKEE\u00ae M18-Batterien\u2122.<\/p>\n<p>Spannung [V]: 18<br \/>\nBatterie: Lithium-Ionen<br \/>\nLieferumfang: Karton<br \/>\nStandardausstattung | Lieferumfang: 1x Kugelnadel, 1x Adapter f\u00fcr Presta-Ventil, 1x Aufblasd\u00fcse und 1x Adapter f\u00fcr Schrader-Ventil<br \/>\nBezeichnung: Modellvariante: M18 BI-0<br \/>\nGewicht mit Akku [kg]: 4,8 (M18 HB12)<br \/>\nSystem: M18<br \/>\nTechnologie: Geb\u00fcrstet<br \/>\nInklusive Ladeger\u00e4t:Kein Ladeger\u00e4t im Lieferumfang enthalten Akku im Lieferumfang<br \/>\nenthalten:Kein Akku im Lieferumfang enthalten<\/p>\n","protected":false},"excerpt":{"rendered":"<p>Kompakter und leichter batteriebetriebener Kompressor f\u00fcr schnelles Aufpumpen der Reifen von PKWs, leichten Nutzfahrzeugen und kleinen Maschinen Maximale Kapazit\u00e4t von<\/p>\n","protected":false},"featured_media":57598,"template":"","meta":{"_seopress_robots_primary_cat":"","_seopress_titles_title":"","_seopress_titles_desc":"","_seopress_robots_index":""},"product_brand":[3407],"product_cat":[29,514,561],"product_tag":[],"class_list":{"0":"post-420006","1":"product","2":"type-product","3":"status-publish","4":"has-post-thumbnail","6":"product_brand-milwaukee","7":"product_cat-macchinari","8":"product_cat-altri-dispositivi","9":"product_cat-compressori","11":"first","12":"onbackorder","13":"shipping-taxable","14":"purchasable","15":"product-type-simple"},"_links":{"self":[{"href":"https:\/\/lucacastelli.com\/de\/wp-json\/wp\/v2\/product\/420006","targetHints":{"allow":["GET"]}}],"collection":[{"href":"https:\/\/lucacastelli.com\/de\/wp-json\/wp\/v2\/product"}],"about":[{"href":"https:\/\/lucacastelli.com\/de\/wp-json\/wp\/v2\/types\/product"}],"wp:featuredmedia":[{"embeddable":true,"href":"https:\/\/lucacastelli.com\/de\/wp-json\/wp\/v2\/media\/57598"}],"wp:attachment":[{"href":"https:\/\/lucacastelli.com\/de\/wp-json\/wp\/v2\/media?parent=420006"}],"wp:term":[{"taxonomy":"product_brand","embeddable":true,"href":"https:\/\/lucacastelli.com\/de\/wp-json\/wp\/v2\/product_brand?post=420006"},{"taxonomy":"product_cat","embeddable":true,"href":"https:\/\/lucacastelli.com\/de\/wp-json\/wp\/v2\/product_cat?post=420006"},{"taxonomy":"product_tag","embeddable":true,"href":"https:\/\/lucacastelli.com\/de\/wp-json\/wp\/v2\/product_tag?post=420006"}],"curies":[{"name":"wp","href":"https:\/\/api.w.org\/{rel}","templated":true}]}}