{"id":420003,"date":"2023-11-02T15:01:19","date_gmt":"2023-11-02T14:01:19","guid":{"rendered":"https:\/\/lucacastelli.com\/prodotto\/fuel-akku-metallkreissaege-m18fmcs-0x\/"},"modified":"2025-06-29T08:14:03","modified_gmt":"2025-06-29T06:14:03","slug":"fuel-akku-metallkreissaege-m18fmcs-0x","status":"publish","type":"product","link":"https:\/\/lucacastelli.com\/de\/produkt\/fuel-akku-metallkreissaege-m18fmcs-0x\/","title":{"rendered":"FUEL\u2122 Akku-Metallkreiss\u00e4ge M18FMCS-0X"},"content":{"rendered":"<p>Kalt- und funkenfreier Schnitt<br \/>\nHohe Leistung in einem kompakten<br \/>\nDesign Integrierter<br \/>\nb\u00fcrstenloser POWERSTATE-Hakenmotor\u2122 f\u00fcr hohe Schnittgeschwindigkeiten und h\u00e4rteste<br \/>\nAnwendungen Die REDLINK PLUS-Elektronik\u2122 bietet einen fortschrittlichen digitalen \u00dcberlastschutz f\u00fcr Maschine und Akku und h\u00e4lt die Leistung unter Last<br \/>\nkonstant Die REDLITHIUM-Batterie\u2122 bietet ein perfekt kalibriertes Design, eine fortschrittliche Elektronik und eine verlustfreie Stromversorgung \u00fcber einen l\u00e4ngeren Zeitraum.<br \/>\nAufschnitt zur Reduzierung von Funken<br \/>\nWerkzeuglose Schnitttiefenverstellung f\u00fcr Schnitte von 0 bis 57 mm<br \/>\nKompaktes und leichtes Design f\u00fcr maximalen Benutzerkomfort<br \/>\nMetallhaken zur einfachen und sicheren Aufh\u00e4ngung des Werkzeugs<br \/>\nIntegrierte Halterung f\u00fcr den Inbusschl\u00fcssel<br \/>\nEinzelzellen\u00fcberwachung zur Maximierung der Lebensdauer und Verl\u00e4ngerung der Batterielebensdauer<br \/>\nBatterieladeanzeige<br \/>\nSystem 100% kompatibel mit der MILWAUKEE-M18\u00ae Produktreihe<br \/>\nLieferumfang: HM Metall-S\u00e4geblatt 150 mm, Inbusschl\u00fcssel<\/p>\n<p>Bohrungsdurchmesser [mm]: 20<br \/>\nLeerlaufdrehzahl [U\/min]: 3900<br \/>\nSpannung [V]: 18<br \/>\nAkku: Lithium-Ionen<br \/>\nLieferumfang: HD-Box<br \/>\nS\u00e4geblattdurchmesser [mm]: 150<br \/>\nSerienausstattung [mm]: 150 mm HM Metall-S\u00e4geblatt, Inbusschl\u00fcssel<br \/>\nBezeichnung: Modellvariante: M18 FMCS-0X<br \/>\nGewicht mit Akku [kg]: 2,8 (M18 B5)<br \/>\nMax. Schnitttiefe Schnitttiefe [mm]:  57<br \/>\nSystem: M18<br \/>\nTechnologie: Kraftstoffladeger\u00e4t<br \/>\nim Lieferumfang enthalten: Kein Ladeger\u00e4t im Lieferumfang<br \/>\nenthalten Akku im Lieferumfang enthalten: Kein Akku im Lieferumfang enthalten<\/p>\n","protected":false},"excerpt":{"rendered":"<p>Kalt- und funkenfreier Schnitt Hohe Leistung in einem kompakten Design Integrierter b\u00fcrstenloser POWERSTATE-Hakenmotor\u2122 f\u00fcr hohe Schnittgeschwindigkeiten und h\u00e4rteste Anwendungen Die<\/p>\n","protected":false},"featured_media":57425,"template":"","meta":{"_seopress_robots_primary_cat":"","_seopress_titles_title":"","_seopress_titles_desc":"","_seopress_robots_index":""},"product_brand":[3656],"product_cat":[1454,1542,169],"product_tag":[],"class_list":{"0":"post-420003","1":"product","2":"type-product","3":"status-publish","4":"has-post-thumbnail","6":"product_brand-milwaukee-de","7":"product_cat-andere-gerate","8":"product_cat-holzspalter-und-kreissagen","9":"product_cat-maschinen","11":"first","12":"onbackorder","13":"shipping-taxable","14":"purchasable","15":"product-type-simple"},"_links":{"self":[{"href":"https:\/\/lucacastelli.com\/de\/wp-json\/wp\/v2\/product\/420003","targetHints":{"allow":["GET"]}}],"collection":[{"href":"https:\/\/lucacastelli.com\/de\/wp-json\/wp\/v2\/product"}],"about":[{"href":"https:\/\/lucacastelli.com\/de\/wp-json\/wp\/v2\/types\/product"}],"wp:featuredmedia":[{"embeddable":true,"href":"https:\/\/lucacastelli.com\/de\/wp-json\/wp\/v2\/media\/57425"}],"wp:attachment":[{"href":"https:\/\/lucacastelli.com\/de\/wp-json\/wp\/v2\/media?parent=420003"}],"wp:term":[{"taxonomy":"product_brand","embeddable":true,"href":"https:\/\/lucacastelli.com\/de\/wp-json\/wp\/v2\/product_brand?post=420003"},{"taxonomy":"product_cat","embeddable":true,"href":"https:\/\/lucacastelli.com\/de\/wp-json\/wp\/v2\/product_cat?post=420003"},{"taxonomy":"product_tag","embeddable":true,"href":"https:\/\/lucacastelli.com\/de\/wp-json\/wp\/v2\/product_tag?post=420003"}],"curies":[{"name":"wp","href":"https:\/\/api.w.org\/{rel}","templated":true}]}}