{"id":420000,"date":"2023-11-02T14:34:13","date_gmt":"2023-11-02T13:34:13","guid":{"rendered":"https:\/\/lucacastelli.com\/prodotto\/akku-kartuschenpresse-m12pcg310c-0\/"},"modified":"2025-06-29T08:14:06","modified_gmt":"2025-06-29T06:14:06","slug":"akku-kartuschenpresse-m12pcg310c-0","status":"publish","type":"product","link":"https:\/\/lucacastelli.com\/de\/produkt\/akku-kartuschenpresse-m12pcg310c-0\/","title":{"rendered":"Akku-Kartuschenpresse M12PCG310C-0"},"content":{"rendered":"<p>Entsaftungsdruck bis 182 kg<br \/>\nREDLINK-Elektronik\u2122 &#8211; \u00dcberlastschutz von Maschine und Akku sorgt f\u00fcr eine lange Lebensdauer<br \/>\nOptimiert f\u00fcr alle g\u00e4ngigen Kleb- und Dichtstoffe<br \/>\nDie automatische R\u00fcckstellung des Druckbalkens verhindert die Bildung von Tr\u00f6pfchen<br \/>\nElektronische Steuerung der Entsaftungsgeschwindigkeit \u00fcber ein Einstellrad<br \/>\nIntegrierte Spindel zum Durchstechen von geklebten<br \/>\nKartuschen\u00f6ffnungen Einzelzellen\u00fcberwachung zur Optimierung der Lebensdauer und Verl\u00e4ngerung der Batterielaufzeit<br \/>\nBatterieladezustandsanzeige<br \/>\nDie REDLITHIUM-Batterie\u2122 bietet ein perfekt kalibriertes Design, fortschrittliche Elektronik und verlustfreie Leistungsabgabe f\u00fcr eine l\u00e4ngere Lebensdauer.<br \/>\n100% kompatibel mit der MILWAUKEE-M12-Produktreihe\u00ae\u2122.<\/p>\n<p>Spannung [V]: 12<br \/>\nAkku: Lithium-Ionen<br \/>\nLieferumfang: Karton<br \/>\nSerienausstattung [im Lieferumfang enthalten]: 310 ml Kartuschenhalter, Schubstange<br \/>\nBezeichnung: Modellvariante: M12 PCG\/310C-0<br \/>\nGewicht mit Akku [kg]: 1,9 (M12 B2)<br \/>\nSystem: M12<br \/>\nTechnik: Geb\u00fcrstet<br \/>\nInklusive Ladeger\u00e4t:Kein Ladeger\u00e4t im Lieferumfang enthalten Akku im Lieferumfang<br \/>\nenthalten:Kein Akku im Lieferumfang enthalten<\/p>\n","protected":false},"excerpt":{"rendered":"<p>Entsaftungsdruck bis 182 kg REDLINK-Elektronik\u2122 &#8211; \u00dcberlastschutz von Maschine und Akku sorgt f\u00fcr eine lange Lebensdauer Optimiert f\u00fcr alle g\u00e4ngigen<\/p>\n","protected":false},"featured_media":57420,"template":"","meta":{"_seopress_robots_primary_cat":"","_seopress_titles_title":"","_seopress_titles_desc":"","_seopress_robots_index":""},"product_brand":[3656],"product_cat":[1454,169],"product_tag":[],"class_list":{"0":"post-420000","1":"product","2":"type-product","3":"status-publish","4":"has-post-thumbnail","6":"product_brand-milwaukee-de","7":"product_cat-andere-gerate","8":"product_cat-maschinen","10":"first","11":"onbackorder","12":"shipping-taxable","13":"purchasable","14":"product-type-simple"},"_links":{"self":[{"href":"https:\/\/lucacastelli.com\/de\/wp-json\/wp\/v2\/product\/420000","targetHints":{"allow":["GET"]}}],"collection":[{"href":"https:\/\/lucacastelli.com\/de\/wp-json\/wp\/v2\/product"}],"about":[{"href":"https:\/\/lucacastelli.com\/de\/wp-json\/wp\/v2\/types\/product"}],"wp:featuredmedia":[{"embeddable":true,"href":"https:\/\/lucacastelli.com\/de\/wp-json\/wp\/v2\/media\/57420"}],"wp:attachment":[{"href":"https:\/\/lucacastelli.com\/de\/wp-json\/wp\/v2\/media?parent=420000"}],"wp:term":[{"taxonomy":"product_brand","embeddable":true,"href":"https:\/\/lucacastelli.com\/de\/wp-json\/wp\/v2\/product_brand?post=420000"},{"taxonomy":"product_cat","embeddable":true,"href":"https:\/\/lucacastelli.com\/de\/wp-json\/wp\/v2\/product_cat?post=420000"},{"taxonomy":"product_tag","embeddable":true,"href":"https:\/\/lucacastelli.com\/de\/wp-json\/wp\/v2\/product_tag?post=420000"}],"curies":[{"name":"wp","href":"https:\/\/api.w.org\/{rel}","templated":true}]}}