{"id":419997,"date":"2023-11-21T20:30:41","date_gmt":"2023-11-21T19:30:41","guid":{"rendered":"https:\/\/lucacastelli.com\/prodotto\/fuel-akku-schlagschrauber-1-2-vierkant-pin-m18fhiwp12-0x\/"},"modified":"2025-06-29T08:07:42","modified_gmt":"2025-06-29T06:07:42","slug":"fuel-akku-schlagschrauber-1-2-vierkant-pin-m18fhiwp12-0x","status":"publish","type":"product","link":"https:\/\/lucacastelli.com\/de\/produkt\/fuel-akku-schlagschrauber-1-2-vierkant-pin-m18fhiwp12-0x\/","title":{"rendered":"FUEL\u2122 Akku-Schlagschrauber 1\/2&#8243; Vierkant PIN M18FHIWP12-0X"},"content":{"rendered":"<p>Kraftvolles Drehmoment von 1.017 Nm in kompakter Bauweise: nur 206 mm L\u00e4nge<br \/>\nMit DRIVE CONTROL\u2122 k\u00f6nnen Sie schnell zwischen den Schaltstufen mit unterschiedlichen Drehzahl- und Drehmomenteinstellungen wechseln<br \/>\nLevel 4 &#8211; f\u00fcr eine optimale Mischung aus Leistung und Pr\u00e4zision beim L\u00f6sen von Schrauben<br \/>\n1\/2&#8221;<br \/>\n PIN-Buchse LED-Beleuchtung des Arbeitsbereichs<br \/>\nPOWERSTATE\u2122 Brushless-Motor f\u00fcr mehr Effizienz, l\u00e4ngere Laufzeit und l\u00e4ngere<br \/>\nLebensdauer Die REDLINK PLUS-Elektronik\u2122 bietet fortschrittlichen digitalen Schutz gegen \u00dcberlastung von Maschine und Batterie und h\u00e4lt die Leistung unter Last konstant.<br \/>\nDer REDLITHIUM-ION-Akku\u2122 bietet ein perfekt kalibriertes Design, eine fortschrittliche Elektronik und eine verlustfreie Leistungsentfaltung f\u00fcr eine l\u00e4ngere Lebensdauer und Lebensdauer im Vergleich zu Vorg\u00e4ngermodellen.<br \/>\nGriff mit Softgrip-Beschichtung<br \/>\nSystem 100% kompatibel mit Milwaukee\u00ae M18 Produktreihe<\/p>\n<p>Technische Daten:<\/p>\n<p>Lithium-Ionen-Akku<br \/>\nArtikelnummer 4933459692<br \/>\nLieferung in HD-Box<br \/>\nGewicht mit Akku (kg) 3.2<br \/>\nMindestdrehzahl (min-1) 0-950\/0-1500\/0-1800\/0-1800<br \/>\nMax. Drehmoment Drehmoment [Nm] 190\/400\/1017\/1017<br \/>\nMaximales Ausl\u00f6semoment [Nm] 1491 Ausl\u00f6semoment [Nm] 1491<br \/>\nMaximaler Schraubendurchmesser Schraubendurchmesser M24<br \/>\nSchlagdrehzahl (min-1) 0-1150\/0-2100\/0-2400\/0-2400<br \/>\nSpannung (V) 18 <\/p>\n<p>Lieferumfang<br \/>\nohne Akku, ohne Ladeger\u00e4t, HD-Box<\/p>\n","protected":false},"excerpt":{"rendered":"<p>Kraftvolles Drehmoment von 1.017 Nm in kompakter Bauweise: nur 206 mm L\u00e4nge Mit DRIVE CONTROL\u2122 k\u00f6nnen Sie schnell zwischen den<\/p>\n","protected":false},"featured_media":57588,"template":"","meta":{"_seopress_robots_primary_cat":"","_seopress_titles_title":"","_seopress_titles_desc":"","_seopress_robots_index":""},"product_brand":[3407],"product_cat":[29,514,549],"product_tag":[],"class_list":{"0":"post-419997","1":"product","2":"type-product","3":"status-publish","4":"has-post-thumbnail","6":"product_brand-milwaukee","7":"product_cat-macchinari","8":"product_cat-altri-dispositivi","9":"product_cat-trapani-e-avvitatori","11":"first","12":"onbackorder","13":"shipping-taxable","14":"purchasable","15":"product-type-simple"},"_links":{"self":[{"href":"https:\/\/lucacastelli.com\/de\/wp-json\/wp\/v2\/product\/419997","targetHints":{"allow":["GET"]}}],"collection":[{"href":"https:\/\/lucacastelli.com\/de\/wp-json\/wp\/v2\/product"}],"about":[{"href":"https:\/\/lucacastelli.com\/de\/wp-json\/wp\/v2\/types\/product"}],"wp:featuredmedia":[{"embeddable":true,"href":"https:\/\/lucacastelli.com\/de\/wp-json\/wp\/v2\/media\/57588"}],"wp:attachment":[{"href":"https:\/\/lucacastelli.com\/de\/wp-json\/wp\/v2\/media?parent=419997"}],"wp:term":[{"taxonomy":"product_brand","embeddable":true,"href":"https:\/\/lucacastelli.com\/de\/wp-json\/wp\/v2\/product_brand?post=419997"},{"taxonomy":"product_cat","embeddable":true,"href":"https:\/\/lucacastelli.com\/de\/wp-json\/wp\/v2\/product_cat?post=419997"},{"taxonomy":"product_tag","embeddable":true,"href":"https:\/\/lucacastelli.com\/de\/wp-json\/wp\/v2\/product_tag?post=419997"}],"curies":[{"name":"wp","href":"https:\/\/api.w.org\/{rel}","templated":true}]}}