{"id":419992,"date":"2023-11-06T18:53:59","date_gmt":"2023-11-06T17:53:59","guid":{"rendered":"https:\/\/lucacastelli.com\/prodotto\/fuel-akku-bohrschrauber-m18fdd3-0x\/"},"modified":"2025-06-29T08:07:26","modified_gmt":"2025-06-29T06:07:26","slug":"fuel-akku-bohrschrauber-m18fdd3-0x","status":"publish","type":"product","link":"https:\/\/lucacastelli.com\/de\/produkt\/fuel-akku-bohrschrauber-m18fdd3-0x\/","title":{"rendered":"FUEL\u2122 Akku-Bohrschrauber M18FDD3-0X"},"content":{"rendered":"<p>Kompakte Abmessungen mit einer L\u00e4nge von 173 mm<br \/>\nNeu entwickeltes Bohrfutter zur Verbesserung der Griffigkeit von Bohrer und Bohrer<br \/>\nLED-Arbeitsplatzbeleuchtung<br \/>\nKraftvolles Drehmoment von 158 Nm<br \/>\nKompakte Abmessungen von 173 mm L\u00e4nge erm\u00f6glichen das Arbeiten auch an schwer zug\u00e4nglichen Stellen<br \/>\nAUTOSTOP-Funktion\u2122 zum Schutz vor \u00dcberdrehen und f\u00fcr zus\u00e4tzliche Sicherheit<br \/>\nSchnellere Bohr- und Schraubanwendungen unter Last<\/p>\n<p>LED-Arbeitsplatzbeleuchtung Batterieladezustandsanzeige<br \/>\nG\u00fcrtelclip<br \/>\naus Metall Einzelzellen\u00fcberwachung zur Optimierung der Akkulaufzeit und Verl\u00e4ngerung der Batterielebensdauer<br \/>\nDie DNA unserer FUEL-Plattform\u2122 definiert das Gleichgewicht der kabellosen Technologien neu. Der b\u00fcrstenlose POWERSTATE-Motor\u2122 von MILWAUKEE, das RED-Systemsystem<br \/>\n, ist zu 100 % mit der MILWAUKEE-M18-Produktreihe\u00ae\u2122 kompatibel. \u00ae <\/p>\n<p>Spannung [V]: 18<br \/>\nBatterie: Lithium-Ionen<br \/>\nLieferumfang: HD-Box<br \/>\nSerienausstattung: G\u00fcrtelclip, Seitengriff<br \/>\nBezeichnung: Modellvariante: M18 FDD3-0X<br \/>\nGewicht mit Akku [kg]: 2,1 (M18 B5)<br \/>\nSystem: M18<br \/>\nTechnik: Kraftstoff<br \/>\nLadeger\u00e4t im Lieferumfang enthalten:Kein Ladeger\u00e4t im Lieferumfang enthalten<\/p>\n","protected":false},"excerpt":{"rendered":"<p>Kompakte Abmessungen mit einer L\u00e4nge von 173 mm Neu entwickeltes Bohrfutter zur Verbesserung der Griffigkeit von Bohrer und Bohrer LED-Arbeitsplatzbeleuchtung<\/p>\n","protected":false},"featured_media":57499,"template":"","meta":{"_seopress_robots_primary_cat":"","_seopress_titles_title":"","_seopress_titles_desc":"","_seopress_robots_index":""},"product_brand":[3407],"product_cat":[29,514,549],"product_tag":[],"class_list":{"0":"post-419992","1":"product","2":"type-product","3":"status-publish","4":"has-post-thumbnail","6":"product_brand-milwaukee","7":"product_cat-macchinari","8":"product_cat-altri-dispositivi","9":"product_cat-trapani-e-avvitatori","11":"first","12":"onbackorder","13":"shipping-taxable","14":"purchasable","15":"product-type-simple"},"_links":{"self":[{"href":"https:\/\/lucacastelli.com\/de\/wp-json\/wp\/v2\/product\/419992","targetHints":{"allow":["GET"]}}],"collection":[{"href":"https:\/\/lucacastelli.com\/de\/wp-json\/wp\/v2\/product"}],"about":[{"href":"https:\/\/lucacastelli.com\/de\/wp-json\/wp\/v2\/types\/product"}],"wp:featuredmedia":[{"embeddable":true,"href":"https:\/\/lucacastelli.com\/de\/wp-json\/wp\/v2\/media\/57499"}],"wp:attachment":[{"href":"https:\/\/lucacastelli.com\/de\/wp-json\/wp\/v2\/media?parent=419992"}],"wp:term":[{"taxonomy":"product_brand","embeddable":true,"href":"https:\/\/lucacastelli.com\/de\/wp-json\/wp\/v2\/product_brand?post=419992"},{"taxonomy":"product_cat","embeddable":true,"href":"https:\/\/lucacastelli.com\/de\/wp-json\/wp\/v2\/product_cat?post=419992"},{"taxonomy":"product_tag","embeddable":true,"href":"https:\/\/lucacastelli.com\/de\/wp-json\/wp\/v2\/product_tag?post=419992"}],"curies":[{"name":"wp","href":"https:\/\/api.w.org\/{rel}","templated":true}]}}