{"id":419987,"date":"2023-11-06T16:25:41","date_gmt":"2023-11-06T15:25:41","guid":{"rendered":"https:\/\/lucacastelli.com\/prodotto\/fuel-akku-schlagschrauber-1-4-hex-gen3-m18fid3-0x\/"},"modified":"2025-06-29T08:14:11","modified_gmt":"2025-06-29T06:14:11","slug":"fuel-akku-schlagschrauber-1-4-hex-gen3-m18fid3-0x","status":"publish","type":"product","link":"https:\/\/lucacastelli.com\/de\/produkt\/fuel-akku-schlagschrauber-1-4-hex-gen3-m18fid3-0x\/","title":{"rendered":"FUEL\u2122 Akku-Schlagschrauber 1\/4 \u0301 \u0301 Hex Gen3 M18FID3-0X"},"content":{"rendered":"<p>Kompaktes<br \/>\nDesign 4-Modus-Antriebssteuerung<br \/>\n1\/4<br \/>\n&#8221; Sechskantantrieb Kraftvolles Drehmoment von 226 Nm<br \/>\nH\u00f6here Drehzahl als das Vorg\u00e4ngermodell, mit 3900 min-\u00b9 und 4400 H\u00fcben\/min.<br \/>\nExtrem kompakt mit einer L\u00e4nge von nur 113 mm &#8211; ideal f\u00fcr Arbeiten an schwer zug\u00e4nglichen Stellen<br \/>\nMit DRIVE CONTROL\u2122 k\u00f6nnen Sie schnell zwischen den G\u00e4ngen mit unterschiedlichen Drehzahl- und Drehmomenteinstellungen<br \/>\nwechseln: Gang 1 &#8211; f\u00fcr pr\u00e4zises<br \/>\nArbeiten Gang 2 &#8211; hilft, Sch\u00e4den an Schraube und Material<br \/>\nzu vermeiden Gang 3 &#8211; f\u00fcr maximale Leistung und h\u00e4rteste<br \/>\nEins\u00e4tze Gang 4 &#8211; die optimale Kombination aus Kraft und Pr\u00e4zision; das Ger\u00e4t passt die Drehzahl automatisch an.<br \/>\nDie Einzelzellen\u00fcberwachung optimiert die Betriebszeit des Ger\u00e4ts und sorgt f\u00fcr eine lange Batterielebensdauer<br \/>\nHex-Metall-Direktbithalter<br \/>\nDie DNA unserer FUEL-Plattform\u2122 definiert das Gleichgewicht der kabellosen Technologien neu. Der b\u00fcrstenlose POWERSTATE-Motor\u2122 von MILWAUKEE, das RED<br \/>\nSystem-System, ist zu 100 % mit der MILWAUKEE-M18-Produktreihe\u00ae\u2122 kompatibel. \u00ae <\/p>\n<p>Leerlaufdrehzahl [U\/min]: 1750\/3000\/3900\/0-3900<br \/>\nSpannung [V]: 18<br \/>\nBatterie: Lithium-Ionen<br \/>\nLieferumfang:HD-Box<br \/>\nMax. Durchmesser Schraubendurchmesser: M16<br \/>\nSerienausstattung | Lieferumfang: G\u00fcrtelclip und Bithalter<br \/>\nBezeichnung: Modellvariante: M18 FID3-0X<br \/>\nGewicht mit Akku [kg]: 1,7 (M18 B5)<br \/>\nSystem: M18<br \/>\nTechnik: Kraftstoffladeger\u00e4t<br \/>\nim Lieferumfang enthalten:Kein Ladeger\u00e4t im Lieferumfang<br \/>\nenthalten Batterie: Keine Batterie im Lieferumfang enthalten <\/p>\n","protected":false},"excerpt":{"rendered":"<p>Kompaktes Design 4-Modus-Antriebssteuerung 1\/4 &#8221; Sechskantantrieb Kraftvolles Drehmoment von 226 Nm H\u00f6here Drehzahl als das Vorg\u00e4ngermodell, mit 3900 min-\u00b9 und<\/p>\n","protected":false},"featured_media":57454,"template":"","meta":{"_seopress_robots_primary_cat":"","_seopress_titles_title":"","_seopress_titles_desc":"","_seopress_robots_index":""},"product_brand":[3656],"product_cat":[1454,1553,169],"product_tag":[],"class_list":{"0":"post-419987","1":"product","2":"type-product","3":"status-publish","4":"has-post-thumbnail","6":"product_brand-milwaukee-de","7":"product_cat-andere-gerate","8":"product_cat-bohrer-und-schraubendreher","9":"product_cat-maschinen","11":"first","12":"onbackorder","13":"sale","14":"shipping-taxable","15":"purchasable","16":"product-type-simple"},"_links":{"self":[{"href":"https:\/\/lucacastelli.com\/de\/wp-json\/wp\/v2\/product\/419987","targetHints":{"allow":["GET"]}}],"collection":[{"href":"https:\/\/lucacastelli.com\/de\/wp-json\/wp\/v2\/product"}],"about":[{"href":"https:\/\/lucacastelli.com\/de\/wp-json\/wp\/v2\/types\/product"}],"wp:featuredmedia":[{"embeddable":true,"href":"https:\/\/lucacastelli.com\/de\/wp-json\/wp\/v2\/media\/57454"}],"wp:attachment":[{"href":"https:\/\/lucacastelli.com\/de\/wp-json\/wp\/v2\/media?parent=419987"}],"wp:term":[{"taxonomy":"product_brand","embeddable":true,"href":"https:\/\/lucacastelli.com\/de\/wp-json\/wp\/v2\/product_brand?post=419987"},{"taxonomy":"product_cat","embeddable":true,"href":"https:\/\/lucacastelli.com\/de\/wp-json\/wp\/v2\/product_cat?post=419987"},{"taxonomy":"product_tag","embeddable":true,"href":"https:\/\/lucacastelli.com\/de\/wp-json\/wp\/v2\/product_tag?post=419987"}],"curies":[{"name":"wp","href":"https:\/\/api.w.org\/{rel}","templated":true}]}}