{"id":419984,"date":"2023-11-05T18:26:32","date_gmt":"2023-11-05T17:26:32","guid":{"rendered":"https:\/\/lucacastelli.com\/prodotto\/fuel-akku-kompakt-schlagschrauber-1-4-sechskant-m12fid2-0\/"},"modified":"2026-04-17T23:58:51","modified_gmt":"2026-04-17T21:58:51","slug":"fuel-akku-kompakt-schlagschrauber-1-4-sechskant-m12fid2-0","status":"publish","type":"product","link":"https:\/\/lucacastelli.com\/de\/produkt\/fuel-akku-kompakt-schlagschrauber-1-4-sechskant-m12fid2-0\/","title":{"rendered":"FUEL\u2122 Akku-Kompakt-Schlagschrauber 1\/4&#8243; Hex M12FID2-0"},"content":{"rendered":"<p>Das kompakte Design mit einer L\u00e4nge von nur 127 mm ist ideal f\u00fcr Arbeiten an engen Stellen<br \/>\nHervorragendes Leistungs-Gr\u00f6\u00dfen-Verh\u00e4ltnis mit 170 Nm Drehmoment<br \/>\nHohe Drehzahlen bis zu 3.600 min\u207b\u00b9 und 4.000 ipm<br \/>\nLEDs sorgen f\u00fcr eine hochaufl\u00f6sende Beleuchtung f\u00fcr bessere Sicht im Arbeitsbereich<br \/>\nDie 4-Modus-DRIVE CONTROL erm\u00f6glicht dem Anwender drei verschiedene Geschwindigkeits- und Drehmomenteinstellungen sowie einen Blechschraubenmodus f\u00fcr<br \/>\n1\/4\u02dd-Hex-Aufnahme f\u00fcr schnellen und einfachen Bitwechsel<br \/>\nDie DNA unserer FUEL\u2122-Plattform definiert das Gleichgewicht der kabellosen Technologien. Der b\u00fcrstenlose POWERSTATE\u2122-Motor von MILWAUKEE\u00ae, die REDLITHIUM\u2122-Technologie<br \/>\nKompatibel mit allen MILWAUKEE\u00ae M12\u2122 Akkus. <\/p>\n<p>Leerlaufdrehzahl [min\u207b\u00b9]: 1700\/2900\/3600\/0-3600<br \/>\nSpannung [V]: 12<br \/>\nAkku: Li-ion<br \/>\nGeliefert in: Karton<br \/>\nMax. Schraubendurchmesser: 14<br \/>\nBezeichnung: Modellvariante: M12 FID2-0<br \/>\nGewicht mit Akku [kg]: 1,1 (M12 B6)<br \/>\nSystem: M12<br \/>\nTechnologie: FUEL\u2122<br \/>\nLadeger\u00e4t im Lieferumfang enthalten: Kein Ladeger\u00e4t im Lieferumfang enthalten<br \/>\nAkku im Lieferumfang enthalten: Kein Akku im Lieferumfang enthalten <\/p>\n","protected":false},"excerpt":{"rendered":"<p>Das kompakte Design mit einer L\u00e4nge von nur 127 mm ist ideal f\u00fcr Arbeiten an engen Stellen Hervorragendes Leistungs-Gr\u00f6\u00dfen-Verh\u00e4ltnis mit<\/p>\n","protected":false},"featured_media":57440,"template":"","meta":{"_seopress_robots_primary_cat":"none","_seopress_titles_title":"","_seopress_titles_desc":"","_seopress_robots_index":""},"product_brand":[3656],"product_cat":[169,1454,1553],"product_tag":[],"class_list":{"0":"post-419984","1":"product","2":"type-product","3":"status-publish","4":"has-post-thumbnail","6":"product_brand-milwaukee-de","7":"product_cat-maschinen","8":"product_cat-andere-gerate","9":"product_cat-bohrer-und-schraubendreher","11":"first","12":"onbackorder","13":"sale","14":"shipping-taxable","15":"purchasable","16":"product-type-simple"},"_links":{"self":[{"href":"https:\/\/lucacastelli.com\/de\/wp-json\/wp\/v2\/product\/419984","targetHints":{"allow":["GET"]}}],"collection":[{"href":"https:\/\/lucacastelli.com\/de\/wp-json\/wp\/v2\/product"}],"about":[{"href":"https:\/\/lucacastelli.com\/de\/wp-json\/wp\/v2\/types\/product"}],"wp:featuredmedia":[{"embeddable":true,"href":"https:\/\/lucacastelli.com\/de\/wp-json\/wp\/v2\/media\/57440"}],"wp:attachment":[{"href":"https:\/\/lucacastelli.com\/de\/wp-json\/wp\/v2\/media?parent=419984"}],"wp:term":[{"taxonomy":"product_brand","embeddable":true,"href":"https:\/\/lucacastelli.com\/de\/wp-json\/wp\/v2\/product_brand?post=419984"},{"taxonomy":"product_cat","embeddable":true,"href":"https:\/\/lucacastelli.com\/de\/wp-json\/wp\/v2\/product_cat?post=419984"},{"taxonomy":"product_tag","embeddable":true,"href":"https:\/\/lucacastelli.com\/de\/wp-json\/wp\/v2\/product_tag?post=419984"}],"curies":[{"name":"wp","href":"https:\/\/api.w.org\/{rel}","templated":true}]}}