{"id":419983,"date":"2023-11-02T11:15:23","date_gmt":"2023-11-02T10:15:23","guid":{"rendered":"https:\/\/lucacastelli.com\/prodotto\/fuel-akku-kombihammer-m18fhm-0c\/"},"modified":"2025-06-29T08:13:52","modified_gmt":"2025-06-29T06:13:52","slug":"fuel-akku-kombihammer-m18fhm-0c","status":"publish","type":"product","link":"https:\/\/lucacastelli.com\/de\/produkt\/fuel-akku-kombihammer-m18fhm-0c\/","title":{"rendered":"FUEL\u2122 Akku-Kombihammer M18FHM-0C"},"content":{"rendered":"<p>AUTOSTOP\u2122 \u2013 maximale Kontrolle, hohe<br \/>\nArbeitssicherheit Stufenlose Hubsperre f\u00fcr Mei\u00dfelarbeiten<br \/>\nONE-KEY-Technologie<br \/>\nDie M18\u2122FHM kombiniert die Leistung einer b\u00fcndigen SDS-max-Maschine mit der Flexibilit\u00e4t unseres Akku-Systems M18\u2122.<br \/>\nDas HIGH OUTPUT-System\u2122 hebt die M18 FUEL-Technologien\u2122 auf ein neues Leistungsniveau. Erh\u00f6hte Leistung und Laufzeit f\u00fcr kompromisslose Einsatzbereitschaft.<br \/>\nONE-KEY\u2122 Tool Tracking and Tool Security bietet eine kostenlose Cloud-basierte Tracking- und Bestandsverwaltungsplattform f\u00fcr Ihre Werkzeuge. ONE-KEY\u2122<br \/>\nZum Schutz des Benutzers schaltet AUTOSTOP\u2122 die Maschine bei einer Schrittbewegung von maximal 45\u00b0 ab.<br \/>\nStufenlose Hubsperre f\u00fcr Mei\u00dfelarbeiten<br \/>\nLanger, vibrationsd\u00e4mpfender Seitengriff f\u00fcr ergonomische beidh\u00e4ndige<br \/>\nBedienung Kontrollleuchte zeigt bevorstehendes<br \/>\nWartungsintervall an Vibrationsd\u00e4mpfender Seitengriff zur Reduzierung der Vibrationsbelastung<br \/>\nDas System ist zu 100 % kompatibel mit der MILWAUKEE-M18-Produktreihe\u00ae\u2122.  <\/p>\n<p>Leerlaufdrehzahl [U\/min]: 0 &#8211; 380<br \/>\nSpannung [V]: 18<br \/>\nAkku: Lithium-Ionen<br \/>\nLieferumfang:Transportkoffer<br \/>\nBeschreibung: Modellvariante: M18 FHM-0C<br \/>\nGewicht mit Akku [kg]: 10,2 (M18 HB12)<br \/>\nMaximaler Bohrdurchmesser in Beton [mm]: 10,2 (M18 HB12) Bohrdurchmesser in Beton [mm]: 45<br \/>\nSchlagenergie [EPTA] [J]: 11,0<br \/>\nSystem: M18<br \/>\nTechnologie:  Kraftstoffladeger\u00e4t<br \/>\nim Lieferumfang enthalten:Kein Ladeger\u00e4t im Lieferumfang enthalten<br \/>\nAkku enthalten:Kein Akku im Lieferumfang enthalten<\/p>\n","protected":false},"excerpt":{"rendered":"<p>AUTOSTOP\u2122 \u2013 maximale Kontrolle, hohe Arbeitssicherheit Stufenlose Hubsperre f\u00fcr Mei\u00dfelarbeiten ONE-KEY-Technologie Die M18\u2122FHM kombiniert die Leistung einer b\u00fcndigen SDS-max-Maschine mit<\/p>\n","protected":false},"featured_media":57400,"template":"","meta":{"_seopress_robots_primary_cat":"","_seopress_titles_title":"","_seopress_titles_desc":"","_seopress_robots_index":""},"product_brand":[3656],"product_cat":[1454,1553,169],"product_tag":[],"class_list":{"0":"post-419983","1":"product","2":"type-product","3":"status-publish","4":"has-post-thumbnail","6":"product_brand-milwaukee-de","7":"product_cat-andere-gerate","8":"product_cat-bohrer-und-schraubendreher","9":"product_cat-maschinen","11":"first","12":"onbackorder","13":"shipping-taxable","14":"purchasable","15":"product-type-simple"},"_links":{"self":[{"href":"https:\/\/lucacastelli.com\/de\/wp-json\/wp\/v2\/product\/419983","targetHints":{"allow":["GET"]}}],"collection":[{"href":"https:\/\/lucacastelli.com\/de\/wp-json\/wp\/v2\/product"}],"about":[{"href":"https:\/\/lucacastelli.com\/de\/wp-json\/wp\/v2\/types\/product"}],"wp:featuredmedia":[{"embeddable":true,"href":"https:\/\/lucacastelli.com\/de\/wp-json\/wp\/v2\/media\/57400"}],"wp:attachment":[{"href":"https:\/\/lucacastelli.com\/de\/wp-json\/wp\/v2\/media?parent=419983"}],"wp:term":[{"taxonomy":"product_brand","embeddable":true,"href":"https:\/\/lucacastelli.com\/de\/wp-json\/wp\/v2\/product_brand?post=419983"},{"taxonomy":"product_cat","embeddable":true,"href":"https:\/\/lucacastelli.com\/de\/wp-json\/wp\/v2\/product_cat?post=419983"},{"taxonomy":"product_tag","embeddable":true,"href":"https:\/\/lucacastelli.com\/de\/wp-json\/wp\/v2\/product_tag?post=419983"}],"curies":[{"name":"wp","href":"https:\/\/api.w.org\/{rel}","templated":true}]}}