{"id":419979,"date":"2023-08-27T16:51:59","date_gmt":"2023-08-27T14:51:59","guid":{"rendered":"https:\/\/lucacastelli.com\/prodotto\/fuel-akku-winkelschleifer-m18fsag125x-0\/"},"modified":"2025-06-29T08:12:23","modified_gmt":"2025-06-29T06:12:23","slug":"fuel-akku-winkelschleifer-m18fsag125x-0","status":"publish","type":"product","link":"https:\/\/lucacastelli.com\/de\/produkt\/fuel-akku-winkelschleifer-m18fsag125x-0\/","title":{"rendered":"FUEL\u2122 Akku-Winkelschleifer M18FSAG125X-0"},"content":{"rendered":"<p>Kabelgebundene Leistung \u00e4hnlich der eines 1200-W-Winkelschleifers.<br \/>\nReduzierung der Getriebegr\u00f6\u00dfe und des Montagewinkels der Batterie f\u00fcr eine bessere Balance und verbesserte Ergonomie im Vergleich zum Vorg\u00e4ngermodell.<br \/>\nVibrationsd\u00e4mpfender Seitengriff zur Reduzierung von Vibrationen<br \/>\nFIXTEC\u2122 Schnellwechselsystem f\u00fcr werkzeuglosen Scheibenwechsel<br \/>\nSchlankes<br \/>\nGriffdesign Austauschbare Staubschutzhaube verhindert das Eindringen von Schmutz und verl\u00e4ngert die Lebensdauer<br \/>\nder Maschine um 125 mm Werkzeuglose Schutzhaube erm\u00f6glicht gro\u00dfe Schnittkapazit\u00e4ten<br \/>\nWiederanlaufschutz f\u00fcr hohen Anwenderschutz<br \/>\nDer b\u00fcrstenlose POWERSTATE-Motor\u2122 der neuesten Generation, die REDLINK Plus-Elektronik\u2122 und die 12,0 Ah REDLITHIUM-HIGH-OUTPUT-Akkus\u2122\u2122 sorgen f\u00fcr eine starke Leistung,  Lange Lebensdauer und lange Laufzeit in den anspruchsvollsten Anwendungen.<br \/>\n100% kompatibel mit der MILWAUKEE-M18\u00ae\u2122 Produktreihe.<\/p>\n<p>Technische Daten:<br \/>\nLeerlaufdrehzahl (min-\u00b9): 8500<br \/>\nBremse: Nein<br \/>\nAntikollision: Ja<br \/>\nSchalter: Schiebeschalter<br \/>\nFIXTEC\u2122 Schnellwechselsystem: Ja<br \/>\nGewicht mit Akku (EPTA) (kg): 2,7<br \/>\nMax. Schnitttiefe Schnitttiefe (mm): 33<br \/>\nSanftanlauf: Ja<br \/>\nSchalter: Schiebeschalter<br \/>\nScheibendurchmesser (mm): 125<br \/>\nSpannung (V): 18<br \/>\nSpindelgewinde: M14 <\/p>\n<p>Lieferumfang:<br \/>\n 1x Milwaukee FUEL\u2122 M18 FSAG125X-0X Akku-Winkelschleifer (ohne Akku, ohne Ladeger\u00e4t).<br \/>\n1x Austauschbarer<br \/>\nStaubschutz 1x Schutzkappe<br \/>\n1x Vibrationsd\u00e4mpfender<br \/>\nSeitengriff 1x Flansch<br \/>\n1x Flanschmutter<br \/>\n1x Schraubenschl\u00fcssel<br \/>\n1x Schnellspanner<br \/>\nohne Batterien, ohne Ladeger\u00e4t, ohne Koffer<\/p>\n","protected":false},"excerpt":{"rendered":"<p>Kabelgebundene Leistung \u00e4hnlich der eines 1200-W-Winkelschleifers. Reduzierung der Getriebegr\u00f6\u00dfe und des Montagewinkels der Batterie f\u00fcr eine bessere Balance und verbesserte<\/p>\n","protected":false},"featured_media":57208,"template":"","meta":{"_seopress_robots_primary_cat":"","_seopress_titles_title":"","_seopress_titles_desc":"","_seopress_robots_index":""},"product_brand":[3407],"product_cat":[29,514,555],"product_tag":[],"class_list":{"0":"post-419979","1":"product","2":"type-product","3":"status-publish","4":"has-post-thumbnail","6":"product_brand-milwaukee","7":"product_cat-macchinari","8":"product_cat-altri-dispositivi","9":"product_cat-smerigliatrici","11":"first","12":"instock","13":"shipping-taxable","14":"purchasable","15":"product-type-simple"},"_links":{"self":[{"href":"https:\/\/lucacastelli.com\/de\/wp-json\/wp\/v2\/product\/419979","targetHints":{"allow":["GET"]}}],"collection":[{"href":"https:\/\/lucacastelli.com\/de\/wp-json\/wp\/v2\/product"}],"about":[{"href":"https:\/\/lucacastelli.com\/de\/wp-json\/wp\/v2\/types\/product"}],"wp:featuredmedia":[{"embeddable":true,"href":"https:\/\/lucacastelli.com\/de\/wp-json\/wp\/v2\/media\/57208"}],"wp:attachment":[{"href":"https:\/\/lucacastelli.com\/de\/wp-json\/wp\/v2\/media?parent=419979"}],"wp:term":[{"taxonomy":"product_brand","embeddable":true,"href":"https:\/\/lucacastelli.com\/de\/wp-json\/wp\/v2\/product_brand?post=419979"},{"taxonomy":"product_cat","embeddable":true,"href":"https:\/\/lucacastelli.com\/de\/wp-json\/wp\/v2\/product_cat?post=419979"},{"taxonomy":"product_tag","embeddable":true,"href":"https:\/\/lucacastelli.com\/de\/wp-json\/wp\/v2\/product_tag?post=419979"}],"curies":[{"name":"wp","href":"https:\/\/api.w.org\/{rel}","templated":true}]}}