{"id":419969,"date":"2023-11-06T17:16:38","date_gmt":"2023-11-06T16:16:38","guid":{"rendered":"https:\/\/lucacastelli.com\/prodotto\/kreuzlinienlaser-3-x-360-bausatz-m123plkit-401p\/"},"modified":"2025-06-29T08:14:30","modified_gmt":"2025-06-29T06:14:30","slug":"kreuzlinienlaser-3-x-360-bausatz-m123plkit-401p","status":"publish","type":"product","link":"https:\/\/lucacastelli.com\/de\/produkt\/kreuzlinienlaser-3-x-360-bausatz-m123plkit-401p\/","title":{"rendered":"Kreuzlinienlaser 3 x 360\u00b0 Bausatz M123PLKIT-401P"},"content":{"rendered":"<p>3 x 360\u00b0 hochintensive gr\u00fcne Linien f\u00fcr eine vollst\u00e4ndige Abdeckung der Umgebung<br \/>\nSchnelle Ausrichtung mit Feineinstellung um den Nullpunkt<br \/>\nSeltenerdverst\u00e4rkte Magnete &#8211; Magnet h\u00e4lt auch unter Last<br \/>\nseine Position Der kabellose Kreuzlinienlaser M12\u2122 3 x 360\u00b0 bietet All-in-One-Funktionalit\u00e4t mit einer horizontalen und zwei vertikalen Linien f\u00fcr eine schnelle und einfache Ausrichtung.<br \/>\nMit hochintensiven gr\u00fcnen Dioden f\u00fcr maximale Sichtbarkeit, bis zu 4-mal besser als rote<br \/>\nLaser Hochintensive gr\u00fcne Laserstrahlen bieten eine Reichweite von 38 m (100 m mit Empf\u00e4nger).<br \/>\nBietet \u00fcber 15 Stunden Laufzeit den ganzen Tag mit einem M12\u2122 B4-Akku<br \/>\n3-Modus-Pendelsystem: manueller Modus f\u00fcr den Einsatz in jedem Winkel, selbstnivellierender Modus, mit dem Sie mit einer automatischen Nivellierung von 4\u00b0 einen nicht ebenen Zustand erreichen k\u00f6nnen.<br \/>\nIntegrierte magnetische Halterung mit r\u00fcckseitig montierten verst\u00e4rkten Seltenerdmagneten, 1\/4&#8243; und 5\/8&#8243; Stativgewinde und Aufh\u00e4ngeloch &#8211; erm\u00f6glicht<br \/>\nDie Halterung erm\u00f6glicht auch die Montage des Lasers um 330\u00b0 um den Lotpunkt, mit einer eingebauten Feineinstellung f\u00fcr eine schnellere Punkt-zu-Punkt-Ausrichtung.<br \/>\nGeeignet f\u00fcr Baustellen mit Schutzart IP 54, h\u00e4lt er St\u00fcrze aus einer H\u00f6he von bis zu 1 m stand.<br \/>\nSystem 100% kompatibel mit der MILWAUKEE-M12-Produktreihe\u00ae\u2122.<br \/>\nLieferung mit 1 Lasertarget und 1 Montagehalterung<\/p>\n<p>Spannung [V]: 12<br \/>\nBatterie: Lithium-Ionen<br \/>\nLieferumfang: PACKOUT<br \/>\nKoffer Standardausr\u00fcstung | Lieferumfang: HIVIST, LLD50, LM360, TRP120, Clip<br \/>\nBezeichnung: Modellvariante: M12 3PLKIT-401P<br \/>\nGewicht mit Akku [kg]: 1,5 (M12 B4)<br \/>\nSystem: M12<br \/>\nTechnologie: geb\u00fcrstet<br \/>\nInklusive Ladeger\u00e4t: C12 C<br \/>\nInklusive Akku: 1 x M12 B4<\/p>\n","protected":false},"excerpt":{"rendered":"<p>3 x 360\u00b0 hochintensive gr\u00fcne Linien f\u00fcr eine vollst\u00e4ndige Abdeckung der Umgebung Schnelle Ausrichtung mit Feineinstellung um den Nullpunkt Seltenerdverst\u00e4rkte<\/p>\n","protected":false},"featured_media":57479,"template":"","meta":{"_seopress_robots_primary_cat":"","_seopress_titles_title":"","_seopress_titles_desc":"","_seopress_robots_index":""},"product_brand":[3656],"product_cat":[1454,1449,169],"product_tag":[],"class_list":{"0":"post-419969","1":"product","2":"type-product","3":"status-publish","4":"has-post-thumbnail","6":"product_brand-milwaukee-de","7":"product_cat-andere-gerate","8":"product_cat-batteriesysteme-zubehor","9":"product_cat-maschinen","11":"first","12":"onbackorder","13":"shipping-taxable","14":"purchasable","15":"product-type-simple"},"_links":{"self":[{"href":"https:\/\/lucacastelli.com\/de\/wp-json\/wp\/v2\/product\/419969","targetHints":{"allow":["GET"]}}],"collection":[{"href":"https:\/\/lucacastelli.com\/de\/wp-json\/wp\/v2\/product"}],"about":[{"href":"https:\/\/lucacastelli.com\/de\/wp-json\/wp\/v2\/types\/product"}],"wp:featuredmedia":[{"embeddable":true,"href":"https:\/\/lucacastelli.com\/de\/wp-json\/wp\/v2\/media\/57479"}],"wp:attachment":[{"href":"https:\/\/lucacastelli.com\/de\/wp-json\/wp\/v2\/media?parent=419969"}],"wp:term":[{"taxonomy":"product_brand","embeddable":true,"href":"https:\/\/lucacastelli.com\/de\/wp-json\/wp\/v2\/product_brand?post=419969"},{"taxonomy":"product_cat","embeddable":true,"href":"https:\/\/lucacastelli.com\/de\/wp-json\/wp\/v2\/product_cat?post=419969"},{"taxonomy":"product_tag","embeddable":true,"href":"https:\/\/lucacastelli.com\/de\/wp-json\/wp\/v2\/product_tag?post=419969"}],"curies":[{"name":"wp","href":"https:\/\/api.w.org\/{rel}","templated":true}]}}