{"id":419966,"date":"2023-11-06T16:38:44","date_gmt":"2023-11-06T15:38:44","guid":{"rendered":"https:\/\/lucacastelli.com\/prodotto\/fuel-akku-winkelschleifer-m-bremse-m18fsag125xb-502x\/"},"modified":"2025-06-29T08:14:16","modified_gmt":"2025-06-29T06:14:16","slug":"fuel-akku-winkelschleifer-m-bremse-m18fsag125xb-502x","status":"publish","type":"product","link":"https:\/\/lucacastelli.com\/de\/produkt\/fuel-akku-winkelschleifer-m-bremse-m18fsag125xb-502x\/","title":{"rendered":"FUEL\u2122 Akku-Winkelschleifer m. Bremse M18FSAG125XB-502X"},"content":{"rendered":"<p>RAPIDSTOP\u2122 f\u00fcr schnelles Bremsen der Scheiben und hohen Anwenderschutz<br \/>\nFIXTEC\u2122 Schnellwechselsystem f\u00fcr werkzeuglosen Scheibenwechsel<br \/>\nDie werkzeuglose Einstellung der Schutzhaube erm\u00f6glicht gro\u00dfe Schnittkapazit\u00e4ten<br \/>\nKabelgebundene Leistung \u00e4hnlich der eines 1200-W-Winkelschleifers<br \/>\nReduzierte Getriebegr\u00f6\u00dfe und reduzierter Winkel des Batteriegeh\u00e4uses f\u00fcr eine bessere Balance und verbesserte Ergonomie im Vergleich zum Vorg\u00e4ngermodell<br \/>\nRAPIDSTOP\u2122 f\u00fcr schnelles Bremsen von Scheiben in weniger als 2 Sekunden f\u00fcr hohen Anwenderschutz<br \/>\nVibrationsd\u00e4mpfender Seitengriff zur Reduzierung von Vibrationen<br \/>\nFIXTEC\u2122 Schnellwechselsystem f\u00fcr werkzeuglosen Scheibenwechsel<br \/>\nSchlankes<br \/>\nGriffdesign Austauschbarer Staubschutz verhindert das Eindringen von Schmutz und verl\u00e4ngert die Lebensdauer der Maschine<br \/>\nWerkzeuglose Einstellung der Schutzhaube von 125 mm erm\u00f6glicht gro\u00dfe Schnittkapazit\u00e4ten<br \/>\nWiederanlaufschutz f\u00fcr hohen<br \/>\nBenutzerschutz Die FUEL-Plattform\u2122 wurde f\u00fcr die anspruchsvollsten Benutzer entwickelt. Die Technologie bietet maximale Leistung und kombiniert drei Kernkomponenten<br \/>\n, die zu 100 % kompatibel mit der MILWAUKEE-M18-Produktreihe\u00ae\u2122 sind <\/p>\n<p>Leerlaufdrehzahl [U\/min]: 8500<br \/>\nSpannung [V]: 18<br \/>\nBatterie: Lithium-Ionen<br \/>\nLieferumfang: HD-Box<br \/>\nSpindeldurchmesser: M14<br \/>\nSerienausstattung: austauschbare Staubschutzhaube, Schutzabdeckung, vibrationsd\u00e4mpfender Seitengriff, Flansch, Flanschmutter, Schraubenschl\u00fcssel, Schnellspanner<br \/>\nBezeichnung: Modellvariante: M18 FSAG125XB-502X<br \/>\nGewicht mit Akku [kg]: 2,7 (M18 B5)<br \/>\nMax. Schnitttiefe Schnitttiefe [mm]:  33<br \/>\nSystem: M18<br \/>\nTechnologie: Kraftstoffladeger\u00e4t<br \/>\nim Lieferumfang enthalten: M12-18 FC<br \/>\nEnthaltene Batterie: 2 x M18 B5 <\/p>\n","protected":false},"excerpt":{"rendered":"<p>RAPIDSTOP\u2122 f\u00fcr schnelles Bremsen der Scheiben und hohen Anwenderschutz FIXTEC\u2122 Schnellwechselsystem f\u00fcr werkzeuglosen Scheibenwechsel Die werkzeuglose Einstellung der Schutzhaube erm\u00f6glicht<\/p>\n","protected":false},"featured_media":57464,"template":"","meta":{"_seopress_robots_primary_cat":"","_seopress_titles_title":"","_seopress_titles_desc":"","_seopress_robots_index":""},"product_brand":[3407],"product_cat":[29,514,555],"product_tag":[],"class_list":{"0":"post-419966","1":"product","2":"type-product","3":"status-publish","4":"has-post-thumbnail","6":"product_brand-milwaukee","7":"product_cat-macchinari","8":"product_cat-altri-dispositivi","9":"product_cat-smerigliatrici","11":"first","12":"onbackorder","13":"shipping-taxable","14":"purchasable","15":"product-type-simple"},"_links":{"self":[{"href":"https:\/\/lucacastelli.com\/de\/wp-json\/wp\/v2\/product\/419966","targetHints":{"allow":["GET"]}}],"collection":[{"href":"https:\/\/lucacastelli.com\/de\/wp-json\/wp\/v2\/product"}],"about":[{"href":"https:\/\/lucacastelli.com\/de\/wp-json\/wp\/v2\/types\/product"}],"wp:featuredmedia":[{"embeddable":true,"href":"https:\/\/lucacastelli.com\/de\/wp-json\/wp\/v2\/media\/57464"}],"wp:attachment":[{"href":"https:\/\/lucacastelli.com\/de\/wp-json\/wp\/v2\/media?parent=419966"}],"wp:term":[{"taxonomy":"product_brand","embeddable":true,"href":"https:\/\/lucacastelli.com\/de\/wp-json\/wp\/v2\/product_brand?post=419966"},{"taxonomy":"product_cat","embeddable":true,"href":"https:\/\/lucacastelli.com\/de\/wp-json\/wp\/v2\/product_cat?post=419966"},{"taxonomy":"product_tag","embeddable":true,"href":"https:\/\/lucacastelli.com\/de\/wp-json\/wp\/v2\/product_tag?post=419966"}],"curies":[{"name":"wp","href":"https:\/\/api.w.org\/{rel}","templated":true}]}}