{"id":419961,"date":"2023-11-05T17:32:54","date_gmt":"2023-11-05T16:32:54","guid":{"rendered":"https:\/\/lucacastelli.com\/prodotto\/fuel-akku-kompakt-bohrschrauber-m12fdd2-602x\/"},"modified":"2025-06-29T08:14:07","modified_gmt":"2025-06-29T06:14:07","slug":"fuel-akku-kompakt-bohrschrauber-m12fdd2-602x","status":"publish","type":"product","link":"https:\/\/lucacastelli.com\/de\/produkt\/fuel-akku-kompakt-bohrschrauber-m12fdd2-602x\/","title":{"rendered":"FUEL\u2122 Akku-Kompakt-Bohrschrauber M12FDD2-602X"},"content":{"rendered":"<p>Extrem kompakte Bauweise mit 151 mm L\u00e4nge f\u00fcr einfachen Zugang auf engstem<br \/>\nRaum 45 Nm Drehmoment &#8211; hervorragendes Leistungsverh\u00e4ltnis<br \/>\nMechanische Rutschkupplung mit 13 Drehmomentstufen sowie einer Bohr- und einer Schlagbohreinstellung<br \/>\nHochwertiges 13-mm-Metallfutter f\u00fcr schnellen Bitwechsel und Bitschutz<br \/>\nBatterieladezustandsanzeige,  G\u00fcrtelclip aus Metall und LED-Licht<br \/>\nDie DNA unserer Fuel-Plattform\u2122 definiert die Balance der kabellosen Technologien. Der b\u00fcrstenlose PowerState-Motor\u2122 von MILWAUKEE, Redlithium<br \/>\nTechnology System, 100% kompatibel mit der MILWAUKEE-M12-Produktreihe\u00ae\u00ae <\/p>\n<p>Spannung [V]: 12<br \/>\nBatterie: Lithium-Ionen<br \/>\nLieferumfang:HD-Box<br \/>\nBezeichnung: Modellvariante: M12 FDD2-602X<br \/>\nGewicht mit Akku [kg]: 1,4 (M12 B6)<br \/>\nSystem: M12<br \/>\nTechnologie: Kraftstoff<br \/>\nInklusive Ladeger\u00e4t:C12 C<br \/>\nInklusive Batterie: 2 x M12 B6<\/p>\n","protected":false},"excerpt":{"rendered":"<p>Extrem kompakte Bauweise mit 151 mm L\u00e4nge f\u00fcr einfachen Zugang auf engstem Raum 45 Nm Drehmoment &#8211; hervorragendes Leistungsverh\u00e4ltnis Mechanische<\/p>\n","protected":false},"featured_media":57435,"template":"","meta":{"_seopress_robots_primary_cat":"","_seopress_titles_title":"","_seopress_titles_desc":"","_seopress_robots_index":""},"product_brand":[3656],"product_cat":[1454,1553,169],"product_tag":[],"class_list":{"0":"post-419961","1":"product","2":"type-product","3":"status-publish","4":"has-post-thumbnail","6":"product_brand-milwaukee-de","7":"product_cat-andere-gerate","8":"product_cat-bohrer-und-schraubendreher","9":"product_cat-maschinen","11":"first","12":"onbackorder","13":"shipping-taxable","14":"purchasable","15":"product-type-simple"},"_links":{"self":[{"href":"https:\/\/lucacastelli.com\/de\/wp-json\/wp\/v2\/product\/419961","targetHints":{"allow":["GET"]}}],"collection":[{"href":"https:\/\/lucacastelli.com\/de\/wp-json\/wp\/v2\/product"}],"about":[{"href":"https:\/\/lucacastelli.com\/de\/wp-json\/wp\/v2\/types\/product"}],"wp:featuredmedia":[{"embeddable":true,"href":"https:\/\/lucacastelli.com\/de\/wp-json\/wp\/v2\/media\/57435"}],"wp:attachment":[{"href":"https:\/\/lucacastelli.com\/de\/wp-json\/wp\/v2\/media?parent=419961"}],"wp:term":[{"taxonomy":"product_brand","embeddable":true,"href":"https:\/\/lucacastelli.com\/de\/wp-json\/wp\/v2\/product_brand?post=419961"},{"taxonomy":"product_cat","embeddable":true,"href":"https:\/\/lucacastelli.com\/de\/wp-json\/wp\/v2\/product_cat?post=419961"},{"taxonomy":"product_tag","embeddable":true,"href":"https:\/\/lucacastelli.com\/de\/wp-json\/wp\/v2\/product_tag?post=419961"}],"curies":[{"name":"wp","href":"https:\/\/api.w.org\/{rel}","templated":true}]}}