{"id":419957,"date":"2023-11-02T14:18:28","date_gmt":"2023-11-02T13:18:28","guid":{"rendered":"https:\/\/lucacastelli.com\/prodotto\/kompakt-buerstenloser-akku-schlagschrauber-1-4-hex-m18cblid-0\/"},"modified":"2025-06-29T08:14:01","modified_gmt":"2025-06-29T06:14:01","slug":"kompakt-buerstenloser-akku-schlagschrauber-1-4-hex-m18cblid-0","status":"publish","type":"product","link":"https:\/\/lucacastelli.com\/de\/produkt\/kompakt-buerstenloser-akku-schlagschrauber-1-4-hex-m18cblid-0\/","title":{"rendered":"Kompakt-B\u00fcrstenloser Akku-Schlagschrauber 1\/4 \u0301 \u0301 Hex M18CBLID-0"},"content":{"rendered":"<p>Kompakter Schlagschrauber mit nur 130 mm L\u00e4nge, ideal f\u00fcr Arbeiten an schwer zug\u00e4nglichen<br \/>\nStellen B\u00fcrstenloser Motor liefert 180 Nm Drehmoment, 3400 min-\u00b9 und eine Schlaggeschwindigkeit von 4200 H\u00fcben pro Minute<br \/>\nGanzmetallgetriebe f\u00fcr maximale Haltbarkeit und Drehmoment<br \/>\nREDLINK-Elektronik\u2122: \u00dcberlastschutz von Maschine und Akku sorgt f\u00fcr eine lange Lebensdauer.<br \/>\nDie REDLITHIUM-Batterie\u2122 bietet ein perfekt kalibriertes Design, eine fortschrittliche Elektronik und eine verlustfreie Stromversorgung f\u00fcr eine l\u00e4ngere Lebensdauer.<br \/>\nAkkuladeanzeige und LED-Beleuchtung des Arbeitsbereichs<br \/>\nMit G\u00fcrtelclip<br \/>\nSystem 100% kompatibel mit der Produktreihe MILWAUKEE-M18\u00ae\u2122.<\/p>\n<p>Artikelnummer: 4933464476<br \/>\nLeerlaufdrehzahl [U\/min]: 0 &#8211; 3400<br \/>\nMaximales Drehmoment [Nm]: 180 Drehmoment [Nm]: 180<br \/>\nSpannung [V]: 18<br \/>\nBatterie: Lithium-Ionen<br \/>\nSchlagdrehzahl [min_1]: 0 &#8211; 4200<br \/>\nLieferumfang: Karton<br \/>\nMaximaler Schraubendurchmesser: M14 Schraubendurchmesser: M14<br \/>\nSerienausstattung [Lieferumfang: G\u00fcrtelclip<br \/>\nBeschreibung: Modellvariante: M18 CBLID-0<br \/>\nGewicht mit Akku [kg]:  1.7 (M18 B4)<br \/>\nSystem: M18<br \/>\nTechnologie:<br \/>\nKraftstoffladeger\u00e4t im Lieferumfang enthalten:Kein Ladeger\u00e4t im Lieferumfang enthalten<br \/>\nAkku im Lieferumfang enthalten:Kein Akku im Lieferumfang enthalten<\/p>\n","protected":false},"excerpt":{"rendered":"<p>Kompakter Schlagschrauber mit nur 130 mm L\u00e4nge, ideal f\u00fcr Arbeiten an schwer zug\u00e4nglichen Stellen B\u00fcrstenloser Motor liefert 180 Nm Drehmoment,<\/p>\n","protected":false},"featured_media":57415,"template":"","meta":{"_seopress_robots_primary_cat":"","_seopress_titles_title":"","_seopress_titles_desc":"","_seopress_robots_index":""},"product_brand":[3656],"product_cat":[1454,1553,169],"product_tag":[],"class_list":{"0":"post-419957","1":"product","2":"type-product","3":"status-publish","4":"has-post-thumbnail","6":"product_brand-milwaukee-de","7":"product_cat-andere-gerate","8":"product_cat-bohrer-und-schraubendreher","9":"product_cat-maschinen","11":"first","12":"onbackorder","13":"shipping-taxable","14":"purchasable","15":"product-type-simple"},"_links":{"self":[{"href":"https:\/\/lucacastelli.com\/de\/wp-json\/wp\/v2\/product\/419957","targetHints":{"allow":["GET"]}}],"collection":[{"href":"https:\/\/lucacastelli.com\/de\/wp-json\/wp\/v2\/product"}],"about":[{"href":"https:\/\/lucacastelli.com\/de\/wp-json\/wp\/v2\/types\/product"}],"wp:featuredmedia":[{"embeddable":true,"href":"https:\/\/lucacastelli.com\/de\/wp-json\/wp\/v2\/media\/57415"}],"wp:attachment":[{"href":"https:\/\/lucacastelli.com\/de\/wp-json\/wp\/v2\/media?parent=419957"}],"wp:term":[{"taxonomy":"product_brand","embeddable":true,"href":"https:\/\/lucacastelli.com\/de\/wp-json\/wp\/v2\/product_brand?post=419957"},{"taxonomy":"product_cat","embeddable":true,"href":"https:\/\/lucacastelli.com\/de\/wp-json\/wp\/v2\/product_cat?post=419957"},{"taxonomy":"product_tag","embeddable":true,"href":"https:\/\/lucacastelli.com\/de\/wp-json\/wp\/v2\/product_tag?post=419957"}],"curies":[{"name":"wp","href":"https:\/\/api.w.org\/{rel}","templated":true}]}}