{"id":419954,"date":"2023-11-02T13:46:05","date_gmt":"2023-11-02T12:46:05","guid":{"rendered":"https:\/\/lucacastelli.com\/prodotto\/fuel-akku-kompakt-schlagbohrschrauber-m12fpd2-0\/"},"modified":"2026-04-17T23:58:40","modified_gmt":"2026-04-17T21:58:40","slug":"fuel-akku-kompakt-schlagbohrschrauber-m12fpd2-0","status":"publish","type":"product","link":"https:\/\/lucacastelli.com\/de\/produkt\/fuel-akku-kompakt-schlagbohrschrauber-m12fpd2-0\/","title":{"rendered":"FUEL\u2122 Akku-Kompakt-Schlagbohrschrauber M12FPD2-0"},"content":{"rendered":"<p>Extrem kompaktes Design mit einer L\u00e4nge von 152 mm f\u00fcr einfachen Zugang in engen R\u00e4umen<br \/>\n45 Nm Drehmoment \u2013 hervorragendes Verh\u00e4ltnis von Leistung zu Gr\u00f6\u00dfe<br \/>\nHochwertiges 13-mm-Metallbohrfutter f\u00fcr schnellen Bitwechsel und Bit-Aufbewahrung<br \/>\nMechanische Rutschkupplung mit 13 Drehmomenteinstellungen plus Bohr- und Schlagbohrstufe<br \/>\nAkkuladestandsanzeige, G\u00fcrtelclip aus Metall und LED-Licht<br \/>\nDie DNA unserer FUEL\u2122-Plattform definiert das Gleichgewicht kabelloser Technologien. B\u00fcrstenloser MILWAUKEE\u00ae PowerState\u2122-Motor, Redlithium\u2122-Technologie.<br \/>\nKompatibel mit allen MILWAUKEE\u00ae M12\u2122-Akkus.<\/p>\n<p>Spannung [V]: 12<br \/>\nAkku: Li-Ion<br \/>\nGeliefert in: Karton<br \/>\nBeschreibung: Modellvariante: M12 FPD2-0<br \/>\nGewicht mit Akku [kg]: 1,4 (M12 B6)<br \/>\nSystem: M12<br \/>\nTechnologie: FUEL\u2122<br \/>\nLadeger\u00e4t im Lieferumfang enthalten: Kein Ladeger\u00e4t im Lieferumfang enthalten<\/p>\n","protected":false},"excerpt":{"rendered":"<p>Extrem kompaktes Design mit einer L\u00e4nge von 152 mm f\u00fcr einfachen Zugang in engen R\u00e4umen 45 Nm Drehmoment \u2013 hervorragendes<\/p>\n","protected":false},"featured_media":57410,"template":"","meta":{"_seopress_robots_primary_cat":"none","_seopress_titles_title":"","_seopress_titles_desc":"","_seopress_robots_index":""},"product_brand":[3656],"product_cat":[169,1454,1553],"product_tag":[],"class_list":{"0":"post-419954","1":"product","2":"type-product","3":"status-publish","4":"has-post-thumbnail","6":"product_brand-milwaukee-de","7":"product_cat-maschinen","8":"product_cat-andere-gerate","9":"product_cat-bohrer-und-schraubendreher","11":"first","12":"onbackorder","13":"sale","14":"shipping-taxable","15":"purchasable","16":"product-type-simple"},"_links":{"self":[{"href":"https:\/\/lucacastelli.com\/de\/wp-json\/wp\/v2\/product\/419954","targetHints":{"allow":["GET"]}}],"collection":[{"href":"https:\/\/lucacastelli.com\/de\/wp-json\/wp\/v2\/product"}],"about":[{"href":"https:\/\/lucacastelli.com\/de\/wp-json\/wp\/v2\/types\/product"}],"wp:featuredmedia":[{"embeddable":true,"href":"https:\/\/lucacastelli.com\/de\/wp-json\/wp\/v2\/media\/57410"}],"wp:attachment":[{"href":"https:\/\/lucacastelli.com\/de\/wp-json\/wp\/v2\/media?parent=419954"}],"wp:term":[{"taxonomy":"product_brand","embeddable":true,"href":"https:\/\/lucacastelli.com\/de\/wp-json\/wp\/v2\/product_brand?post=419954"},{"taxonomy":"product_cat","embeddable":true,"href":"https:\/\/lucacastelli.com\/de\/wp-json\/wp\/v2\/product_cat?post=419954"},{"taxonomy":"product_tag","embeddable":true,"href":"https:\/\/lucacastelli.com\/de\/wp-json\/wp\/v2\/product_tag?post=419954"}],"curies":[{"name":"wp","href":"https:\/\/api.w.org\/{rel}","templated":true}]}}