{"id":419951,"date":"2023-11-02T13:29:11","date_gmt":"2023-11-02T12:29:11","guid":{"rendered":"https:\/\/lucacastelli.com\/prodotto\/fuel-akku-betonruettler-m18fcvn24-0\/"},"modified":"2025-06-29T08:13:56","modified_gmt":"2025-06-29T06:13:56","slug":"fuel-akku-betonruettler-m18fcvn24-0","status":"publish","type":"product","link":"https:\/\/lucacastelli.com\/de\/produkt\/fuel-akku-betonruettler-m18fcvn24-0\/","title":{"rendered":"FUEL\u2122 Akku-Betonr\u00fcttler M18FCVN24-0"},"content":{"rendered":"<p>Akku-R\u00fcttler M18 FUEL\u2122 f\u00fcr die Betonverfestigung in kompakter Bauweise.<br \/>\nSchachtl\u00e4nge 1,2 m, empfohlen f\u00fcr Fundamente oder kleine flache Arbeiten (M18 FCVN12)<br \/>\nMastl\u00e4nge 2,4 m, empfohlen f\u00fcr W\u00e4nde oder St\u00fctzen (M18 FCVN24)<br \/>\n25 mm\u00b2 und 12.500 VPM F\u00f6rderh\u00f6he f\u00fcr verbesserte Konsolidierungsleistung<br \/>\nVariabler Geschwindigkeitsausl\u00f6ser f\u00fcr ideale Anpassung an jedes Material und jede Schalungsgr\u00f6\u00dfe<br \/>\nAufh\u00e4ngehaken bei Nichtgebrauch des Werkzeugs, zum Anbau an Schalung oder Ger\u00fcst<br \/>\nGeringes Gewicht f\u00fcr eine komfortable Nutzung und einen einfachen Transport zur Baustelle<br \/>\nLeistung zum Verdichten von bis zu einer LKW-Ladung aus Beton (8 m\u00b3) mit einem 5,5 Ah<br \/>\n M18-Akku\u2122Das HIGH OUTPUT\u2122 Werkzeugsystem hebt die M18 FUEL-Technologien\u2122 auf ein neues Niveau und bietet mehr Leistung und Laufzeit. Diese Werkzeuge sind<br \/>\nzu 100 % kompatibel mit der MILWAUKEE-M18-Produktreihe\u00ae\u2122. <\/p>\n<p>Akku: Lithium-Ionen<br \/>\nLieferumfang: Karton<br \/>\nBeschreibung: Modellvariante: M18 FCVN24-0<br \/>\nGewicht mit Akku [kg]: 6,5 (M18 HB5.5)<br \/>\nSystem: M18<br \/>\nTechnologie: Brushless<br \/>\nLadeger\u00e4t im Lieferumfang enthalten:Kein Ladeger\u00e4t im Lieferumfang enthalten<br \/>\nAkku: Kein Akku im Lieferumfang enthalten<\/p>\n","protected":false},"excerpt":{"rendered":"<p>Akku-R\u00fcttler M18 FUEL\u2122 f\u00fcr die Betonverfestigung in kompakter Bauweise. Schachtl\u00e4nge 1,2 m, empfohlen f\u00fcr Fundamente oder kleine flache Arbeiten (M18<\/p>\n","protected":false},"featured_media":57405,"template":"","meta":{"_seopress_robots_primary_cat":"","_seopress_titles_title":"","_seopress_titles_desc":"","_seopress_robots_index":""},"product_brand":[3656],"product_cat":[1454,1565,169],"product_tag":[],"class_list":{"0":"post-419951","1":"product","2":"type-product","3":"status-publish","4":"has-post-thumbnail","6":"product_brand-milwaukee-de","7":"product_cat-andere-gerate","8":"product_cat-betonruttler","9":"product_cat-maschinen","11":"first","12":"onbackorder","13":"shipping-taxable","14":"purchasable","15":"product-type-simple"},"_links":{"self":[{"href":"https:\/\/lucacastelli.com\/de\/wp-json\/wp\/v2\/product\/419951","targetHints":{"allow":["GET"]}}],"collection":[{"href":"https:\/\/lucacastelli.com\/de\/wp-json\/wp\/v2\/product"}],"about":[{"href":"https:\/\/lucacastelli.com\/de\/wp-json\/wp\/v2\/types\/product"}],"wp:featuredmedia":[{"embeddable":true,"href":"https:\/\/lucacastelli.com\/de\/wp-json\/wp\/v2\/media\/57405"}],"wp:attachment":[{"href":"https:\/\/lucacastelli.com\/de\/wp-json\/wp\/v2\/media?parent=419951"}],"wp:term":[{"taxonomy":"product_brand","embeddable":true,"href":"https:\/\/lucacastelli.com\/de\/wp-json\/wp\/v2\/product_brand?post=419951"},{"taxonomy":"product_cat","embeddable":true,"href":"https:\/\/lucacastelli.com\/de\/wp-json\/wp\/v2\/product_cat?post=419951"},{"taxonomy":"product_tag","embeddable":true,"href":"https:\/\/lucacastelli.com\/de\/wp-json\/wp\/v2\/product_tag?post=419951"}],"curies":[{"name":"wp","href":"https:\/\/api.w.org\/{rel}","templated":true}]}}