{"id":419947,"date":"2023-10-17T09:35:38","date_gmt":"2023-10-17T07:35:38","guid":{"rendered":"https:\/\/lucacastelli.com\/prodotto\/akku-geblaese-m12bbl-0\/"},"modified":"2025-08-01T00:00:12","modified_gmt":"2025-07-31T22:00:12","slug":"akku-geblaese-m12bbl-0","status":"publish","type":"product","link":"https:\/\/lucacastelli.com\/de\/produkt\/akku-geblaese-m12bbl-0\/","title":{"rendered":"Akku-Gebl\u00e4se M12BBL-0"},"content":{"rendered":"<p>System 100% kompatibel mit der MILWAUKEE\u00ae M12-Produktreihe\u2122.<br \/>\nAxialgebl\u00e4se<br \/>\n2-stufig<br \/>\neinstellbare Drehzahl Blasrohrverl\u00e4ngerung<br \/>\nLeistungsstarker Motor kann bis zu 4,81 m\u00b3\/min Luftvolumen bei 177 km\/h erzeugen, um die Baustelle<br \/>\nschnell zu reinigen Leichtes und handliches Gebl\u00e4se f\u00fcr eine saubere<br \/>\nUmgebung Leistungsregelung &#8211; 2-stufig einstellbare Drehzahl mit arretierbarem Schalter.<br \/>\nVielseitiges Zubeh\u00f6r: Blasrohrverl\u00e4ngerung (25,5 cm) und Tieflochrohr f\u00fcr pr\u00e4zises Arbeiten.<br \/>\nAbnehmbares Blasrohr f\u00fcr einfache und bequeme Aufbewahrung<br \/>\nAxiales Gebl\u00e4se<\/p>\n","protected":false},"excerpt":{"rendered":"<p>System 100% kompatibel mit der MILWAUKEE\u00ae M12-Produktreihe\u2122. Axialgebl\u00e4se 2-stufig einstellbare Drehzahl Blasrohrverl\u00e4ngerung Leistungsstarker Motor kann bis zu 4,81 m\u00b3\/min Luftvolumen<\/p>\n","protected":false},"featured_media":57364,"template":"","meta":{"_seopress_robots_primary_cat":"","_seopress_titles_title":"","_seopress_titles_desc":"","_seopress_robots_index":""},"product_brand":[3407],"product_cat":[29,485,486],"product_tag":[],"class_list":{"0":"post-419947","1":"product","2":"type-product","3":"status-publish","4":"has-post-thumbnail","6":"product_brand-milwaukee","7":"product_cat-macchinari","8":"product_cat-soffiatori-e-aspiratori","9":"product_cat-soffiatori-a-motore","10":"sws-gruppo-macchinari","11":"sws-conto-ricavi-merci-rivendita-macchinari","12":"sws-gruppo-iva-iva81","14":"first","15":"instock","16":"shipping-taxable","17":"purchasable","18":"product-type-simple"},"_links":{"self":[{"href":"https:\/\/lucacastelli.com\/de\/wp-json\/wp\/v2\/product\/419947","targetHints":{"allow":["GET"]}}],"collection":[{"href":"https:\/\/lucacastelli.com\/de\/wp-json\/wp\/v2\/product"}],"about":[{"href":"https:\/\/lucacastelli.com\/de\/wp-json\/wp\/v2\/types\/product"}],"wp:featuredmedia":[{"embeddable":true,"href":"https:\/\/lucacastelli.com\/de\/wp-json\/wp\/v2\/media\/57364"}],"wp:attachment":[{"href":"https:\/\/lucacastelli.com\/de\/wp-json\/wp\/v2\/media?parent=419947"}],"wp:term":[{"taxonomy":"product_brand","embeddable":true,"href":"https:\/\/lucacastelli.com\/de\/wp-json\/wp\/v2\/product_brand?post=419947"},{"taxonomy":"product_cat","embeddable":true,"href":"https:\/\/lucacastelli.com\/de\/wp-json\/wp\/v2\/product_cat?post=419947"},{"taxonomy":"product_tag","embeddable":true,"href":"https:\/\/lucacastelli.com\/de\/wp-json\/wp\/v2\/product_tag?post=419947"}],"curies":[{"name":"wp","href":"https:\/\/api.w.org\/{rel}","templated":true}]}}