{"id":419936,"date":"2023-08-27T20:09:45","date_gmt":"2023-08-27T18:09:45","guid":{"rendered":"https:\/\/lucacastelli.com\/prodotto\/fuel-akku-schlagbohrschrauber-m18fpd3-0x\/"},"modified":"2025-06-29T08:12:37","modified_gmt":"2025-06-29T06:12:37","slug":"fuel-akku-schlagbohrschrauber-m18fpd3-0x","status":"publish","type":"product","link":"https:\/\/lucacastelli.com\/de\/produkt\/fuel-akku-schlagbohrschrauber-m18fpd3-0x\/","title":{"rendered":"FUEL\u2122 Akku-Schlagbohrschrauber M18FPD3-0X"},"content":{"rendered":"<p>H\u00f6here Leistung unter Last &#8211; hohes Drehmoment von 158 Nm<br \/>\nExtrem kompakte Bauweise mit einer L\u00e4nge von 175 mm f\u00fcr optimalen Zugang bei beengten Platzverh\u00e4ltnissen<br \/>\nAUTOSTOP-Funktion\u2122, erh\u00f6hte Sicherheit<br \/>\n13 mm Metallfutter f\u00fcr schnellen Bitwechsel und Lagerung<br \/>\nErm\u00f6glicht schnelles Bohren unter Last<br \/>\nHellere<br \/>\nLED-Arbeitsplatzbeleuchtung Akkuladeanzeige zeigt die verbleibende Leistung<br \/>\nan Ganzmetall-G\u00fcrtelclip zum schnellen und einfachen<br \/>\nAufh\u00e4ngen des Werkzeugs Die \u00dcberwachung der einzelnen Akkuzellen optimiert die Betriebszeit des Werkzeugs und sorgt f\u00fcr eine lange Akkulaufzeit.<br \/>\nDie DNA unserer FUEL-Plattform\u2122 definiert das Gleichgewicht der Batterietechnologien neu. Der b\u00fcrstenlose MILWAUKEE\u00ae POWERSTATE-Motor\u2122, die REDLITHIUM-Batterie\u2122 und die elektronische REDLINK PLUS-Intelligenz\u2122 garantieren au\u00dfergew\u00f6hnliche Leistung, Autonomie und Langlebigkeit.<br \/>\n100% kompatibel mit der MILWAUKEE\u00ae M18 Produktreihe. <\/p>\n<p>Technische Daten:<\/p>\n<p>Spannbereich der Spindel (mm): 13<br \/>\nLeerlaufdrehzahl (min-\u00b9): 0 &#8211; 500<br \/>\nLeerlaufdrehzahl (min-\u00b9): 0 &#8211; 2100<br \/>\nLeerlaufdrehzahl im 1. Gang (min-\u00b9): 0 &#8211; 500<br \/>\nLeerlaufdrehzahl im 2. Gang (min-\u00b9): 0 &#8211; 2100<br \/>\nMaximaler Bohrdurchmesser in Holz (mm) Bohrdurchmesser in Holz (mm): 89<br \/>\nMaximaler Durchmesser des Bohrlochs Maximaler Durchmesser des Bohrens (mm): 16<br \/>\nMaximaler Bohrdurchmesser in Stahl Bohrdurchmesser in Stahl (mm): 16<br \/>\nMaximales Drehmoment (Nm): 158 Drehmoment (Nm): 158<br \/>\nMaximale Schlaggeschwindigkeit (min-\u00b9): 0 &#8211; 33.000 Schlaggeschwindigkeit (min-\u00b9): 0 &#8211; 33.000<br \/>\nGewicht mit Akku (EPTA) (kg): 2,2 (M18 B5)<\/p>\n<p>Lieferumfang:<\/p>\n<p>nur in HD-Box<br \/>\nohne Batterien, ohne Ladeger\u00e4t<\/p>\n","protected":false},"excerpt":{"rendered":"<p>H\u00f6here Leistung unter Last &#8211; hohes Drehmoment von 158 Nm Extrem kompakte Bauweise mit einer L\u00e4nge von 175 mm f\u00fcr<\/p>\n","protected":false},"featured_media":57228,"template":"","meta":{"_seopress_robots_primary_cat":"","_seopress_titles_title":"","_seopress_titles_desc":"","_seopress_robots_index":""},"product_brand":[3656],"product_cat":[1454,1553,169],"product_tag":[],"class_list":{"0":"post-419936","1":"product","2":"type-product","3":"status-publish","4":"has-post-thumbnail","6":"product_brand-milwaukee-de","7":"product_cat-andere-gerate","8":"product_cat-bohrer-und-schraubendreher","9":"product_cat-maschinen","11":"first","12":"onbackorder","13":"shipping-taxable","14":"purchasable","15":"product-type-simple"},"_links":{"self":[{"href":"https:\/\/lucacastelli.com\/de\/wp-json\/wp\/v2\/product\/419936","targetHints":{"allow":["GET"]}}],"collection":[{"href":"https:\/\/lucacastelli.com\/de\/wp-json\/wp\/v2\/product"}],"about":[{"href":"https:\/\/lucacastelli.com\/de\/wp-json\/wp\/v2\/types\/product"}],"wp:featuredmedia":[{"embeddable":true,"href":"https:\/\/lucacastelli.com\/de\/wp-json\/wp\/v2\/media\/57228"}],"wp:attachment":[{"href":"https:\/\/lucacastelli.com\/de\/wp-json\/wp\/v2\/media?parent=419936"}],"wp:term":[{"taxonomy":"product_brand","embeddable":true,"href":"https:\/\/lucacastelli.com\/de\/wp-json\/wp\/v2\/product_brand?post=419936"},{"taxonomy":"product_cat","embeddable":true,"href":"https:\/\/lucacastelli.com\/de\/wp-json\/wp\/v2\/product_cat?post=419936"},{"taxonomy":"product_tag","embeddable":true,"href":"https:\/\/lucacastelli.com\/de\/wp-json\/wp\/v2\/product_tag?post=419936"}],"curies":[{"name":"wp","href":"https:\/\/api.w.org\/{rel}","templated":true}]}}