{"id":419928,"date":"2023-08-25T10:51:20","date_gmt":"2023-08-25T08:51:20","guid":{"rendered":"https:\/\/lucacastelli.com\/prodotto\/fuel-akku-bandschleifer-m18fbts75-502x\/"},"modified":"2025-06-29T08:12:02","modified_gmt":"2025-06-29T06:12:02","slug":"fuel-akku-bandschleifer-m18fbts75-502x","status":"publish","type":"product","link":"https:\/\/lucacastelli.com\/de\/produkt\/fuel-akku-bandschleifer-m18fbts75-502x\/","title":{"rendered":"FUEL\u2122 Akku-Bandschleifer M18FBTS75-502X"},"content":{"rendered":"<p>Kompaktes Design mit flachen Vorder- und Seitenkanten erm\u00f6glicht fl\u00e4chenb\u00fcndiges Schleifen<br \/>\nErfasst 90 % des Staubs durch die universelle Staub\u00f6ffnung oder mit dem mehrschichtigen Staubbeutel<br \/>\nVariable Geschwindigkeitseinstellung mit einem Bandgeschwindigkeitsbereich von 230 bis 410 m\/s Mit dem werkzeuglos verstellbaren<br \/>\nKnopf k\u00f6nnen Sie den vorderen Griff einstellen, um die optimale Schleifposition f\u00fcr den Benutzer<br \/>\nzu finden Standardbandgr\u00f6\u00dfe von 75 x 457 mm<br \/>\nWerkzeugloser Bandwechsel mit einfacher Bandrollenverstellung f\u00fcr eine pr\u00e4zise<br \/>\n BandausrichtungLED-Beleuchtung an der Front und an der Seite f\u00fcr 180\u00b0 Ausleuchtung.<br \/>\nDie FUEL-Plattform\u2122 ist f\u00fcr die anspruchsvollsten Benutzer konzipiert. Die Technologie bietet maximale Leistung und vereint drei zentrale Elemente: den b\u00fcrstenlosen POWERSTATE-Motor\u2122, die REDLITHIUM-Batterie\u2122 und die REDLINK PLUS-Elektronik. \u2122 Durch die optimale Kombination dieser drei MILWAUKEE-Technologien\u00ae erreichen wir maximale Leistung bei m\u00f6glichst langer Lebensdauer.<br \/>\n100% kompatibel mit der MILWAUKEE-M18\u00ae\u2122 Produktreihe.<br \/>\nIm Lieferumfang sind enthalten:  <\/p>\n<p>2 x M18 HB5.5 Akkus, M12-18 FC Ladeger\u00e4t, HD Box, Staubbeutel, 1 x Schleifpapier.<\/p>\n","protected":false},"excerpt":{"rendered":"<p>Kompaktes Design mit flachen Vorder- und Seitenkanten erm\u00f6glicht fl\u00e4chenb\u00fcndiges Schleifen Erfasst 90 % des Staubs durch die universelle Staub\u00f6ffnung oder<\/p>\n","protected":false},"featured_media":57193,"template":"","meta":{"_seopress_robots_primary_cat":"","_seopress_titles_title":"","_seopress_titles_desc":"","_seopress_robots_index":""},"product_brand":[3407],"product_cat":[29,514,554],"product_tag":[],"class_list":{"0":"post-419928","1":"product","2":"type-product","3":"status-publish","4":"has-post-thumbnail","6":"product_brand-milwaukee","7":"product_cat-macchinari","8":"product_cat-altri-dispositivi","9":"product_cat-spazzole","11":"first","12":"onbackorder","13":"shipping-taxable","14":"purchasable","15":"product-type-simple"},"_links":{"self":[{"href":"https:\/\/lucacastelli.com\/de\/wp-json\/wp\/v2\/product\/419928","targetHints":{"allow":["GET"]}}],"collection":[{"href":"https:\/\/lucacastelli.com\/de\/wp-json\/wp\/v2\/product"}],"about":[{"href":"https:\/\/lucacastelli.com\/de\/wp-json\/wp\/v2\/types\/product"}],"wp:featuredmedia":[{"embeddable":true,"href":"https:\/\/lucacastelli.com\/de\/wp-json\/wp\/v2\/media\/57193"}],"wp:attachment":[{"href":"https:\/\/lucacastelli.com\/de\/wp-json\/wp\/v2\/media?parent=419928"}],"wp:term":[{"taxonomy":"product_brand","embeddable":true,"href":"https:\/\/lucacastelli.com\/de\/wp-json\/wp\/v2\/product_brand?post=419928"},{"taxonomy":"product_cat","embeddable":true,"href":"https:\/\/lucacastelli.com\/de\/wp-json\/wp\/v2\/product_cat?post=419928"},{"taxonomy":"product_tag","embeddable":true,"href":"https:\/\/lucacastelli.com\/de\/wp-json\/wp\/v2\/product_tag?post=419928"}],"curies":[{"name":"wp","href":"https:\/\/api.w.org\/{rel}","templated":true}]}}