{"id":419925,"date":"2023-08-25T10:50:50","date_gmt":"2023-08-25T08:50:50","guid":{"rendered":"https:\/\/lucacastelli.com\/prodotto\/akku-exzenterschleifer-m18bos125-0\/"},"modified":"2025-06-29T08:11:58","modified_gmt":"2025-06-29T06:11:58","slug":"akku-exzenterschleifer-m18bos125-0","status":"publish","type":"product","link":"https:\/\/lucacastelli.com\/de\/produkt\/akku-exzenterschleifer-m18bos125-0\/","title":{"rendered":"Akku Exzenterschleifer M18BOS125-0"},"content":{"rendered":"<p>14.000 bis 24.000 Schleifh\u00fcbe durch Milwaukee\u00ae f\u00fchren zu verbessertem Materialabtrag<br \/>\nREDLINK-Elektronik\u2122 &#8211; \u00dcberlastschutz von Maschine und Akku sorgt f\u00fcr eine lange Lebensdauer<br \/>\n6-stufige Drehzahlvorwahl f\u00fcr eine materialspezifische Abtragsleistung<br \/>\nStaubbox mit integriertem Filter<br \/>\nEinfacher Schleifscheibenwechsel<br \/>\nWiegt nur 1,6 kg<br \/>\nDer mitgelieferte Adapter passt auf alle Milwaukee Staubsauger<br \/>\nDer REDLITHIUM-ION-Akku\u2122 bietet ein perfekt kalibriertes Design, fortschrittliche Elektronik und verlustfreie Stromversorgung f\u00fcr eine l\u00e4ngere Lebensdauer und eine l\u00e4ngere Lebensdauer als bei den Vorg\u00e4ngermodellen<br \/>\n100% kompatibel mit Milwaukee\u00ae M18\u2122 Produktreihe<br \/>\nTechnische Daten:<\/p>\n<p>Lithium-Ionen-Akku<br \/>\nGewicht mit Akku (kg) 1,6<br \/>\nLeerlaufdrehzahl (min-1) 12.000<br \/>\nSchleifscheibe \/ Schleifpapier Gr\u00f6\u00dfe (mm) 125<br \/>\nSchwingkreisdurchmesser (mm) 2,4<br \/>\nVibrationsgeschwindigkeit (min-1) 14.000 &#8211; 24.000<br \/>\nSpannung (V) 18<br \/>\nLieferumfang:<br \/>\nohne Akku, ohne Werkzeugtasche, ohne Ladeger\u00e4t, Staubbeutel, Saugadapter,  Verl\u00e4ngerungsadapter, 2 x Schleifpapier<\/p>\n","protected":false},"excerpt":{"rendered":"<p>14.000 bis 24.000 Schleifh\u00fcbe durch Milwaukee\u00ae f\u00fchren zu verbessertem Materialabtrag REDLINK-Elektronik\u2122 &#8211; \u00dcberlastschutz von Maschine und Akku sorgt f\u00fcr eine<\/p>\n","protected":false},"featured_media":57188,"template":"","meta":{"_seopress_robots_primary_cat":"","_seopress_titles_title":"","_seopress_titles_desc":"","_seopress_robots_index":""},"product_brand":[3407],"product_cat":[29,514,554],"product_tag":[],"class_list":{"0":"post-419925","1":"product","2":"type-product","3":"status-publish","4":"has-post-thumbnail","6":"product_brand-milwaukee","7":"product_cat-macchinari","8":"product_cat-altri-dispositivi","9":"product_cat-spazzole","11":"first","12":"onbackorder","13":"shipping-taxable","14":"purchasable","15":"product-type-simple"},"_links":{"self":[{"href":"https:\/\/lucacastelli.com\/de\/wp-json\/wp\/v2\/product\/419925","targetHints":{"allow":["GET"]}}],"collection":[{"href":"https:\/\/lucacastelli.com\/de\/wp-json\/wp\/v2\/product"}],"about":[{"href":"https:\/\/lucacastelli.com\/de\/wp-json\/wp\/v2\/types\/product"}],"wp:featuredmedia":[{"embeddable":true,"href":"https:\/\/lucacastelli.com\/de\/wp-json\/wp\/v2\/media\/57188"}],"wp:attachment":[{"href":"https:\/\/lucacastelli.com\/de\/wp-json\/wp\/v2\/media?parent=419925"}],"wp:term":[{"taxonomy":"product_brand","embeddable":true,"href":"https:\/\/lucacastelli.com\/de\/wp-json\/wp\/v2\/product_brand?post=419925"},{"taxonomy":"product_cat","embeddable":true,"href":"https:\/\/lucacastelli.com\/de\/wp-json\/wp\/v2\/product_cat?post=419925"},{"taxonomy":"product_tag","embeddable":true,"href":"https:\/\/lucacastelli.com\/de\/wp-json\/wp\/v2\/product_tag?post=419925"}],"curies":[{"name":"wp","href":"https:\/\/api.w.org\/{rel}","templated":true}]}}