{"id":419921,"date":"2023-07-17T18:48:47","date_gmt":"2023-07-17T16:48:47","guid":{"rendered":"https:\/\/lucacastelli.com\/prodotto\/akku-kombihammer-m18blhx-0x\/"},"modified":"2025-06-29T08:11:56","modified_gmt":"2025-06-29T06:11:56","slug":"akku-kombihammer-m18blhx-0x","status":"publish","type":"product","link":"https:\/\/lucacastelli.com\/de\/produkt\/akku-kombihammer-m18blhx-0x\/","title":{"rendered":"Akku-Kombihammer M18BLHX-0X"},"content":{"rendered":"<p>Milwaukee mit 4 Betriebsmodi: Rotopercussion, Mei\u00dfeln, Drehen und Neutralstellung f\u00fcr die Ausrichtung des Mei\u00dfels.<\/p>\n<p>Die Spindel mit dem FIXTEC-System erm\u00f6glicht den schl\u00fcssellosen Wechsel.<\/p>\n<p>Produktdetail:<\/p>\n<p>Artikel: 4933478891<br \/>\nSchlagenergie: 2,3 J<br \/>\nSchlagfrequenz: 0-4900 H\u00fcbe\/min<br \/>\nMax. Bohrkappe Holz \/ Metall \/ Beton: 26 \/ 13 \/ 26 mm<br \/>\nBohrschwingung: 8,9 m\/s\u00b2<br \/>\nMei\u00dfelschwingung: 9,5 m\/s\u00b2<br \/>\nBatterietyp: Li-Ion<br \/>\nSpannung: 18 V<br \/>\nMetallgetriebe<br \/>\nKompatibel mit M18 CDEX<br \/>\nSaugger\u00e4t Ohne Akku<br \/>\nPreis pro St\u00fcck.<\/p>\n<p>N.B.: BATTERIE NICHT IM LIEFERUMFANG ENTHALTEN UND SEPARAT ZU BESTELLEN.<\/p>\n","protected":false},"excerpt":{"rendered":"<p>Milwaukee mit 4 Betriebsmodi: Rotopercussion, Mei\u00dfeln, Drehen und Neutralstellung f\u00fcr die Ausrichtung des Mei\u00dfels. Die Spindel mit dem FIXTEC-System erm\u00f6glicht<\/p>\n","protected":false},"featured_media":57144,"template":"","meta":{"_seopress_robots_primary_cat":"","_seopress_titles_title":"","_seopress_titles_desc":"","_seopress_robots_index":""},"product_brand":[3407],"product_cat":[29,514,549],"product_tag":[],"class_list":{"0":"post-419921","1":"product","2":"type-product","3":"status-publish","4":"has-post-thumbnail","6":"product_brand-milwaukee","7":"product_cat-macchinari","8":"product_cat-altri-dispositivi","9":"product_cat-trapani-e-avvitatori","11":"first","12":"onbackorder","13":"shipping-taxable","14":"purchasable","15":"product-type-simple"},"_links":{"self":[{"href":"https:\/\/lucacastelli.com\/de\/wp-json\/wp\/v2\/product\/419921","targetHints":{"allow":["GET"]}}],"collection":[{"href":"https:\/\/lucacastelli.com\/de\/wp-json\/wp\/v2\/product"}],"about":[{"href":"https:\/\/lucacastelli.com\/de\/wp-json\/wp\/v2\/types\/product"}],"wp:featuredmedia":[{"embeddable":true,"href":"https:\/\/lucacastelli.com\/de\/wp-json\/wp\/v2\/media\/57144"}],"wp:attachment":[{"href":"https:\/\/lucacastelli.com\/de\/wp-json\/wp\/v2\/media?parent=419921"}],"wp:term":[{"taxonomy":"product_brand","embeddable":true,"href":"https:\/\/lucacastelli.com\/de\/wp-json\/wp\/v2\/product_brand?post=419921"},{"taxonomy":"product_cat","embeddable":true,"href":"https:\/\/lucacastelli.com\/de\/wp-json\/wp\/v2\/product_cat?post=419921"},{"taxonomy":"product_tag","embeddable":true,"href":"https:\/\/lucacastelli.com\/de\/wp-json\/wp\/v2\/product_tag?post=419921"}],"curies":[{"name":"wp","href":"https:\/\/api.w.org\/{rel}","templated":true}]}}