{"id":419915,"date":"2023-07-17T18:47:19","date_gmt":"2023-07-17T16:47:19","guid":{"rendered":"https:\/\/lucacastelli.com\/prodotto\/akku-bohrschrauber-m18bdd-202x\/"},"modified":"2025-06-29T08:11:51","modified_gmt":"2025-06-29T06:11:51","slug":"akku-bohrschrauber-m18bdd-202x","status":"publish","type":"product","link":"https:\/\/lucacastelli.com\/de\/produkt\/akku-bohrschrauber-m18bdd-202x\/","title":{"rendered":"Akku-Bohrschrauber M18BDD-202X"},"content":{"rendered":"<p>Funktionen:<\/p>\n<p>4-poliger Motor f\u00fcr maximale Leistung in kompakter Bauweise<br \/>\nREDLINK-Elektronik\u2122 mit \u00dcberlastschutz in Maschine und Batterie<br \/>\nRobustes Getriebegeh\u00e4use aus Metall f\u00fcr maximale Leistung und lange Lebensdauer<br \/>\n13 mm Metall-Schnellspannfutter mit Futterschloss<br \/>\n17-stufige Drehmomenteinstellung und Bohrstufe<br \/>\nEinzelzellen\u00fcberwachung f\u00fcr optimale Akkulaufzeit und lange Akkulaufzeit<br \/>\nBatterieladeanzeige<br \/>\nLED-Beleuchtung des Arbeitsbereichs<br \/>\nDer REDLITHIUM\u2122 Lithium-Ionen-Akku bietet ein perfekt kalibriertes Design, eine fortschrittliche Elektronik und eine verlustfreie Leistungsabgabe f\u00fcr eine l\u00e4ngere Lebensdauer und eine l\u00e4ngere Lebensdauer der Bohrer.<br \/>\nLeistungsentfaltung f\u00fcr eine l\u00e4ngere Lebensdauer und Haltbarkeit als bei fr\u00fcheren Modellen.<br \/>\n100% kompatibel mit der MILWAUKEE-M18\u00ae\u2122 Produktreihe.<\/p>\n<p>Technische Daten:<\/p>\n<p>Leerlaufdrehzahl im 1. Gang (min-1) 0 &#8211; 450<br \/>\nLeerlaufdrehzahl im 2. Gang (min-1) 0 &#8211; 1800<br \/>\nSpannbereich (mm) 13<br \/>\nMax. Bohrer-\u00d8 in Holz (mm) 38<br \/>\nMax. Bohr-\u00d8 in Holz (mm) 38 Bohr-\u00d8 in Stahl (mm) 13<br \/>\nMax. Drehmoment Drehmoment (Nm) 50<br \/>\nGewicht mit Akku (kg) 1,8  <\/p>\n<p>Im Lieferumfang sind enthalten:<\/p>\n<p>2 x 2,0Ah<br \/>\nAkkus M12-18C<br \/>\nLadebox HD<br \/>\nG\u00fcrtelclip<\/p>\n","protected":false},"excerpt":{"rendered":"<p>Funktionen: 4-poliger Motor f\u00fcr maximale Leistung in kompakter Bauweise REDLINK-Elektronik\u2122 mit \u00dcberlastschutz in Maschine und Batterie Robustes Getriebegeh\u00e4use aus Metall<\/p>\n","protected":false},"featured_media":57129,"template":"","meta":{"_seopress_robots_primary_cat":"","_seopress_titles_title":"","_seopress_titles_desc":"","_seopress_robots_index":""},"product_brand":[3407],"product_cat":[29,514,549],"product_tag":[],"class_list":{"0":"post-419915","1":"product","2":"type-product","3":"status-publish","4":"has-post-thumbnail","6":"product_brand-milwaukee","7":"product_cat-macchinari","8":"product_cat-altri-dispositivi","9":"product_cat-trapani-e-avvitatori","11":"first","12":"onbackorder","13":"shipping-taxable","14":"purchasable","15":"product-type-simple"},"_links":{"self":[{"href":"https:\/\/lucacastelli.com\/de\/wp-json\/wp\/v2\/product\/419915","targetHints":{"allow":["GET"]}}],"collection":[{"href":"https:\/\/lucacastelli.com\/de\/wp-json\/wp\/v2\/product"}],"about":[{"href":"https:\/\/lucacastelli.com\/de\/wp-json\/wp\/v2\/types\/product"}],"wp:featuredmedia":[{"embeddable":true,"href":"https:\/\/lucacastelli.com\/de\/wp-json\/wp\/v2\/media\/57129"}],"wp:attachment":[{"href":"https:\/\/lucacastelli.com\/de\/wp-json\/wp\/v2\/media?parent=419915"}],"wp:term":[{"taxonomy":"product_brand","embeddable":true,"href":"https:\/\/lucacastelli.com\/de\/wp-json\/wp\/v2\/product_brand?post=419915"},{"taxonomy":"product_cat","embeddable":true,"href":"https:\/\/lucacastelli.com\/de\/wp-json\/wp\/v2\/product_cat?post=419915"},{"taxonomy":"product_tag","embeddable":true,"href":"https:\/\/lucacastelli.com\/de\/wp-json\/wp\/v2\/product_tag?post=419915"}],"curies":[{"name":"wp","href":"https:\/\/api.w.org\/{rel}","templated":true}]}}