{"id":419910,"date":"2023-07-02T16:18:03","date_gmt":"2023-07-02T14:18:03","guid":{"rendered":"https:\/\/lucacastelli.com\/prodotto\/fuel-akku-ratsche-3-8-m12fir38-201b\/"},"modified":"2025-06-29T08:11:26","modified_gmt":"2025-06-29T06:11:26","slug":"fuel-akku-ratsche-3-8-m12fir38-201b","status":"publish","type":"product","link":"https:\/\/lucacastelli.com\/de\/produkt\/fuel-akku-ratsche-3-8-m12fir38-201b\/","title":{"rendered":"FUEL\u2122 Akku-Ratsche 3\/8&#8243; M12FIR38-201B"},"content":{"rendered":"<p>Bis zu 75 Nm Drehmoment und 200 Minuten<br \/>\nKompakte Bauweise f\u00fcr schnellen Zugriff in allen Anwendungen, z. B. bei Arbeiten an Motoren oder Getrieben.<br \/>\nPOWERSTATE\u2122 b\u00fcrstenloser Motor mit verst\u00e4rktem Getriebe und Geh\u00e4use f\u00fcr eine lange Lebensdauer.<br \/>\nDie REDLINK PLUS-Elektronik\u2122 bietet fortschrittlichen digitalen Schutz gegen \u00dcberlastung von Maschine und Batterie und h\u00e4lt die Leistung unter Last konstant.<br \/>\nDer REDLITHIUM-ION-Akku\u2122 bietet ein perfekt kalibriertes Design, fortschrittliche Elektronik und verlustfreie Stromversorgung f\u00fcr eine l\u00e4ngere Lebensdauer und Ausdauer als die Vorg\u00e4ngermodelle<br \/>\nL\u00e4ngerer Gasschalter aus Metall f\u00fcr einfache Bedienung<br \/>\nWeich gepolsterter Griff f\u00fcr einen guten Halt<br \/>\nLED-Beleuchtung des Arbeitsbereichs<br \/>\nLieferung mit 1\/4 Adapter<br \/>\n100% kompatibel mit Milwaukee\u00ae M12-Produktreihe\u2122<\/p>\n<p>Technische Daten:<\/p>\n<p>Lithium-Ionen-Akku<br \/>\nBatteriekapazit\u00e4t (Ah) 2.0<br \/>\nAnzahl der mitgelieferten Batterien 1<br \/>\nTeilenummer 4933459798<br \/>\nLieferung in Werkzeugtasche<br \/>\nGewicht mit Akku (kg) 1.4<br \/>\nL\u00e4nge (mm) 307<br \/>\nLadeger\u00e4t (Ladezeit) 40 min<br \/>\nLeerlaufdrehzahl (min-1) 0 &#8211; 200<br \/>\nMax. Drehmoment Drehmoment (Nm) 75<br \/>\nSpannung (V) 12 <\/p>\n<p>Lieferumfang:<br \/>\n 1 x 2,0Ah Akku, Ladeger\u00e4t, Tasche.<\/p>\n","protected":false},"excerpt":{"rendered":"<p>Bis zu 75 Nm Drehmoment und 200 Minuten Kompakte Bauweise f\u00fcr schnellen Zugriff in allen Anwendungen, z. B. bei Arbeiten<\/p>\n","protected":false},"featured_media":57055,"template":"","meta":{"_seopress_robots_primary_cat":"","_seopress_titles_title":"","_seopress_titles_desc":"","_seopress_robots_index":""},"product_brand":[3407],"product_cat":[29,514,549],"product_tag":[],"class_list":{"0":"post-419910","1":"product","2":"type-product","3":"status-publish","4":"has-post-thumbnail","6":"product_brand-milwaukee","7":"product_cat-macchinari","8":"product_cat-altri-dispositivi","9":"product_cat-trapani-e-avvitatori","11":"first","12":"onbackorder","13":"shipping-taxable","14":"purchasable","15":"product-type-simple"},"_links":{"self":[{"href":"https:\/\/lucacastelli.com\/de\/wp-json\/wp\/v2\/product\/419910","targetHints":{"allow":["GET"]}}],"collection":[{"href":"https:\/\/lucacastelli.com\/de\/wp-json\/wp\/v2\/product"}],"about":[{"href":"https:\/\/lucacastelli.com\/de\/wp-json\/wp\/v2\/types\/product"}],"wp:featuredmedia":[{"embeddable":true,"href":"https:\/\/lucacastelli.com\/de\/wp-json\/wp\/v2\/media\/57055"}],"wp:attachment":[{"href":"https:\/\/lucacastelli.com\/de\/wp-json\/wp\/v2\/media?parent=419910"}],"wp:term":[{"taxonomy":"product_brand","embeddable":true,"href":"https:\/\/lucacastelli.com\/de\/wp-json\/wp\/v2\/product_brand?post=419910"},{"taxonomy":"product_cat","embeddable":true,"href":"https:\/\/lucacastelli.com\/de\/wp-json\/wp\/v2\/product_cat?post=419910"},{"taxonomy":"product_tag","embeddable":true,"href":"https:\/\/lucacastelli.com\/de\/wp-json\/wp\/v2\/product_tag?post=419910"}],"curies":[{"name":"wp","href":"https:\/\/api.w.org\/{rel}","templated":true}]}}