{"id":419902,"date":"2024-02-28T20:57:11","date_gmt":"2024-02-28T19:57:11","guid":{"rendered":"https:\/\/lucacastelli.com\/prodotto\/akku-rucksack-spruehgeraet-chemietank-m18bpfp-cst\/"},"modified":"2025-08-01T00:00:11","modified_gmt":"2025-07-31T22:00:11","slug":"akku-rucksack-spruehgeraet-chemietank-m18bpfp-cst","status":"publish","type":"product","link":"https:\/\/lucacastelli.com\/de\/produkt\/akku-rucksack-spruehgeraet-chemietank-m18bpfp-cst\/","title":{"rendered":"Akku-Rucksack-Spr\u00fchger\u00e4t &#8211; Chemietank M18BPFP-CST"},"content":{"rendered":"<p>100% kompatibel mit dem SWITCH TANK<br \/>\nSystem Chemikalientank f\u00fcr D\u00fcngemittel, Pestizide, Pflanzenschutzmittel, Fungizide, Enteisungsmittel und mehr<br \/>\nHalbtransparenter Tank mit Messskala f\u00fcr eine einfache<br \/>\nF\u00fcllstandskontrolle Deckeltragegriff mit breiter \u00d6ffnung f\u00fcr einfachen Transport und bequemes Einf\u00fcllen von Fl\u00fcssigkeiten in den Tank<br \/>\nGummierter Griff mit Feststellfunktion f\u00fcr erm\u00fcdungsfreies Arbeiten auch bei l\u00e4ngerer Arbeit.<br \/>\nM\u00f6glichkeit, die Lanze f\u00fcr einen einfachen und sicheren Transport zu verstauen<br \/>\nDas integrierte Sieb sch\u00fctzt den Tank vor dem Eindringen von Schmutz<br \/>\nVerstellbarer Strahl mit einer Reichweite von 7,6 m &#8211; je nach Anwendungsanforderung von Konus zu Strahl<br \/>\n5-stufige Auswahl des Betriebsdrucks \u00fcber Einstellknopf<br \/>\nUV- und chemikalienbest\u00e4ndig<br \/>\nIn Kombination mit einem 4,0 Ah Akkupack kann eine Laufzeit von bis zu 12 Tanks erreicht werden<\/p>\n<p>Technische Daten:<br \/>\nDurchflussmenge [Liter pro Minute]: 0,4 &#8211; 2,0<br \/>\nDruck (bar): 8,27<br \/>\nKapazit\u00e4t (Liter): 15<br \/>\nLieferumfang: Karton<br \/>\nGewicht (kg): 3,6<br \/>\nDruck [PSI]: 20 &#8211; 120<br \/>\nSchlauchl\u00e4nge [m]: 1,75<br \/>\nSpr\u00fchabstand [m]: 7,6<\/p>\n<p>Lieferumfang:<br \/>\n Chemikalientank<br \/>\nEdelstahlstab<br \/>\nVerstellbare<br \/>\nD\u00fcse L\u00fcfterd\u00fcse<br \/>\nAbgewinkelter<br \/>\nD\u00fcsenadapter ACHTUNG: Nur Tankeinheit, ohne Grundrahmen, ohne Batterien, ohne Ladeger\u00e4t<\/p>\n","protected":false},"excerpt":{"rendered":"<p>100% kompatibel mit dem SWITCH TANK System Chemikalientank f\u00fcr D\u00fcngemittel, Pestizide, Pflanzenschutzmittel, Fungizide, Enteisungsmittel und mehr Halbtransparenter Tank mit Messskala<\/p>\n","protected":false},"featured_media":57742,"template":"","meta":{"_seopress_robots_primary_cat":"","_seopress_titles_title":"","_seopress_titles_desc":"","_seopress_robots_index":""},"product_brand":[3407],"product_cat":[29,499,534],"product_tag":[],"class_list":{"0":"post-419902","1":"product","2":"type-product","3":"status-publish","4":"has-post-thumbnail","6":"product_brand-milwaukee","7":"product_cat-macchinari","8":"product_cat-atomizzatori-e-irroratori","9":"product_cat-irroratori-atomizzatori-e-irroratori","10":"sws-gruppo-macchinari","11":"sws-conto-ricavi-merci-rivendita-macchinari","12":"sws-gruppo-iva-iva81","14":"first","15":"onbackorder","16":"shipping-taxable","17":"purchasable","18":"product-type-simple"},"_links":{"self":[{"href":"https:\/\/lucacastelli.com\/de\/wp-json\/wp\/v2\/product\/419902","targetHints":{"allow":["GET"]}}],"collection":[{"href":"https:\/\/lucacastelli.com\/de\/wp-json\/wp\/v2\/product"}],"about":[{"href":"https:\/\/lucacastelli.com\/de\/wp-json\/wp\/v2\/types\/product"}],"wp:featuredmedia":[{"embeddable":true,"href":"https:\/\/lucacastelli.com\/de\/wp-json\/wp\/v2\/media\/57742"}],"wp:attachment":[{"href":"https:\/\/lucacastelli.com\/de\/wp-json\/wp\/v2\/media?parent=419902"}],"wp:term":[{"taxonomy":"product_brand","embeddable":true,"href":"https:\/\/lucacastelli.com\/de\/wp-json\/wp\/v2\/product_brand?post=419902"},{"taxonomy":"product_cat","embeddable":true,"href":"https:\/\/lucacastelli.com\/de\/wp-json\/wp\/v2\/product_cat?post=419902"},{"taxonomy":"product_tag","embeddable":true,"href":"https:\/\/lucacastelli.com\/de\/wp-json\/wp\/v2\/product_tag?post=419902"}],"curies":[{"name":"wp","href":"https:\/\/api.w.org\/{rel}","templated":true}]}}