{"id":419901,"date":"2024-02-28T20:32:24","date_gmt":"2024-02-28T19:32:24","guid":{"rendered":"https:\/\/lucacastelli.com\/prodotto\/fuel-akku-schlagschrauber-1-2-vierkant-sprengring-m18fmtiw2f12-0x\/"},"modified":"2025-11-01T14:26:46","modified_gmt":"2025-11-01T13:26:46","slug":"fuel-akku-schlagschrauber-1-2-vierkant-sprengring-m18fmtiw2f12-0x","status":"publish","type":"product","link":"https:\/\/lucacastelli.com\/de\/produkt\/fuel-akku-schlagschrauber-1-2-vierkant-sprengring-m18fmtiw2f12-0x\/","title":{"rendered":"FUEL\u2122 Akku-Schlagschrauber 1\/2&#8243; Vierkant Sprengring M18FMTIW2F12-0X"},"content":{"rendered":"<p>Schlagschrauber M18\u2122FUEL\u2122 mit 881 Nm L\u00f6semoment und 745 Nm<br \/>\nDrehmoment Extrem kompakte Bauweise mit einer L\u00e4nge von nur 152 mm, ideal f\u00fcr Anwendungen in schwer zug\u00e4nglichen<br \/>\nBereichen DRIVE CONTROL\u2122 erm\u00f6glicht dem Anwender das Umschalten zwischen den Drehzahlen und die Einstellung des Drehmoments.<br \/>\nPr\u00e4zises Arbeiten, hilft, Sch\u00e4den an Schraube und Material zu vermeiden, f\u00fcr maximale Leistung und die h\u00e4rtesten Anwendungen und f\u00fcr intelligentes Arbeiten schaltet sich das Werkzeug automatisch ab, sobald die Schraubverbindung<br \/>\nhergestellt ist Automatische Abschaltsteuerung wendet bei der manuellen Befestigung ein Anzugsdrehmoment von nicht mehr als 47 Nm an,  um ein zu starkes Anziehen zu verhindern.<br \/>\nDrei LEDs sorgen f\u00fcr eine optimale Ausleuchtung des Arbeitsbereichs<br \/>\n: 1\/2 Zoll<br \/>\nquadratischer Sprengring M18\u2122FUEL\u2122 G\u00fcrtelclip<br \/>\nwurde f\u00fcr die anspruchsvollsten Benutzer entwickelt. Die Technologie bietet maximale Leistung und vereint drei zentrale Komponenten: den b\u00fcrstenlosen POWERSTATE-Motor\u2122, die REDLITHIUM-Batterie\u2122 und die REDLINK PLUS-Elektronik\u2122. Durch die Optimierung dieser drei MILWAUKEE-Technologien\u00ae erreichen wir maximale Leistung bei m\u00f6glichst langer Lebensdauer.<br \/>\n100% kompatibel mit der MILWAUKEE-M18\u00ae Produktreihe  <\/p>\n<p>Lieferumfang:<br \/>\n Kein Akku im Lieferumfang<br \/>\nenthalten Kein Ladeger\u00e4t im Lieferumfang<br \/>\nHD Box<\/p>\n","protected":false},"excerpt":{"rendered":"<p>Schlagschrauber M18\u2122FUEL\u2122 mit 881 Nm L\u00f6semoment und 745 Nm Drehmoment Extrem kompakte Bauweise mit einer L\u00e4nge von nur 152 mm,<\/p>\n","protected":false},"featured_media":57727,"template":"","meta":{"_seopress_robots_primary_cat":"","_seopress_titles_title":"","_seopress_titles_desc":"","_seopress_robots_index":""},"product_brand":[3656],"product_cat":[1454,1553,169],"product_tag":[],"class_list":{"0":"post-419901","1":"product","2":"type-product","3":"status-publish","4":"has-post-thumbnail","6":"product_brand-milwaukee-de","7":"product_cat-andere-gerate","8":"product_cat-bohrer-und-schraubendreher","9":"product_cat-maschinen","10":"sws-gruppo-macchinari-de","11":"sws-conto-ricavi-merci-rivendita-macchinari-de","12":"sws-gruppo-iva-iva81-de","14":"first","15":"onbackorder","16":"shipping-taxable","17":"purchasable","18":"product-type-simple"},"_links":{"self":[{"href":"https:\/\/lucacastelli.com\/de\/wp-json\/wp\/v2\/product\/419901","targetHints":{"allow":["GET"]}}],"collection":[{"href":"https:\/\/lucacastelli.com\/de\/wp-json\/wp\/v2\/product"}],"about":[{"href":"https:\/\/lucacastelli.com\/de\/wp-json\/wp\/v2\/types\/product"}],"wp:featuredmedia":[{"embeddable":true,"href":"https:\/\/lucacastelli.com\/de\/wp-json\/wp\/v2\/media\/57727"}],"wp:attachment":[{"href":"https:\/\/lucacastelli.com\/de\/wp-json\/wp\/v2\/media?parent=419901"}],"wp:term":[{"taxonomy":"product_brand","embeddable":true,"href":"https:\/\/lucacastelli.com\/de\/wp-json\/wp\/v2\/product_brand?post=419901"},{"taxonomy":"product_cat","embeddable":true,"href":"https:\/\/lucacastelli.com\/de\/wp-json\/wp\/v2\/product_cat?post=419901"},{"taxonomy":"product_tag","embeddable":true,"href":"https:\/\/lucacastelli.com\/de\/wp-json\/wp\/v2\/product_tag?post=419901"}],"curies":[{"name":"wp","href":"https:\/\/api.w.org\/{rel}","templated":true}]}}