{"id":419897,"date":"2024-02-28T20:32:53","date_gmt":"2024-02-28T19:32:53","guid":{"rendered":"https:\/\/lucacastelli.com\/prodotto\/one-key-akku-schlagschrauber-1-2-vierkant-pin-m18onefhiwp12-0x\/"},"modified":"2025-12-01T14:45:45","modified_gmt":"2025-12-01T13:45:45","slug":"one-key-akku-schlagschrauber-1-2-vierkant-pin-m18onefhiwp12-0x","status":"publish","type":"product","link":"https:\/\/lucacastelli.com\/de\/produkt\/one-key-akku-schlagschrauber-1-2-vierkant-pin-m18onefhiwp12-0x\/","title":{"rendered":"ONE KEY \u2122 Akku-Schlagschrauber 1\/2&#8243; Vierkant PIN M18ONEFHIWP12-0X"},"content":{"rendered":"<p>Kraftvolles Drehmoment von 1.017 Nm in kompakter Bauweise: nur 206 mm L\u00e4nge<br \/>\nDRIVE CONTROL erm\u00f6glicht den schnellen Wechsel zwischen Schaltstufen mit unterschiedlichen Drehzahl- und Drehmomentstufen<br \/>\nStufe 4 \u2013 f\u00fcr eine optimale Mischung aus Kraft und Pr\u00e4zision beim L\u00f6sen von Schrauben<br \/>\nIndividuelle Drehzahl- und Drehmomentregelung<br \/>\nONE-KEY\u2122 Tool-Tracking and Tool-Security bietet eine kostenlose cloudbasierte Tracking- und Bestandsverwaltungsplattform f\u00fcr Ihre Werkzeuge. ONE-KEY\u2122 bietet auch eine ferngesteuerte Werkzeugsperre. Die Werkzeugsteuerung erm\u00f6glicht eine pr\u00e4zise Anpassung des Werkzeugs an die jeweilige Anwendung.<br \/>\nM18\u2122FUEL\u2122 wurde f\u00fcr die anspruchsvollsten Benutzer entwickelt. Die Technologie bietet maximale Leistung und vereint drei zentrale Komponenten: den b\u00fcrstenlosen POWERSTATE-Motor\u2122, die REDLITHIUM-Batterie\u2122 und die REDLINK PLUS-Elektronik\u2122. Durch die Optimierung dieser drei MILWAUKEE-Technologien\u00ae erreichen wir maximale Leistung bei m\u00f6glichst langer Lebensdauer.<br \/>\n1\/2-Zoll-PIN-Halterung<br \/>\n100% kompatibel mit der MILWAUKEE-M18-Produktreihe\u00ae    <\/p>\n<p>Lieferumfang:<br \/>\n Kein Akku im Lieferumfang enthalten<br \/>\nLadeger\u00e4t nicht im Lieferumfang<br \/>\nenthalten HD-Box<\/p>\n","protected":false},"excerpt":{"rendered":"<p>Kraftvolles Drehmoment von 1.017 Nm in kompakter Bauweise: nur 206 mm L\u00e4nge DRIVE CONTROL erm\u00f6glicht den schnellen Wechsel zwischen Schaltstufen<\/p>\n","protected":false},"featured_media":57732,"template":"","meta":{"_seopress_robots_primary_cat":"","_seopress_titles_title":"","_seopress_titles_desc":"","_seopress_robots_index":""},"product_brand":[3407],"product_cat":[29,514,549],"product_tag":[],"class_list":{"0":"post-419897","1":"product","2":"type-product","3":"status-publish","4":"has-post-thumbnail","6":"product_brand-milwaukee","7":"product_cat-macchinari","8":"product_cat-altri-dispositivi","9":"product_cat-trapani-e-avvitatori","10":"sws-gruppo-macchinari","11":"sws-conto-ricavi-merci-rivendita-macchinari","12":"sws-gruppo-iva-iva81","14":"first","15":"instock","16":"shipping-taxable","17":"purchasable","18":"product-type-simple"},"_links":{"self":[{"href":"https:\/\/lucacastelli.com\/de\/wp-json\/wp\/v2\/product\/419897","targetHints":{"allow":["GET"]}}],"collection":[{"href":"https:\/\/lucacastelli.com\/de\/wp-json\/wp\/v2\/product"}],"about":[{"href":"https:\/\/lucacastelli.com\/de\/wp-json\/wp\/v2\/types\/product"}],"wp:featuredmedia":[{"embeddable":true,"href":"https:\/\/lucacastelli.com\/de\/wp-json\/wp\/v2\/media\/57732"}],"wp:attachment":[{"href":"https:\/\/lucacastelli.com\/de\/wp-json\/wp\/v2\/media?parent=419897"}],"wp:term":[{"taxonomy":"product_brand","embeddable":true,"href":"https:\/\/lucacastelli.com\/de\/wp-json\/wp\/v2\/product_brand?post=419897"},{"taxonomy":"product_cat","embeddable":true,"href":"https:\/\/lucacastelli.com\/de\/wp-json\/wp\/v2\/product_cat?post=419897"},{"taxonomy":"product_tag","embeddable":true,"href":"https:\/\/lucacastelli.com\/de\/wp-json\/wp\/v2\/product_tag?post=419897"}],"curies":[{"name":"wp","href":"https:\/\/api.w.org\/{rel}","templated":true}]}}