{"id":419894,"date":"2023-12-19T14:20:12","date_gmt":"2023-12-19T13:20:12","guid":{"rendered":"https:\/\/lucacastelli.com\/prodotto\/akku-astschere-m12blprs-202\/"},"modified":"2025-08-01T00:00:10","modified_gmt":"2025-07-31T22:00:10","slug":"akku-astschere-m12blprs-202","status":"publish","type":"product","link":"https:\/\/lucacastelli.com\/de\/produkt\/akku-astschere-m12blprs-202\/","title":{"rendered":"Akku-Astschere M12BLPRS-202"},"content":{"rendered":"<p>Leistung zum Schneiden von \u00c4sten bis zu 32 mm<br \/>\nAbzugsverfolgungstechnologie, die es erm\u00f6glicht, dass die Klingenbewegung der Bewegung des Abzugs folgt, um eine bessere Kontrolle w\u00e4hrend des Gebrauchs<br \/>\nzu gew\u00e4hrleisten Es ist kein manueller Aufwand erforderlich, besonders praktisch bei l\u00e4ngeren<br \/>\nAnwendungen Das Modusauswahlfeld bietet die M\u00f6glichkeit, die Klingen bei der H\u00e4lfte der Kapazit\u00e4t von 16 mm zu sperren,  erm\u00f6glicht eine h\u00f6here Schnittgeschwindigkeit.<br \/>\nLeistung f\u00fcr mehr als 1.000 Schnitte in 1,25 cm dickem Material mit einem M12 B2-Akku<br \/>\nEnth\u00e4lt eine Handschlaufe und einen Befestigungspunkt f\u00fcr eine Handschlaufe zur besseren Handhabung des Ger\u00e4ts<br \/>\n100% kompatibel mit der MILWAUKEE-M12\u00ae Produktreihe<br \/>\nSchnelle Schnitte<br \/>\nVolle Kontrolle<br \/>\nWeniger Erm\u00fcdung<\/p>\n","protected":false},"excerpt":{"rendered":"<p>Leistung zum Schneiden von \u00c4sten bis zu 32 mm Abzugsverfolgungstechnologie, die es erm\u00f6glicht, dass die Klingenbewegung der Bewegung des Abzugs<\/p>\n","protected":false},"featured_media":57672,"template":"","meta":{"_seopress_robots_primary_cat":"","_seopress_titles_title":"","_seopress_titles_desc":"","_seopress_robots_index":""},"product_brand":[3407],"product_cat":[29,268,282,267],"product_tag":[],"class_list":{"0":"post-419894","1":"product","2":"type-product","3":"status-publish","4":"has-post-thumbnail","6":"product_brand-milwaukee","7":"product_cat-macchinari","8":"product_cat-motoseghe","9":"product_cat-tosasiepi-e-potatori-a-batteria","10":"product_cat-tosasiepi-e-potatori","11":"sws-gruppo-macchinari-de","12":"sws-conto-ricavi-merci-rivendita-macchinari-de","13":"sws-gruppo-iva-iva81-de","15":"first","16":"instock","17":"shipping-taxable","18":"purchasable","19":"product-type-simple"},"_links":{"self":[{"href":"https:\/\/lucacastelli.com\/de\/wp-json\/wp\/v2\/product\/419894","targetHints":{"allow":["GET"]}}],"collection":[{"href":"https:\/\/lucacastelli.com\/de\/wp-json\/wp\/v2\/product"}],"about":[{"href":"https:\/\/lucacastelli.com\/de\/wp-json\/wp\/v2\/types\/product"}],"wp:featuredmedia":[{"embeddable":true,"href":"https:\/\/lucacastelli.com\/de\/wp-json\/wp\/v2\/media\/57672"}],"wp:attachment":[{"href":"https:\/\/lucacastelli.com\/de\/wp-json\/wp\/v2\/media?parent=419894"}],"wp:term":[{"taxonomy":"product_brand","embeddable":true,"href":"https:\/\/lucacastelli.com\/de\/wp-json\/wp\/v2\/product_brand?post=419894"},{"taxonomy":"product_cat","embeddable":true,"href":"https:\/\/lucacastelli.com\/de\/wp-json\/wp\/v2\/product_cat?post=419894"},{"taxonomy":"product_tag","embeddable":true,"href":"https:\/\/lucacastelli.com\/de\/wp-json\/wp\/v2\/product_tag?post=419894"}],"curies":[{"name":"wp","href":"https:\/\/api.w.org\/{rel}","templated":true}]}}