{"id":419893,"date":"2023-11-21T21:10:49","date_gmt":"2023-11-21T20:10:49","guid":{"rendered":"https:\/\/lucacastelli.com\/prodotto\/fuel-heckenscheren-aufsatz-m18foph-hta\/"},"modified":"2025-06-29T08:07:57","modified_gmt":"2025-06-29T06:07:57","slug":"fuel-heckenscheren-aufsatz-m18foph-hta","status":"publish","type":"product","link":"https:\/\/lucacastelli.com\/de\/produkt\/fuel-heckenscheren-aufsatz-m18foph-hta\/","title":{"rendered":"FUEL\u2122 Heckenscheren-Aufsatz M18FOPH-HTA"},"content":{"rendered":"<p>Kompatibel mit dem QUIK-LOK-Befestigungssystem\u2122 Milwaukee\u00ae M18 FUEL\u2122 Elektrokopfes f\u00fcr den Au\u00dfenbereich.<br \/>\nHohe Leistung beim Schneiden von \u00c4sten bis zu 25 mm<br \/>\nSchnittl\u00e4nge von 508 mm f\u00fcr erh\u00f6hte Reichweite und Produktivit\u00e4t<br \/>\nDer Gelenkkopf bietet 12 Positionen von 0\u00b0 bis 270\u00b0, um den bequemsten Neigungswinkel f\u00fcr den Benutzer zu erreichen und die H\u00f6he der Hecke einfach zu schneiden.<br \/>\nDer Schneidedraht ist durch Spikes gesch\u00fctzt, die den Kontakt mit harten Gegenst\u00e4nden wie Z\u00e4unen verhindern.<br \/>\nDer Klingenschutz umschlie\u00dft die Klinge vollst\u00e4ndig und erm\u00f6glicht so eine sichere Aufbewahrung und einen sicheren Transport.<br \/>\nKann mit dem 91 cm Verl\u00e4ngerungszubeh\u00f6r f\u00fcr maximale Reichweite verwendet werden<br \/>\nTechnische Daten:<\/p>\n<p>Artikelnummer 4932464959<br \/>\nGewicht (kg) 2,6<br \/>\nHub (\/min) 0 &#8211; 3500<br \/>\nKapazit\u00e4t 1<br \/>\nL\u00e4nge (cm) 152,4<br \/>\nLadeger\u00e4t (Ladezeit) &#8211;<br \/>\n Leerlaufdrehzahl im 1. Gang (min-1) 0 &#8211; 2800<br \/>\nLeerlaufdrehzahl im 2. Gang (min-1) 0 &#8211; 3500<br \/>\nMax. Schnittleistung Schnittleistung [mm] 25<br \/>\nMesserabstand [mm] 25<br \/>\nSchnittl\u00e4nge [mm] 508 <\/p>\n","protected":false},"excerpt":{"rendered":"<p>Kompatibel mit dem QUIK-LOK-Befestigungssystem\u2122 Milwaukee\u00ae M18 FUEL\u2122 Elektrokopfes f\u00fcr den Au\u00dfenbereich. Hohe Leistung beim Schneiden von \u00c4sten bis zu 25<\/p>\n","protected":false},"featured_media":57608,"template":"","meta":{"_seopress_robots_primary_cat":"","_seopress_titles_title":"","_seopress_titles_desc":"","_seopress_robots_index":""},"product_brand":[3407],"product_cat":[29,296,297],"product_tag":[],"class_list":{"0":"post-419893","1":"product","2":"type-product","3":"status-publish","4":"has-post-thumbnail","6":"product_brand-milwaukee","7":"product_cat-macchinari","8":"product_cat-sistemi-kombi-e-multi","9":"product_cat-accessori-e-materiale-di-consumo-sistemi-kombi-e-multi","11":"first","12":"instock","13":"shipping-taxable","14":"purchasable","15":"product-type-simple"},"_links":{"self":[{"href":"https:\/\/lucacastelli.com\/de\/wp-json\/wp\/v2\/product\/419893","targetHints":{"allow":["GET"]}}],"collection":[{"href":"https:\/\/lucacastelli.com\/de\/wp-json\/wp\/v2\/product"}],"about":[{"href":"https:\/\/lucacastelli.com\/de\/wp-json\/wp\/v2\/types\/product"}],"wp:featuredmedia":[{"embeddable":true,"href":"https:\/\/lucacastelli.com\/de\/wp-json\/wp\/v2\/media\/57608"}],"wp:attachment":[{"href":"https:\/\/lucacastelli.com\/de\/wp-json\/wp\/v2\/media?parent=419893"}],"wp:term":[{"taxonomy":"product_brand","embeddable":true,"href":"https:\/\/lucacastelli.com\/de\/wp-json\/wp\/v2\/product_brand?post=419893"},{"taxonomy":"product_cat","embeddable":true,"href":"https:\/\/lucacastelli.com\/de\/wp-json\/wp\/v2\/product_cat?post=419893"},{"taxonomy":"product_tag","embeddable":true,"href":"https:\/\/lucacastelli.com\/de\/wp-json\/wp\/v2\/product_tag?post=419893"}],"curies":[{"name":"wp","href":"https:\/\/api.w.org\/{rel}","templated":true}]}}