{"id":419890,"date":"2023-11-21T20:59:23","date_gmt":"2023-11-21T19:59:23","guid":{"rendered":"https:\/\/lucacastelli.com\/prodotto\/fuel-basisgeraet-rasentrimmer-aufsatz-m18fophltkit-0\/"},"modified":"2025-06-29T08:07:53","modified_gmt":"2025-06-29T06:07:53","slug":"fuel-basisgeraet-rasentrimmer-aufsatz-m18fophltkit-0","status":"publish","type":"product","link":"https:\/\/lucacastelli.com\/de\/produkt\/fuel-basisgeraet-rasentrimmer-aufsatz-m18fophltkit-0\/","title":{"rendered":"FUEL\u2122 Basisger\u00e4t + Rasentrimmer-Aufsatz M18FOPHLTKIT-0"},"content":{"rendered":"<p>Das REDLINK PLUS-Intelligenzsystem\u2122 bietet fortschrittlichen digitalen Schutz vor \u00dcberlastung von Werkzeugen und Akkus und verbessert die Werkzeugleistung auf einzigartige Weise.<br \/>\nVolle Leistung in weniger als einer Sekunde<br \/>\nHat die Kraft, dichte<br \/>\nB\u00fcsche zu schneiden Bis zu einer Stunde Laufzeit mit einem 18-Ah-M9.0-Akku<br \/>\n\u2122 Zwei Geschwindigkeitsstufen mit einstellbarem<br \/>\nSchalter 135\u00b0<br \/>\n-SchutzkappeKompatibel mit allen Zubeh\u00f6rteilen des MILWAUKEE-Outdoor-Systems\u00ae.<br \/>\n100% kompatibel mit der MILWAUKEE-M18\u00ae Produktreihe<br \/>\nDer verstellbare Zusatzgriff, der Tragegurt und der Tragering sorgen f\u00fcr maximale Kontrolle und Komfort<br \/>\nDer b\u00fcrstenlose POWERSTATE-Motor\u2122, der von MILWAUKEE\u00ae entwickelt und gebaut wurde, sorgt f\u00fcr eine l\u00e4ngere Lebensdauer des Motors und eine h\u00f6here Leistung<\/p>\n<p>Lieferung im Karton<\/p>\n<p>Akkukapazit\u00e4t (Ah): Akkus und Ladeger\u00e4t nicht im Lieferumfang enthalten<\/p>\n","protected":false},"excerpt":{"rendered":"<p>Das REDLINK PLUS-Intelligenzsystem\u2122 bietet fortschrittlichen digitalen Schutz vor \u00dcberlastung von Werkzeugen und Akkus und verbessert die Werkzeugleistung auf einzigartige Weise.<\/p>\n","protected":false},"featured_media":57603,"template":"","meta":{"_seopress_robots_primary_cat":"","_seopress_titles_title":"","_seopress_titles_desc":"","_seopress_robots_index":""},"product_brand":[3407],"product_cat":[29,270,281],"product_tag":[],"class_list":{"0":"post-419890","1":"product","2":"type-product","3":"status-publish","4":"has-post-thumbnail","6":"product_brand-milwaukee","7":"product_cat-macchinari","8":"product_cat-decespugliatori-e-tagliabordi","9":"product_cat-decespugliatori-e-tagliabordi-a-batteria","11":"first","12":"onbackorder","13":"shipping-taxable","14":"purchasable","15":"product-type-simple"},"_links":{"self":[{"href":"https:\/\/lucacastelli.com\/de\/wp-json\/wp\/v2\/product\/419890","targetHints":{"allow":["GET"]}}],"collection":[{"href":"https:\/\/lucacastelli.com\/de\/wp-json\/wp\/v2\/product"}],"about":[{"href":"https:\/\/lucacastelli.com\/de\/wp-json\/wp\/v2\/types\/product"}],"wp:featuredmedia":[{"embeddable":true,"href":"https:\/\/lucacastelli.com\/de\/wp-json\/wp\/v2\/media\/57603"}],"wp:attachment":[{"href":"https:\/\/lucacastelli.com\/de\/wp-json\/wp\/v2\/media?parent=419890"}],"wp:term":[{"taxonomy":"product_brand","embeddable":true,"href":"https:\/\/lucacastelli.com\/de\/wp-json\/wp\/v2\/product_brand?post=419890"},{"taxonomy":"product_cat","embeddable":true,"href":"https:\/\/lucacastelli.com\/de\/wp-json\/wp\/v2\/product_cat?post=419890"},{"taxonomy":"product_tag","embeddable":true,"href":"https:\/\/lucacastelli.com\/de\/wp-json\/wp\/v2\/product_tag?post=419890"}],"curies":[{"name":"wp","href":"https:\/\/api.w.org\/{rel}","templated":true}]}}