{"id":419887,"date":"2023-10-17T10:05:25","date_gmt":"2023-10-17T08:05:25","guid":{"rendered":"https:\/\/lucacastelli.com\/prodotto\/fuel-akku-geblaese-m18fbl-0\/"},"modified":"2025-09-01T00:00:52","modified_gmt":"2025-08-31T22:00:52","slug":"fuel-akku-geblaese-m18fbl-0","status":"publish","type":"product","link":"https:\/\/lucacastelli.com\/de\/produkt\/fuel-akku-geblaese-m18fbl-0\/","title":{"rendered":"FUEL\u2122 Akku-Gebl\u00e4se M18FBL-0"},"content":{"rendered":"<p>Der b\u00fcrstenlose POWERSTATE-Motor \u2122 von Milwaukee\u00ae erh\u00f6ht die Effizienz, h\u00e4lt l\u00e4nger und bietet maximale Leistung.<br \/>\nDas REDLINK PLUS-Intelligenzsystem \u2122 bietet fortschrittlichen digitalen Schutz vor \u00dcberlastung von Werkzeugen und Akkus und verbessert so die Leistung des Werkzeugs unter Last auf einzigartige Weise.<br \/>\nErgonomisches Inline-Design entfernt Schmutz und Ablagerungen auf engstem<br \/>\nRaum Luftvolumen von bis zu 12,74 m\u00b3\/min bei 193 km\/h zur Beseitigung von Schmutz<br \/>\nVariabler Ausl\u00f6ser und Geschwindigkeitssperre f\u00fcr vollst\u00e4ndige<br \/>\nLeistungskontrolle Absperrschalter<br \/>\nFlexibles Batteriesystem: Funktioniert mit allen Milwaukee\u00ae M18-Batterien\u2122.<\/p>\n<p>Technische Daten:<br \/>\nLuftgeschwindigkeit (km\/h) 193<br \/>\nLuftmenge (l\/s) 212<br \/>\nLuftmenge (m\u00b3\/min) 12,7<br \/>\nLuftmenge 1 (m\u00b3\/Minute) 8,75<br \/>\nLuftmenge 2 (m\u00b3\/Minute) 12,7<br \/>\nLuftgeschwindigkeit 1 (km\/h) 133<br \/>\nLuftgeschwindigkeit 2 (km\/h) 193<br \/>\nArtikelnummer 4933459825<br \/>\nAkkutyp Li-Ion<br \/>\nL\u00fcfterdrehzahl (U\/min) 14.000<br \/>\nL\u00e4nge ohne D\u00fcse (mm) 386<br \/>\nSpannung (V) 18<br \/>\nGewicht mit Akku (kg) 4,4<\/p>\n<p>Lieferumfang:<\/p>\n<p>1x M18 FBL Akku-Laubbl\u00e4ser<br \/>\nohne Akku\/Ladeger\u00e4t im Karton<\/p>\n","protected":false},"excerpt":{"rendered":"<p>Der b\u00fcrstenlose POWERSTATE-Motor \u2122 von Milwaukee\u00ae erh\u00f6ht die Effizienz, h\u00e4lt l\u00e4nger und bietet maximale Leistung. Das REDLINK PLUS-Intelligenzsystem \u2122 bietet<\/p>\n","protected":false},"featured_media":57374,"template":"","meta":{"_seopress_robots_primary_cat":"","_seopress_titles_title":"","_seopress_titles_desc":"","_seopress_robots_index":""},"product_brand":[3656],"product_cat":[1654,1641,169],"product_tag":[],"class_list":{"0":"post-419887","1":"product","2":"type-product","3":"status-publish","4":"has-post-thumbnail","6":"product_brand-milwaukee-de","7":"product_cat-akku-geblase","8":"product_cat-geblase-und-staubsauger","9":"product_cat-maschinen","10":"sws-gruppo-macchinari","11":"sws-conto-ricavi-merci-rivendita-macchinari","12":"sws-gruppo-iva-iva81","14":"first","15":"instock","16":"shipping-taxable","17":"purchasable","18":"product-type-simple"},"_links":{"self":[{"href":"https:\/\/lucacastelli.com\/de\/wp-json\/wp\/v2\/product\/419887","targetHints":{"allow":["GET"]}}],"collection":[{"href":"https:\/\/lucacastelli.com\/de\/wp-json\/wp\/v2\/product"}],"about":[{"href":"https:\/\/lucacastelli.com\/de\/wp-json\/wp\/v2\/types\/product"}],"wp:featuredmedia":[{"embeddable":true,"href":"https:\/\/lucacastelli.com\/de\/wp-json\/wp\/v2\/media\/57374"}],"wp:attachment":[{"href":"https:\/\/lucacastelli.com\/de\/wp-json\/wp\/v2\/media?parent=419887"}],"wp:term":[{"taxonomy":"product_brand","embeddable":true,"href":"https:\/\/lucacastelli.com\/de\/wp-json\/wp\/v2\/product_brand?post=419887"},{"taxonomy":"product_cat","embeddable":true,"href":"https:\/\/lucacastelli.com\/de\/wp-json\/wp\/v2\/product_cat?post=419887"},{"taxonomy":"product_tag","embeddable":true,"href":"https:\/\/lucacastelli.com\/de\/wp-json\/wp\/v2\/product_tag?post=419887"}],"curies":[{"name":"wp","href":"https:\/\/api.w.org\/{rel}","templated":true}]}}