{"id":419880,"date":"2023-08-30T12:41:06","date_gmt":"2023-08-30T10:41:06","guid":{"rendered":"https:\/\/lucacastelli.com\/prodotto\/one-key-akku-saebelsaege-m18onefsz-0x\/"},"modified":"2025-10-01T12:03:57","modified_gmt":"2025-10-01T10:03:57","slug":"one-key-akku-saebelsaege-m18onefsz-0x","status":"publish","type":"product","link":"https:\/\/lucacastelli.com\/de\/produkt\/one-key-akku-saebelsaege-m18onefsz-0x\/","title":{"rendered":"ONE KEY \u2122 Akku-S\u00e4bels\u00e4ge M18ONEFSZ-0X"},"content":{"rendered":"<p>Funktionen:<\/p>\n<p>Verbindet sich \u00fcber Bluetooth\u00ae mit der ONE-KEY\u2122 App.<br \/>\nVollst\u00e4ndige Anpassung der Werkzeugeinstellungen \u00fcber die ONE-KEY-App\u2122, um das Werkzeug an Ihre Bed\u00fcrfnisse anzupassen.<br \/>\nDie ONE-KEY\u2122 App bietet zudem die M\u00f6glichkeit, Werkzeuge in einem einzigen Tool zu kombinieren, um eine vollst\u00e4ndige Bestandsverwaltung zu erm\u00f6glichen.<br \/>\nSteuerbarer Sanftanlauf f\u00fcr maximale Kontrolle und maximale Geschwindigkeit<br \/>\nL\u00e4ngere Lebensdauer des S\u00e4geblatts durch materialspezifische<br \/>\nOptimierung der Hubgeschwindigkeit Die Motorbremse stoppt das S\u00e4geblatt automatisch, wenn es das Material verl\u00e4sst, nachdem das Schneiden<br \/>\nabgeschlossen ist Speicherung von bis zu 3 einzelnen Profilen im internen Speicher des Ger\u00e4ts f\u00fcr schnelle Wechsel bei gleichzeitigem Arbeiten<br \/>\n100% kompatibel mit der Produktreihe MILWAUKEE-M18\u00ae\u2122.<\/p>\n<p>Technische Daten:<\/p>\n<p>Lithium-Ionen-Akku<br \/>\nAkkukapazit\u00e4t (Ah) &#8211;<br \/>\nGewicht mit Akku (kg) &#8211;<br \/>\nHubl\u00e4nge (mm) 32<br \/>\nHubgeschwindigkeit im Leerlauf (min-\u00b9) 0-3000<br \/>\nMax. Schnitttiefe Schnitttiefe in Aluminium (mm) 25<br \/>\nMax. Schnitttiefe in Nichteisenmetall (mm) 25<br \/>\nMax. Schnitttiefe in Metallrohren (mm) 150<br \/>\nMax. Schnitttiefe in Stahl (mm) 20<br \/>\nMax. Schnitttiefe in Weichholz (mm) 300<br \/>\nSpannung (V) 18     <\/p>\n<p>Lieferumfang:<\/p>\n<p>ohne Akku, ohne Ladeger\u00e4t<br \/>\nHD Box<\/p>\n","protected":false},"excerpt":{"rendered":"<p>Funktionen: Verbindet sich \u00fcber Bluetooth\u00ae mit der ONE-KEY\u2122 App. Vollst\u00e4ndige Anpassung der Werkzeugeinstellungen \u00fcber die ONE-KEY-App\u2122, um das Werkzeug an<\/p>\n","protected":false},"featured_media":57258,"template":"","meta":{"_seopress_robots_primary_cat":"","_seopress_titles_title":"","_seopress_titles_desc":"","_seopress_robots_index":""},"product_brand":[3656],"product_cat":[1454,169],"product_tag":[],"class_list":{"0":"post-419880","1":"product","2":"type-product","3":"status-publish","4":"has-post-thumbnail","6":"product_brand-milwaukee-de","7":"product_cat-andere-gerate","8":"product_cat-maschinen","9":"sws-gruppo-macchinari-de","10":"sws-conto-ricavi-merci-rivendita-macchinari-de","11":"sws-gruppo-iva-iva81-de","13":"first","14":"instock","15":"shipping-taxable","16":"purchasable","17":"product-type-simple"},"_links":{"self":[{"href":"https:\/\/lucacastelli.com\/de\/wp-json\/wp\/v2\/product\/419880","targetHints":{"allow":["GET"]}}],"collection":[{"href":"https:\/\/lucacastelli.com\/de\/wp-json\/wp\/v2\/product"}],"about":[{"href":"https:\/\/lucacastelli.com\/de\/wp-json\/wp\/v2\/types\/product"}],"wp:featuredmedia":[{"embeddable":true,"href":"https:\/\/lucacastelli.com\/de\/wp-json\/wp\/v2\/media\/57258"}],"wp:attachment":[{"href":"https:\/\/lucacastelli.com\/de\/wp-json\/wp\/v2\/media?parent=419880"}],"wp:term":[{"taxonomy":"product_brand","embeddable":true,"href":"https:\/\/lucacastelli.com\/de\/wp-json\/wp\/v2\/product_brand?post=419880"},{"taxonomy":"product_cat","embeddable":true,"href":"https:\/\/lucacastelli.com\/de\/wp-json\/wp\/v2\/product_cat?post=419880"},{"taxonomy":"product_tag","embeddable":true,"href":"https:\/\/lucacastelli.com\/de\/wp-json\/wp\/v2\/product_tag?post=419880"}],"curies":[{"name":"wp","href":"https:\/\/api.w.org\/{rel}","templated":true}]}}