{"id":419877,"date":"2023-09-21T13:22:03","date_gmt":"2023-09-21T11:22:03","guid":{"rendered":"https:\/\/lucacastelli.com\/prodotto\/snr-33-db-fuer-bolt-helm-bolt-kapselgehoerschutz\/"},"modified":"2025-06-29T08:13:15","modified_gmt":"2025-06-29T06:13:15","slug":"snr-33-db-fuer-bolt-helm-bolt-kapselgehoerschutz","status":"publish","type":"product","link":"https:\/\/lucacastelli.com\/de\/produkt\/snr-33-db-fuer-bolt-helm-bolt-kapselgehoerschutz\/","title":{"rendered":"SNR 33 dB f\u00fcr BOLT Helm BOLT Kapselgeh\u00f6rschutz"},"content":{"rendered":"<p>BOLT-System\u2122 &#8211; gew\u00e4hrleistet die Kompatibilit\u00e4t zwischen den Zubeh\u00f6rteilen mit einem einfachen und intuitiven Befestigungssystem.<br \/>\nBOLT\u2122 LP-Kopfh\u00f6rer bieten eine effiziente Ger\u00e4uschd\u00e4mpfung am Arbeitsplatz SNR = 30 dB.<br \/>\nDas HP BOLT\u2122 Headset bietet eine effiziente Ger\u00e4uschd\u00e4mpfung am Arbeitsplatz SNR = 33 dB.<br \/>\nVertikale Verstellung und 360-Grad-Drehung der Kapsel f\u00fcr maximalen Komfort und D\u00e4mpfung.<br \/>\nExtra komfortable Schaumstoffpolsterung des Geh\u00f6rschutzes f\u00fcr maximalen Komfort und Schutz.<br \/>\nKompatibel mit Milwaukee BOLT\u2122 100 und BOLT\u2122 200 Helmen in den hinteren und mittleren Zubeh\u00f6rschlitzen.<br \/>\nGeh\u00f6rschutz auf europ\u00e4ischer Ebene zertifiziert: EN 352-3<\/p>\n","protected":false},"excerpt":{"rendered":"<p>BOLT-System\u2122 &#8211; gew\u00e4hrleistet die Kompatibilit\u00e4t zwischen den Zubeh\u00f6rteilen mit einem einfachen und intuitiven Befestigungssystem. BOLT\u2122 LP-Kopfh\u00f6rer bieten eine effiziente Ger\u00e4uschd\u00e4mpfung<\/p>\n","protected":false},"featured_media":94609,"template":"","meta":{"_seopress_robots_primary_cat":"","_seopress_titles_title":"","_seopress_titles_desc":"","_seopress_robots_index":""},"product_brand":[3656],"product_cat":[150,1396,1404,1411],"product_tag":[],"class_list":{"0":"post-419877","1":"product","2":"type-product","3":"status-publish","4":"has-post-thumbnail","6":"product_brand-milwaukee-de","7":"product_cat-ausrustung","8":"product_cat-arbeitsausrustung","9":"product_cat-helme","10":"product_cat-visiere-und-schutzbrillen","12":"first","13":"instock","14":"shipping-taxable","15":"purchasable","16":"product-type-simple"},"_links":{"self":[{"href":"https:\/\/lucacastelli.com\/de\/wp-json\/wp\/v2\/product\/419877","targetHints":{"allow":["GET"]}}],"collection":[{"href":"https:\/\/lucacastelli.com\/de\/wp-json\/wp\/v2\/product"}],"about":[{"href":"https:\/\/lucacastelli.com\/de\/wp-json\/wp\/v2\/types\/product"}],"wp:featuredmedia":[{"embeddable":true,"href":"https:\/\/lucacastelli.com\/de\/wp-json\/wp\/v2\/media\/94609"}],"wp:attachment":[{"href":"https:\/\/lucacastelli.com\/de\/wp-json\/wp\/v2\/media?parent=419877"}],"wp:term":[{"taxonomy":"product_brand","embeddable":true,"href":"https:\/\/lucacastelli.com\/de\/wp-json\/wp\/v2\/product_brand?post=419877"},{"taxonomy":"product_cat","embeddable":true,"href":"https:\/\/lucacastelli.com\/de\/wp-json\/wp\/v2\/product_cat?post=419877"},{"taxonomy":"product_tag","embeddable":true,"href":"https:\/\/lucacastelli.com\/de\/wp-json\/wp\/v2\/product_tag?post=419877"}],"curies":[{"name":"wp","href":"https:\/\/api.w.org\/{rel}","templated":true}]}}