{"id":419875,"date":"2023-08-30T11:56:48","date_gmt":"2023-08-30T09:56:48","guid":{"rendered":"https:\/\/lucacastelli.com\/prodotto\/12v-anlasserset-m12nrg-302\/"},"modified":"2025-06-29T08:12:45","modified_gmt":"2025-06-29T06:12:45","slug":"12v-anlasserset-m12nrg-302","status":"publish","type":"product","link":"https:\/\/lucacastelli.com\/de\/produkt\/12v-anlasserset-m12nrg-302\/","title":{"rendered":"12V Anlasserset M12NRG-302"},"content":{"rendered":"<p>Technische Daten:<\/p>\n<p>Lithium-Ionen-Akku<br \/>\nAkkukapazit\u00e4t (Ah) 3,0<br \/>\nAnzahl der mitgelieferten Akkus 2<br \/>\nLieferumfang &#8211;<br \/>\n Ladeger\u00e4t (Ladezeit) 70 min<br \/>\nLadeger\u00e4t (Spezial) C12 C<br \/>\nSpannung (V) 12<br \/>\nM12<\/p>\n<p>System Lieferumfang:<\/p>\n<p>1 x Milwaukee C12 C<br \/>\nLadeger\u00e4t 2 x Milwaukee M12 B3 12V \/ 3Ah Akku<\/p>\n","protected":false},"excerpt":{"rendered":"<p>Technische Daten: Lithium-Ionen-Akku Akkukapazit\u00e4t (Ah) 3,0 Anzahl der mitgelieferten Akkus 2 Lieferumfang &#8211; Ladeger\u00e4t (Ladezeit) 70 min Ladeger\u00e4t (Spezial) C12<\/p>\n","protected":false},"featured_media":57253,"template":"","meta":{"_seopress_robots_primary_cat":"","_seopress_titles_title":"","_seopress_titles_desc":"","_seopress_robots_index":""},"product_brand":[3656],"product_cat":[1454,1553,169,1554],"product_tag":[],"class_list":{"0":"post-419875","1":"product","2":"type-product","3":"status-publish","4":"has-post-thumbnail","6":"product_brand-milwaukee-de","7":"product_cat-andere-gerate","8":"product_cat-bohrer-und-schraubendreher","9":"product_cat-maschinen","10":"product_cat-zubehor-fur-bohrmaschinen-und-schraubendreher","12":"first","13":"instock","14":"shipping-taxable","15":"purchasable","16":"product-type-simple"},"_links":{"self":[{"href":"https:\/\/lucacastelli.com\/de\/wp-json\/wp\/v2\/product\/419875","targetHints":{"allow":["GET"]}}],"collection":[{"href":"https:\/\/lucacastelli.com\/de\/wp-json\/wp\/v2\/product"}],"about":[{"href":"https:\/\/lucacastelli.com\/de\/wp-json\/wp\/v2\/types\/product"}],"wp:featuredmedia":[{"embeddable":true,"href":"https:\/\/lucacastelli.com\/de\/wp-json\/wp\/v2\/media\/57253"}],"wp:attachment":[{"href":"https:\/\/lucacastelli.com\/de\/wp-json\/wp\/v2\/media?parent=419875"}],"wp:term":[{"taxonomy":"product_brand","embeddable":true,"href":"https:\/\/lucacastelli.com\/de\/wp-json\/wp\/v2\/product_brand?post=419875"},{"taxonomy":"product_cat","embeddable":true,"href":"https:\/\/lucacastelli.com\/de\/wp-json\/wp\/v2\/product_cat?post=419875"},{"taxonomy":"product_tag","embeddable":true,"href":"https:\/\/lucacastelli.com\/de\/wp-json\/wp\/v2\/product_tag?post=419875"}],"curies":[{"name":"wp","href":"https:\/\/api.w.org\/{rel}","templated":true}]}}