{"id":419577,"date":"2022-06-10T04:49:48","date_gmt":"2022-06-10T02:49:48","guid":{"rendered":"https:\/\/lucacastelli.com\/prodotto\/pfanner-stretchflex-canfull-maximus\/"},"modified":"2025-07-27T08:22:01","modified_gmt":"2025-07-27T06:22:01","slug":"pfanner-stretchflex-canfull-maximus","status":"publish","type":"product","link":"https:\/\/lucacastelli.com\/de\/produkt\/pfanner-stretchflex-canfull-maximus\/","title":{"rendered":"PFANNER StretchFlex Canfull Maximus"},"content":{"rendered":"<p>Die StretchZone\u00ae Canvas ist die perfekte R\u00fcstung f\u00fcr Ihre t\u00e4gliche Arbeit. Die Kevlar-verst\u00e4rkte Kniepartie ist extrem robust. F\u00fcr l\u00e4ngere kniende T\u00e4tigkeiten kann hier eine zus\u00e4tzliche Knieorthese eingesetzt werden. Der elastische Zwickel im Schrittbereich und die mehrfachen Interlocks in der Ges\u00e4\u00dfnaht verhindern, dass die N\u00e4hte zu stark rei\u00dfen und dehnen. Die StretchZone-Technologie\u00ae sorgt f\u00fcr optimalen Halt und beste Bel\u00fcftung bei allen Aktivit\u00e4ten. Die bewusste Anordnung der Taschen f\u00fcr den Alltag, darunter eine spezielle 3-F\u00e4cher-Tasche f\u00fcr das Lineal, bietet Platz f\u00fcr alle Utensilien.     <\/p>\n<p>&#8211; StretchFlex-Technologie<br \/>\n&#8211; 3CON Reflex<br \/>\n&#8211; Doppelter Taillenverschluss<br \/>\n&#8211; Funktionstasche<br \/>\n&#8211; Seiteninnentaschen<br \/>\n&#8211; Reflektierende<br \/>\n Paspeln- Elastischer Bund<\/p>\n","protected":false},"excerpt":{"rendered":"<p>Die StretchZone\u00ae Canvas ist die perfekte R\u00fcstung f\u00fcr Ihre t\u00e4gliche Arbeit. Die Kevlar-verst\u00e4rkte Kniepartie ist extrem robust. F\u00fcr l\u00e4ngere kniende<\/p>\n","protected":false},"featured_media":63951,"template":"","meta":{"_seopress_robots_primary_cat":"","_seopress_titles_title":"","_seopress_titles_desc":"","_seopress_robots_index":""},"product_brand":[3670],"product_cat":[974,1385,82],"product_tag":[],"class_list":{"0":"post-419577","1":"product","2":"type-product","3":"status-publish","4":"has-post-thumbnail","6":"product_brand-pfanner-de","7":"product_cat-freizeitkleidung","8":"product_cat-kinderbekleidung","9":"product_cat-kleidung","10":"sws-gruppo-no-gruppo-de","11":"sws-categoria-sito-de","12":"sws-sottocategoria-altro-de","13":"sws-conto-ricavi-merci-rivendita-abbigliamento-de","14":"sws-gruppo-iva-iva81-de","16":"first","17":"instock","18":"shipping-taxable","19":"purchasable","20":"product-type-variable"},"_links":{"self":[{"href":"https:\/\/lucacastelli.com\/de\/wp-json\/wp\/v2\/product\/419577","targetHints":{"allow":["GET"]}}],"collection":[{"href":"https:\/\/lucacastelli.com\/de\/wp-json\/wp\/v2\/product"}],"about":[{"href":"https:\/\/lucacastelli.com\/de\/wp-json\/wp\/v2\/types\/product"}],"wp:featuredmedia":[{"embeddable":true,"href":"https:\/\/lucacastelli.com\/de\/wp-json\/wp\/v2\/media\/63951"}],"wp:attachment":[{"href":"https:\/\/lucacastelli.com\/de\/wp-json\/wp\/v2\/media?parent=419577"}],"wp:term":[{"taxonomy":"product_brand","embeddable":true,"href":"https:\/\/lucacastelli.com\/de\/wp-json\/wp\/v2\/product_brand?post=419577"},{"taxonomy":"product_cat","embeddable":true,"href":"https:\/\/lucacastelli.com\/de\/wp-json\/wp\/v2\/product_cat?post=419577"},{"taxonomy":"product_tag","embeddable":true,"href":"https:\/\/lucacastelli.com\/de\/wp-json\/wp\/v2\/product_tag?post=419577"}],"curies":[{"name":"wp","href":"https:\/\/api.w.org\/{rel}","templated":true}]}}