{"id":419493,"date":"2022-06-09T21:38:23","date_gmt":"2022-06-09T19:38:23","guid":{"rendered":"https:\/\/lucacastelli.com\/prodotto\/pfanner-stretchflex-feingriff\/"},"modified":"2026-03-24T11:32:22","modified_gmt":"2026-03-24T10:32:22","slug":"pfanner-stretchflex-feingriff","status":"publish","type":"product","link":"https:\/\/lucacastelli.com\/de\/produkt\/pfanner-stretchflex-feingriff\/","title":{"rendered":"PFANNER StretchFlex Feingriff"},"content":{"rendered":"<p>Der StretchFlex\u00ae Fine Grip bietet eine hohe Best\u00e4ndigkeit gegen \u00d6le auf den Handfl\u00e4chen und die Nitrilbeschichtung sorgt f\u00fcr eine rutschfeste Handhabung. Die StretchFlex-Technologie\u00ae macht das Material auf dem Handr\u00fccken hochflexibel und extrem atmungsaktiv. Ein fein gestricktes B\u00fcndchen, das bequem schlie\u00dft, verhindert das Eindringen von Fremdk\u00f6rpern.  <\/p>\n<p>&#8211; StretchFlex-Technologie<br \/>\n&#8211; \u00d6ldurchl\u00e4ssige<br \/>\n Nitril-Handfl\u00e4che- Atmungsaktiv und schwei\u00dfabsorbierend<br \/>\n&#8211; Rutschfreie Handhabung<\/p>\n<p>Obermaterial: Nylon\/Nitrilschaum<\/p>\n","protected":false},"excerpt":{"rendered":"<p>Der StretchFlex\u00ae Fine Grip bietet eine hohe Best\u00e4ndigkeit gegen \u00d6le auf den Handfl\u00e4chen und die Nitrilbeschichtung sorgt f\u00fcr eine rutschfeste<\/p>\n","protected":false},"featured_media":38793,"template":"","meta":{"_seopress_robots_primary_cat":"none","_seopress_titles_title":"","_seopress_titles_desc":"","_seopress_robots_index":""},"product_brand":[3670],"product_cat":[1382,82],"product_tag":[],"class_list":{"0":"post-419493","1":"product","2":"type-product","3":"status-publish","4":"has-post-thumbnail","6":"product_brand-pfanner-de","7":"product_cat-arbeitskleidung","8":"product_cat-kleidung","9":"sws-gruppo-no-gruppo","10":"sws-categoria-sito","11":"sws-sottocategoria-altro","12":"sws-conto-ricavi-merci-rivendita-abbigliamento","13":"sws-gruppo-iva-iva81","15":"first","16":"instock","17":"shipping-taxable","18":"purchasable","19":"product-type-variable"},"_links":{"self":[{"href":"https:\/\/lucacastelli.com\/de\/wp-json\/wp\/v2\/product\/419493","targetHints":{"allow":["GET"]}}],"collection":[{"href":"https:\/\/lucacastelli.com\/de\/wp-json\/wp\/v2\/product"}],"about":[{"href":"https:\/\/lucacastelli.com\/de\/wp-json\/wp\/v2\/types\/product"}],"wp:featuredmedia":[{"embeddable":true,"href":"https:\/\/lucacastelli.com\/de\/wp-json\/wp\/v2\/media\/38793"}],"wp:attachment":[{"href":"https:\/\/lucacastelli.com\/de\/wp-json\/wp\/v2\/media?parent=419493"}],"wp:term":[{"taxonomy":"product_brand","embeddable":true,"href":"https:\/\/lucacastelli.com\/de\/wp-json\/wp\/v2\/product_brand?post=419493"},{"taxonomy":"product_cat","embeddable":true,"href":"https:\/\/lucacastelli.com\/de\/wp-json\/wp\/v2\/product_cat?post=419493"},{"taxonomy":"product_tag","embeddable":true,"href":"https:\/\/lucacastelli.com\/de\/wp-json\/wp\/v2\/product_tag?post=419493"}],"curies":[{"name":"wp","href":"https:\/\/api.w.org\/{rel}","templated":true}]}}