{"id":419406,"date":"2022-06-09T22:00:36","date_gmt":"2022-06-09T20:00:36","guid":{"rendered":"https:\/\/lucacastelli.com\/prodotto\/pfanner-tencel-poly-hemd-mit-reissverschluss\/"},"modified":"2026-03-16T11:59:36","modified_gmt":"2026-03-16T10:59:36","slug":"pfanner-tencel-poly-hemd-mit-reissverschluss","status":"publish","type":"product","link":"https:\/\/lucacastelli.com\/de\/produkt\/pfanner-tencel-poly-hemd-mit-reissverschluss\/","title":{"rendered":"PFANNER Tencel-Poly Hemd mit Rei\u00dfverschluss"},"content":{"rendered":"<p>Die geringe Feuchtigkeitsaufnahme sorgt daf\u00fcr, dass Sie sich jederzeit trocken auf der Haut f\u00fchlen.<\/p>\n<p>&#8211; EN 20471 \/ Klasse 2<br \/>\n &#8211; Geruchlos<br \/>\n &#8211; Verhindert Hautreizungen (Tencel)<br \/>\n &#8211; Hoher UV-Schutz <\/p>\n<p>Material: 56 % Tencel, 44 % Polyester<\/p>\n","protected":false},"excerpt":{"rendered":"<p>Die geringe Feuchtigkeitsaufnahme sorgt daf\u00fcr, dass Sie sich jederzeit trocken auf der Haut f\u00fchlen. &#8211; EN 20471 \/ Klasse 2<\/p>\n","protected":false},"featured_media":38965,"template":"","meta":{"_seopress_robots_primary_cat":"","_seopress_titles_title":"","_seopress_titles_desc":"","_seopress_robots_index":""},"product_brand":[3670],"product_cat":[1382,82],"product_tag":[],"class_list":{"0":"post-419406","1":"product","2":"type-product","3":"status-publish","4":"has-post-thumbnail","6":"product_brand-pfanner-de","7":"product_cat-arbeitskleidung","8":"product_cat-kleidung","9":"sws-gruppo-abb-libero-de","10":"sws-gruppo-no-gruppo","11":"sws-categoria-altro","12":"sws-sottocategoria-altro","13":"sws-conto-ricavi-merci-rivendita-abbigliamento","14":"sws-gruppo-iva-iva81","16":"first","17":"instock","18":"shipping-taxable","19":"purchasable","20":"product-type-variable"},"_links":{"self":[{"href":"https:\/\/lucacastelli.com\/de\/wp-json\/wp\/v2\/product\/419406","targetHints":{"allow":["GET"]}}],"collection":[{"href":"https:\/\/lucacastelli.com\/de\/wp-json\/wp\/v2\/product"}],"about":[{"href":"https:\/\/lucacastelli.com\/de\/wp-json\/wp\/v2\/types\/product"}],"wp:featuredmedia":[{"embeddable":true,"href":"https:\/\/lucacastelli.com\/de\/wp-json\/wp\/v2\/media\/38965"}],"wp:attachment":[{"href":"https:\/\/lucacastelli.com\/de\/wp-json\/wp\/v2\/media?parent=419406"}],"wp:term":[{"taxonomy":"product_brand","embeddable":true,"href":"https:\/\/lucacastelli.com\/de\/wp-json\/wp\/v2\/product_brand?post=419406"},{"taxonomy":"product_cat","embeddable":true,"href":"https:\/\/lucacastelli.com\/de\/wp-json\/wp\/v2\/product_cat?post=419406"},{"taxonomy":"product_tag","embeddable":true,"href":"https:\/\/lucacastelli.com\/de\/wp-json\/wp\/v2\/product_tag?post=419406"}],"curies":[{"name":"wp","href":"https:\/\/api.w.org\/{rel}","templated":true}]}}