{"id":419257,"date":"2024-03-30T11:26:28","date_gmt":"2024-03-30T10:26:28","guid":{"rendered":"https:\/\/lucacastelli.com\/prodotto\/deuter-ac-lite-28-sl-lagoon-atlantic\/"},"modified":"2026-04-17T23:40:32","modified_gmt":"2026-04-17T21:40:32","slug":"deuter-ac-lite-28-sl-lagoon-atlantic","status":"publish","type":"product","link":"https:\/\/lucacastelli.com\/de\/produkt\/deuter-ac-lite-28-sl-lagoon-atlantic\/","title":{"rendered":"DEUTER AC Lite 28 SL &#8211; lagoon-atlantic"},"content":{"rendered":"<p>BESCHREIBUNG<\/p>\n<p>Dieser komfortable Rucksack ist mit dem ultraleichten deuter Aircomfort-R\u00fcckensystem mit maximaler Bel\u00fcftung ausgestattet und bietet ein hervorragendes Komfort-Gewichts-Verh\u00e4ltnis. Er verf\u00fcgt \u00fcber ein ger\u00e4umiges Hauptfach und eine spezielle Handytasche, elastische Seitentaschen, Deckelf\u00e4cher sowie Schlaufen zur Befestigung von St\u00f6cken mit Riemen und diverser Ausr\u00fcstung an der Aussenseite. Zudem besitzt er eine Helmnetz-Halterung, ist f\u00fcr ein Trinksystem (bis zu 3 l) vorbereitet und verf\u00fcgt \u00fcber eine abnehmbare Regenh\u00fclle.  <\/p>\n<p>FEATURES<\/p>\n<p>Aircomfort System<br \/>\nLeicht<br \/>\nRundprofilrahmen aus dauerelastischem Federstahl<br \/>\nVerstellbarer Brustgurt<br \/>\nTrinksystemfach<br \/>\nKompatibel mit 3-Liter-Trinksystem\/-blase<br \/>\nStockhalterung<br \/>\nBefestigungsschlaufen<br \/>\nBrillenhalterung am Schultergurt<br \/>\nRegenh\u00fclle<br \/>\nSOS-Etikett<br \/>\nDeckelaussenfach<br \/>\nDeckelinnenfach<br \/>\nSeitliche Smartphonetasche<br \/>\nToploader mit Kordelzug und Deckel<br \/>\nNachr\u00fcstbares Helmnetz<br \/>\nSchl\u00fcsselclip<br \/>\nergonomische, gepolsterte H\u00fcftflossen<br \/>\nNetzseitentaschen<br \/>\nPFAS-frei<br \/>\nRecyceltes Material<br \/>\nClimatePartner-zertifiziertes Produkt<br \/>\nbluesign\u00ae Product<br \/>\n\u201eGr\u00fcner Knopf\u201c-zertifiziertes Produkt<\/p>\n","protected":false},"excerpt":{"rendered":"<p>BESCHREIBUNG Dieser komfortable Rucksack ist mit dem ultraleichten deuter Aircomfort-R\u00fcckensystem mit maximaler Bel\u00fcftung ausgestattet und bietet ein hervorragendes Komfort-Gewichts-Verh\u00e4ltnis. Er<\/p>\n","protected":false},"featured_media":94938,"template":"","meta":{"_seopress_robots_primary_cat":"none","_seopress_titles_title":"","_seopress_titles_desc":"","_seopress_robots_index":""},"product_brand":[3617],"product_cat":[150,1409,1703],"product_tag":[],"class_list":{"0":"post-419257","1":"product","2":"type-product","3":"status-publish","4":"has-post-thumbnail","6":"product_brand-deuter-de","7":"product_cat-ausrustung","8":"product_cat-freizeitausrustung","9":"product_cat-sonstiges","10":"sws-gruppo-no-gruppo-de","11":"sws-categoria-sito-de","12":"sws-conto-ricavi-merci-rivendita-abbigliamento-de","13":"sws-gruppo-iva-iva81-de","15":"first","16":"instock","17":"shipping-taxable","18":"purchasable","19":"product-type-simple"},"_links":{"self":[{"href":"https:\/\/lucacastelli.com\/de\/wp-json\/wp\/v2\/product\/419257","targetHints":{"allow":["GET"]}}],"collection":[{"href":"https:\/\/lucacastelli.com\/de\/wp-json\/wp\/v2\/product"}],"about":[{"href":"https:\/\/lucacastelli.com\/de\/wp-json\/wp\/v2\/types\/product"}],"wp:featuredmedia":[{"embeddable":true,"href":"https:\/\/lucacastelli.com\/de\/wp-json\/wp\/v2\/media\/94938"}],"wp:attachment":[{"href":"https:\/\/lucacastelli.com\/de\/wp-json\/wp\/v2\/media?parent=419257"}],"wp:term":[{"taxonomy":"product_brand","embeddable":true,"href":"https:\/\/lucacastelli.com\/de\/wp-json\/wp\/v2\/product_brand?post=419257"},{"taxonomy":"product_cat","embeddable":true,"href":"https:\/\/lucacastelli.com\/de\/wp-json\/wp\/v2\/product_cat?post=419257"},{"taxonomy":"product_tag","embeddable":true,"href":"https:\/\/lucacastelli.com\/de\/wp-json\/wp\/v2\/product_tag?post=419257"}],"curies":[{"name":"wp","href":"https:\/\/api.w.org\/{rel}","templated":true}]}}