{"id":419195,"date":"2024-03-30T11:37:25","date_gmt":"2024-03-30T10:37:25","guid":{"rendered":"https:\/\/lucacastelli.com\/prodotto\/deuter-overnite-deepsea-ink\/"},"modified":"2026-03-01T00:11:07","modified_gmt":"2026-02-28T23:11:07","slug":"deuter-overnite-deepsea-ink","status":"publish","type":"product","link":"https:\/\/lucacastelli.com\/de\/produkt\/deuter-overnite-deepsea-ink\/","title":{"rendered":"DEUTER Overnite &#8211; deepsea-ink"},"content":{"rendered":"<p>BESCHREIBUNG<\/p>\n<p>Ob als Decke oder als Schlafsack, der Overnite mit seinem 2-Wege-Rei\u00dfverschluss mit Einklemmschutz und dem robusten Au\u00dfenmaterial kann auf unterschiedliche Weise eingesetzt werden. Das weiche Kopfteil mit Polstereinlage und die 360\u00b0-Verteilung der Polster sorgen f\u00fcr angenehmen Schlafkomfort und ein ausgeglichenes W\u00e4rmeklima. Das nahtlose Au\u00dfenschalenmaterial sorgt f\u00fcr eine gute Temperaturbest\u00e4ndigkeit und sch\u00fctzt vor eindringender Feuchtigkeit. Das Au\u00dfen- und Innenmaterial haben eine angenehme Haptik und bestehen zu 100% aus recycelten Stoffen. Dank des Gymbag Schlafsacks ist der Schlafsack schnell verstaut und praktisch zu transportieren.    <\/p>\n<p>F\u00fcr alle urbanen Abenteuer, bei denen der Nachwuchs einen bequemen und gem\u00fctlichen Schlafsack gut gebrauchen kann.<\/p>\n<p>FUNKTIONEN<\/p>\n<p>Gro\u00dfes Kopfteil mit Polstereinlage f\u00fcr alle g\u00e4ngigen Kissengr\u00f6\u00dfen bis 80 x 40 cm<br \/>\nNahtloses, \u00e4u\u00dferes Schalenmaterial sorgt f\u00fcr h\u00f6here Temperaturleistung und sch\u00fctzt vor eindringender Feuchtigkeit<br \/>\n1-lagiger<br \/>\nAufbau Einklemm-Rei\u00dfverschlussband<br \/>\nKuschelig-weiches Innenfutter aus Baumwollmischgewebe<br \/>\nRundum-W\u00e4rmeisolierung<br \/>\nDurch den durchgehenden<br \/>\n Rei\u00dfverschluss auch als Decke nutzbarGymbag als Packsack<br \/>\nK\u00f6rpergr\u00f6\u00dfe bis ca. 170 cm<br \/>\n2-Wege-Rei\u00dfverschluss<br \/>\nMumien-Komfortschnitt<br \/>\nClimatePartner zertifiziertes Produkt<\/p>\n","protected":false},"excerpt":{"rendered":"<p>BESCHREIBUNG Ob als Decke oder als Schlafsack, der Overnite mit seinem 2-Wege-Rei\u00dfverschluss mit Einklemmschutz und dem robusten Au\u00dfenmaterial kann auf<\/p>\n","protected":false},"featured_media":94943,"template":"","meta":{"_seopress_robots_primary_cat":"","_seopress_titles_title":"","_seopress_titles_desc":"","_seopress_robots_index":""},"product_brand":[3415],"product_cat":[33,211,212],"product_tag":[],"class_list":{"0":"post-419195","1":"product","2":"type-product","3":"status-publish","4":"has-post-thumbnail","6":"product_brand-deuter","7":"product_cat-attrezzature","8":"product_cat-attrezzatura-per-il-tempo-libero","9":"product_cat-altro","10":"sws-gruppo-no-gruppo","11":"sws-categoria-sito","12":"sws-conto-ricavi-merci-rivendita-abbigliamento","13":"sws-gruppo-iva-iva81","15":"first","16":"instock","17":"shipping-taxable","18":"purchasable","19":"product-type-simple"},"_links":{"self":[{"href":"https:\/\/lucacastelli.com\/de\/wp-json\/wp\/v2\/product\/419195","targetHints":{"allow":["GET"]}}],"collection":[{"href":"https:\/\/lucacastelli.com\/de\/wp-json\/wp\/v2\/product"}],"about":[{"href":"https:\/\/lucacastelli.com\/de\/wp-json\/wp\/v2\/types\/product"}],"wp:featuredmedia":[{"embeddable":true,"href":"https:\/\/lucacastelli.com\/de\/wp-json\/wp\/v2\/media\/94943"}],"wp:attachment":[{"href":"https:\/\/lucacastelli.com\/de\/wp-json\/wp\/v2\/media?parent=419195"}],"wp:term":[{"taxonomy":"product_brand","embeddable":true,"href":"https:\/\/lucacastelli.com\/de\/wp-json\/wp\/v2\/product_brand?post=419195"},{"taxonomy":"product_cat","embeddable":true,"href":"https:\/\/lucacastelli.com\/de\/wp-json\/wp\/v2\/product_cat?post=419195"},{"taxonomy":"product_tag","embeddable":true,"href":"https:\/\/lucacastelli.com\/de\/wp-json\/wp\/v2\/product_tag?post=419195"}],"curies":[{"name":"wp","href":"https:\/\/api.w.org\/{rel}","templated":true}]}}