{"id":419148,"date":"2022-07-08T11:09:10","date_gmt":"2022-07-08T09:09:10","guid":{"rendered":"https:\/\/lucacastelli.com\/prodotto\/deuter-speed-lite-23-sl\/"},"modified":"2025-07-29T09:16:15","modified_gmt":"2025-07-29T07:16:15","slug":"deuter-speed-lite-23-sl","status":"publish","type":"product","link":"https:\/\/lucacastelli.com\/de\/produkt\/deuter-speed-lite-23-sl\/","title":{"rendered":"DEUTER Speed Lite 23 SL"},"content":{"rendered":"<p>Gewicht 680 g<br \/>\nVolumen 23 Liter<br \/>\nGr\u00f6\u00dfe 52 \/ 27 \/ 18<br \/>\nR\u00fcckengr\u00f6\u00dfe 38 &#8211; 48 cm<\/p>\n","protected":false},"excerpt":{"rendered":"<p>Gewicht 680 g Volumen 23 Liter Gr\u00f6\u00dfe 52 \/ 27 \/ 18 R\u00fcckengr\u00f6\u00dfe 38 &#8211; 48 cm<\/p>\n","protected":false},"featured_media":75100,"template":"","meta":{"_seopress_robots_primary_cat":"","_seopress_titles_title":"","_seopress_titles_desc":"","_seopress_robots_index":""},"product_brand":[3617],"product_cat":[150,1409,1703],"product_tag":[],"class_list":{"0":"post-419148","1":"product","2":"type-product","3":"status-publish","4":"has-post-thumbnail","6":"product_brand-deuter-de","7":"product_cat-ausrustung","8":"product_cat-freizeitausrustung","9":"product_cat-sonstiges","10":"sws-gruppo-abb-libero","11":"sws-categoria-sito","12":"sws-conto-ricavi-merci-rivendita-abbigliamento","13":"sws-gruppo-iva-iva81","15":"first","16":"instock","17":"shipping-taxable","18":"purchasable","19":"product-type-variable"},"_links":{"self":[{"href":"https:\/\/lucacastelli.com\/de\/wp-json\/wp\/v2\/product\/419148","targetHints":{"allow":["GET"]}}],"collection":[{"href":"https:\/\/lucacastelli.com\/de\/wp-json\/wp\/v2\/product"}],"about":[{"href":"https:\/\/lucacastelli.com\/de\/wp-json\/wp\/v2\/types\/product"}],"wp:featuredmedia":[{"embeddable":true,"href":"https:\/\/lucacastelli.com\/de\/wp-json\/wp\/v2\/media\/75100"}],"wp:attachment":[{"href":"https:\/\/lucacastelli.com\/de\/wp-json\/wp\/v2\/media?parent=419148"}],"wp:term":[{"taxonomy":"product_brand","embeddable":true,"href":"https:\/\/lucacastelli.com\/de\/wp-json\/wp\/v2\/product_brand?post=419148"},{"taxonomy":"product_cat","embeddable":true,"href":"https:\/\/lucacastelli.com\/de\/wp-json\/wp\/v2\/product_cat?post=419148"},{"taxonomy":"product_tag","embeddable":true,"href":"https:\/\/lucacastelli.com\/de\/wp-json\/wp\/v2\/product_tag?post=419148"}],"curies":[{"name":"wp","href":"https:\/\/api.w.org\/{rel}","templated":true}]}}