{"id":419142,"date":"2022-06-15T00:40:45","date_gmt":"2022-06-14T22:40:45","guid":{"rendered":"https:\/\/lucacastelli.com\/prodotto\/deuter-speed-lite-25\/"},"modified":"2025-07-29T09:16:06","modified_gmt":"2025-07-29T07:16:06","slug":"deuter-speed-lite-25","status":"publish","type":"product","link":"https:\/\/lucacastelli.com\/de\/produkt\/deuter-speed-lite-25\/","title":{"rendered":"DEUTER Speed Lite 25"},"content":{"rendered":"<p>Gewicht 710 g<br \/>\nVolumen 25 Liter<br \/>\nGr\u00f6\u00dfe 55 \/ 29 \/ 19<br \/>\nR\u00fcckengr\u00f6\u00dfe 44-54 cm<\/p>\n","protected":false},"excerpt":{"rendered":"<p>Gewicht 710 g Volumen 25 Liter Gr\u00f6\u00dfe 55 \/ 29 \/ 19 R\u00fcckengr\u00f6\u00dfe 44-54 cm<\/p>\n","protected":false},"featured_media":69221,"template":"","meta":{"_seopress_robots_primary_cat":"","_seopress_titles_title":"","_seopress_titles_desc":"","_seopress_robots_index":""},"product_brand":[3617],"product_cat":[150,1409,1703],"product_tag":[],"class_list":{"0":"post-419142","1":"product","2":"type-product","3":"status-publish","4":"has-post-thumbnail","6":"product_brand-deuter-de","7":"product_cat-ausrustung","8":"product_cat-freizeitausrustung","9":"product_cat-sonstiges","10":"sws-gruppo-abb-libero-de","11":"sws-categoria-sito-de","12":"sws-conto-ricavi-merci-rivendita-abbigliamento-de","13":"sws-gruppo-iva-iva81-de","15":"first","16":"instock","17":"shipping-taxable","18":"purchasable","19":"product-type-variable"},"_links":{"self":[{"href":"https:\/\/lucacastelli.com\/de\/wp-json\/wp\/v2\/product\/419142","targetHints":{"allow":["GET"]}}],"collection":[{"href":"https:\/\/lucacastelli.com\/de\/wp-json\/wp\/v2\/product"}],"about":[{"href":"https:\/\/lucacastelli.com\/de\/wp-json\/wp\/v2\/types\/product"}],"wp:featuredmedia":[{"embeddable":true,"href":"https:\/\/lucacastelli.com\/de\/wp-json\/wp\/v2\/media\/69221"}],"wp:attachment":[{"href":"https:\/\/lucacastelli.com\/de\/wp-json\/wp\/v2\/media?parent=419142"}],"wp:term":[{"taxonomy":"product_brand","embeddable":true,"href":"https:\/\/lucacastelli.com\/de\/wp-json\/wp\/v2\/product_brand?post=419142"},{"taxonomy":"product_cat","embeddable":true,"href":"https:\/\/lucacastelli.com\/de\/wp-json\/wp\/v2\/product_cat?post=419142"},{"taxonomy":"product_tag","embeddable":true,"href":"https:\/\/lucacastelli.com\/de\/wp-json\/wp\/v2\/product_tag?post=419142"}],"curies":[{"name":"wp","href":"https:\/\/api.w.org\/{rel}","templated":true}]}}