{"id":419108,"date":"2024-03-30T13:16:27","date_gmt":"2024-03-30T12:16:27","guid":{"rendered":"https:\/\/lucacastelli.com\/prodotto\/meindl-power-walker-men-3-5-boa\/"},"modified":"2025-06-29T00:50:11","modified_gmt":"2025-06-28T22:50:11","slug":"meindl-power-walker-men-3-5-boa","status":"publish","type":"product","link":"https:\/\/lucacastelli.com\/de\/produkt\/meindl-power-walker-men-3-5-boa\/","title":{"rendered":"MEINDL POWER WALKER MEN 3.5 (BOA\u00ae)"},"content":{"rendered":"<p>Der Power Walker 3.5 \u00fcberzeugt sowohl als Alltagssportschuh als auch f\u00fcr sportliche Freizeitfahrten. Die Modelle zeichnen sich durch die bequeme Comfort-Passform\u00ae aus. Im Vergleich zu einem klassischen Leisten bietet der Comfort Fit\u00ae Leisten eine gr\u00f6\u00dfere Aufstandsfl\u00e4che im Vorfu\u00dfbereich und mehr Platz im Fu\u00dfballen. Die Gro\u00dfzehe wird dadurch aufgerichtet und kann sich frei bewegen. Das BOA-System\u00ae erleichtert das An- und Ausziehen. Die eigens entwickelte Meindl Comfort fit\u00ae Wellness Walking Soft-Step Sohle zeichnet sich durch ein starkes Abrollen und einen extrem weichen und sto\u00dfd\u00e4mpfenden EVA-Keil aus. Das Profil ist leicht profiliert und hat keinen ausgepr\u00e4gten Absatz, um eine hohe Stabilit\u00e4t beim Gehen zu gew\u00e4hrleisten. Dank GORE-TEX sind die Schuhe garantiert wasserdicht und atmungsaktiv.       <\/p>\n","protected":false},"excerpt":{"rendered":"<p>Der Power Walker 3.5 \u00fcberzeugt sowohl als Alltagssportschuh als auch f\u00fcr sportliche Freizeitfahrten. Die Modelle zeichnen sich durch die bequeme<\/p>\n","protected":false},"featured_media":101331,"template":"","meta":{"_seopress_robots_primary_cat":"","_seopress_titles_title":"","_seopress_titles_desc":"","_seopress_robots_index":""},"product_brand":[3655],"product_cat":[175,1419,1431],"product_tag":[],"class_list":{"0":"post-419108","1":"product","2":"type-product","3":"status-publish","4":"has-post-thumbnail","6":"product_brand-meindl-de","7":"product_cat-schuhe","8":"product_cat-freizeitschuhe","9":"product_cat-herrenschuhe","10":"sws-gruppo-no-gruppo","11":"sws-categoria-sito","12":"sws-gruppo-iva-iva81","14":"first","15":"instock","16":"shipping-taxable","17":"purchasable","18":"product-type-variable"},"_links":{"self":[{"href":"https:\/\/lucacastelli.com\/de\/wp-json\/wp\/v2\/product\/419108","targetHints":{"allow":["GET"]}}],"collection":[{"href":"https:\/\/lucacastelli.com\/de\/wp-json\/wp\/v2\/product"}],"about":[{"href":"https:\/\/lucacastelli.com\/de\/wp-json\/wp\/v2\/types\/product"}],"wp:featuredmedia":[{"embeddable":true,"href":"https:\/\/lucacastelli.com\/de\/wp-json\/wp\/v2\/media\/101331"}],"wp:attachment":[{"href":"https:\/\/lucacastelli.com\/de\/wp-json\/wp\/v2\/media?parent=419108"}],"wp:term":[{"taxonomy":"product_brand","embeddable":true,"href":"https:\/\/lucacastelli.com\/de\/wp-json\/wp\/v2\/product_brand?post=419108"},{"taxonomy":"product_cat","embeddable":true,"href":"https:\/\/lucacastelli.com\/de\/wp-json\/wp\/v2\/product_cat?post=419108"},{"taxonomy":"product_tag","embeddable":true,"href":"https:\/\/lucacastelli.com\/de\/wp-json\/wp\/v2\/product_tag?post=419108"}],"curies":[{"name":"wp","href":"https:\/\/api.w.org\/{rel}","templated":true}]}}